{"id":1410787824,"date":"2026-01-31T10:22:41","date_gmt":"2026-01-31T13:22:41","guid":{"rendered":"https:\/\/dinhosreef.com\/produto\/pa-higienica-cara-de-gato-prata-pequena\/"},"modified":"2026-04-02T12:01:55","modified_gmt":"2026-04-02T15:01:55","slug":"pa-higienica-cara-de-gato-prata-pequena","status":"publish","type":"product","link":"https:\/\/dinhosreef.com\/en\/product\/pa-higienica-cara-de-gato-prata-pequena\/","title":{"rendered":"PA HIGIENICA CARA DE GATO PRATA PEQUENA"},"content":{"rendered":"<p><strong>P\u00e1 Higi\u00eanica Cara de Gato Prata \u2013 Tamanho Pequeno<\/strong>\u00a0<\/p>\n<p>Deixe a rotina de limpeza do seu pet muito mais pr\u00e1tica e charmosa! A <strong>P\u00e1 Higi\u00eanica Cara de Gato Prata<\/strong> \u00e9 ideal para a higieniza\u00e7\u00e3o da caixa de areia, unindo funcionalidade e um design fofo em formato de rostinho de gato.<\/p>\n<p><strong>Destaques do produto:<\/strong><\/p>\n<ul>\n<li> Tamanho pequeno, perfeito para manuseio f\u00e1cil e preciso<\/p>\n<\/li>\n<li>\n<p>Design divertido em formato de cara de gato<\/p>\n<\/li>\n<li>\n<p>Cor prata, moderna e discreta<\/p>\n<\/li>\n<li>\n<p>Ideal para remover res\u00edduos da areia de forma r\u00e1pida e eficiente<\/p>\n<\/li>\n<li>\n<p>Material resistente e f\u00e1cil de limpar<\/p>\n<\/li>\n<\/ul>\n<p>\u00a0Indispens\u00e1vel para quem busca praticidade no dia a dia e cuidado com o bem-estar do seu gatinho!<\/p>","protected":false},"excerpt":{"rendered":"<p>P\u00e1 Higi\u00eanica Cara de Gato Prata \u2013 Tamanho Pequeno\u00a0 Deixe a rotina de limpeza do seu pet muito mais pr\u00e1tica e charmosa! A P\u00e1 Higi\u00eanica Cara de Gato Prata \u00e9 ideal para a higieniza\u00e7\u00e3o da caixa de areia, unindo funcionalidade e um design fofo em formato de rostinho de gato. Destaques do produto: Tamanho pequeno, [&hellip;]<\/p>\n","protected":false},"featured_media":1410787823,"comment_status":"open","ping_status":"closed","template":"","meta":{"googlesitekit_rrm_CAow0N7NCw:productID":"","content-type":"","pmpro_default_level":"","_themeisle_gutenberg_block_has_review":false},"product_brand":[],"product_cat":[16],"product_tag":[],"class_list":{"0":"post-1410787824","1":"product","2":"type-product","3":"status-publish","4":"has-post-thumbnail","6":"product_cat-diversos","7":"pmpro-has-access","9":"first","10":"outofstock","11":"taxable","12":"shipping-taxable","13":"purchasable","14":"product-type-simple"},"_links":{"self":[{"href":"https:\/\/dinhosreef.com\/en\/wp-json\/wp\/v2\/product\/1410787824","targetHints":{"allow":["GET"]}}],"collection":[{"href":"https:\/\/dinhosreef.com\/en\/wp-json\/wp\/v2\/product"}],"about":[{"href":"https:\/\/dinhosreef.com\/en\/wp-json\/wp\/v2\/types\/product"}],"replies":[{"embeddable":true,"href":"https:\/\/dinhosreef.com\/en\/wp-json\/wp\/v2\/comments?post=1410787824"}],"wp:featuredmedia":[{"embeddable":true,"href":"https:\/\/dinhosreef.com\/en\/wp-json\/wp\/v2\/media\/1410787823"}],"wp:attachment":[{"href":"https:\/\/dinhosreef.com\/en\/wp-json\/wp\/v2\/media?parent=1410787824"}],"wp:term":[{"taxonomy":"product_brand","embeddable":true,"href":"https:\/\/dinhosreef.com\/en\/wp-json\/wp\/v2\/product_brand?post=1410787824"},{"taxonomy":"product_cat","embeddable":true,"href":"https:\/\/dinhosreef.com\/en\/wp-json\/wp\/v2\/product_cat?post=1410787824"},{"taxonomy":"product_tag","embeddable":true,"href":"https:\/\/dinhosreef.com\/en\/wp-json\/wp\/v2\/product_tag?post=1410787824"}],"curies":[{"name":"wp","href":"https:\/\/api.w.org\/{rel}","templated":true}]}}