{"id":1410787826,"date":"2026-01-31T10:23:43","date_gmt":"2026-01-31T13:23:43","guid":{"rendered":"https:\/\/dinhosreef.com\/produto\/brinquedo-vinil-para-pets-galinha-roc-roc-37cm\/"},"modified":"2026-04-11T11:19:20","modified_gmt":"2026-04-11T14:19:20","slug":"brinquedo-vinil-para-pets-galinha-roc-roc-37cm","status":"publish","type":"product","link":"https:\/\/dinhosreef.com\/en\/product\/brinquedo-vinil-para-pets-galinha-roc-roc-37cm\/","title":{"rendered":"BRINQUEDO VINIL PARA PETS GALINHA ROC ROC 37CM"},"content":{"rendered":"<h2 class=\"ui-pdp-description__title\" data-testid=\"title\">Descri\u00e7\u00e3o<\/h2>\n<p class=\"ui-pdp-description__content\" data-testid=\"content\">Mordedor GALINHA\u00a0 com apito<\/p>\n<p>&#8211; Ideal para pequenos e m\u00e9dio porte<br \/>&#8211; Borracha at\u00f3xica<br \/>&#8211; Muito resistente<\/p>\n<p>Brinquedo mordedor para c\u00e3es, perfeito para &#8220;gastar&#8221; a energia do seu pet, e estimulando a fazer mais exerc\u00edcios, evitando assim que fique acima do peso.<br \/>Possui apito, que chama a aten\u00e7\u00e3o do pet.<br \/>Pode ser utilizado para diversos outros fins, n\u00e3o se limitando apenas como brinquedo para pets&#8230;<\/p>","protected":false},"excerpt":{"rendered":"<p>Descri\u00e7\u00e3o Mordedor GALINHA\u00a0 com apito &#8211; Ideal para pequenos e m\u00e9dio porte&#8211; Borracha at\u00f3xica&#8211; Muito resistente Brinquedo mordedor para c\u00e3es, perfeito para &#8220;gastar&#8221; a energia do seu pet, e estimulando a fazer mais exerc\u00edcios, evitando assim que fique acima do peso.Possui apito, que chama a aten\u00e7\u00e3o do pet.Pode ser utilizado para diversos outros fins, n\u00e3o [&hellip;]<\/p>\n","protected":false},"featured_media":1410787825,"comment_status":"open","ping_status":"closed","template":"","meta":{"googlesitekit_rrm_CAow0N7NCw:productID":"","content-type":"","pmpro_default_level":"","_themeisle_gutenberg_block_has_review":false},"product_brand":[],"product_cat":[16],"product_tag":[],"class_list":{"0":"post-1410787826","1":"product","2":"type-product","3":"status-publish","4":"has-post-thumbnail","6":"product_cat-diversos","7":"pmpro-has-access","9":"first","10":"instock","11":"taxable","12":"shipping-taxable","13":"purchasable","14":"product-type-simple"},"_links":{"self":[{"href":"https:\/\/dinhosreef.com\/en\/wp-json\/wp\/v2\/product\/1410787826","targetHints":{"allow":["GET"]}}],"collection":[{"href":"https:\/\/dinhosreef.com\/en\/wp-json\/wp\/v2\/product"}],"about":[{"href":"https:\/\/dinhosreef.com\/en\/wp-json\/wp\/v2\/types\/product"}],"replies":[{"embeddable":true,"href":"https:\/\/dinhosreef.com\/en\/wp-json\/wp\/v2\/comments?post=1410787826"}],"wp:featuredmedia":[{"embeddable":true,"href":"https:\/\/dinhosreef.com\/en\/wp-json\/wp\/v2\/media\/1410787825"}],"wp:attachment":[{"href":"https:\/\/dinhosreef.com\/en\/wp-json\/wp\/v2\/media?parent=1410787826"}],"wp:term":[{"taxonomy":"product_brand","embeddable":true,"href":"https:\/\/dinhosreef.com\/en\/wp-json\/wp\/v2\/product_brand?post=1410787826"},{"taxonomy":"product_cat","embeddable":true,"href":"https:\/\/dinhosreef.com\/en\/wp-json\/wp\/v2\/product_cat?post=1410787826"},{"taxonomy":"product_tag","embeddable":true,"href":"https:\/\/dinhosreef.com\/en\/wp-json\/wp\/v2\/product_tag?post=1410787826"}],"curies":[{"name":"wp","href":"https:\/\/api.w.org\/{rel}","templated":true}]}}