{"id":1410787859,"date":"2026-01-31T12:41:05","date_gmt":"2026-01-31T15:41:05","guid":{"rendered":"https:\/\/dinhosreef.com\/produto\/focinheira-mascara-gato-nylon-m\/"},"modified":"2026-02-25T11:59:49","modified_gmt":"2026-02-25T14:59:49","slug":"focinheira-mascara-gato-nylon-m","status":"publish","type":"product","link":"https:\/\/dinhosreef.com\/en\/product\/focinheira-mascara-gato-nylon-m\/","title":{"rendered":"FOCINHEIRA MASCARA GATO NYLON M"},"content":{"rendered":"<p>FOCINHEIRA GATO NYLON -Para gatos de todas as ra\u00e7as e idades e tamb\u00e9m procedimentos veterin\u00e1rios.Fun\u00e7\u00e3o:- Protege o veterin\u00e1rio durante o atendimento.- Evita que o gato morda enquanto \u00e9 tratado, reduzindo o estresse do animal.Caracter\u00edsticas:- Material: Poli\u00e9ster, viscose e poliuretano.- Seguran\u00e7a: N\u00e3o afeta a respira\u00e7\u00e3o do animal.- Modelada para a anatomia do gato, o produto tamb\u00e9m tampa os olhos para redu\u00e7\u00e3o do estresse.<\/p>","protected":false},"excerpt":{"rendered":"<p>FOCINHEIRA GATO NYLON -Para gatos de todas as ra\u00e7as e idades e tamb\u00e9m procedimentos veterin\u00e1rios.Fun\u00e7\u00e3o:- Protege o veterin\u00e1rio durante o atendimento.- Evita que o gato morda enquanto \u00e9 tratado, reduzindo o estresse do animal.Caracter\u00edsticas:- Material: Poli\u00e9ster, viscose e poliuretano.- Seguran\u00e7a: N\u00e3o afeta a respira\u00e7\u00e3o do animal.- Modelada para a anatomia do gato, o produto tamb\u00e9m [&hellip;]<\/p>\n","protected":false},"featured_media":1410787858,"comment_status":"open","ping_status":"closed","template":"","meta":{"googlesitekit_rrm_CAow0N7NCw:productID":"","content-type":"","pmpro_default_level":"","_themeisle_gutenberg_block_has_review":false},"product_brand":[],"product_cat":[353],"product_tag":[],"class_list":{"0":"post-1410787859","1":"product","2":"type-product","3":"status-publish","4":"has-post-thumbnail","6":"product_cat-guias-e-coleiras","7":"pmpro-has-access","9":"first","10":"outofstock","11":"taxable","12":"shipping-taxable","13":"purchasable","14":"product-type-simple"},"_links":{"self":[{"href":"https:\/\/dinhosreef.com\/en\/wp-json\/wp\/v2\/product\/1410787859","targetHints":{"allow":["GET"]}}],"collection":[{"href":"https:\/\/dinhosreef.com\/en\/wp-json\/wp\/v2\/product"}],"about":[{"href":"https:\/\/dinhosreef.com\/en\/wp-json\/wp\/v2\/types\/product"}],"replies":[{"embeddable":true,"href":"https:\/\/dinhosreef.com\/en\/wp-json\/wp\/v2\/comments?post=1410787859"}],"wp:featuredmedia":[{"embeddable":true,"href":"https:\/\/dinhosreef.com\/en\/wp-json\/wp\/v2\/media\/1410787858"}],"wp:attachment":[{"href":"https:\/\/dinhosreef.com\/en\/wp-json\/wp\/v2\/media?parent=1410787859"}],"wp:term":[{"taxonomy":"product_brand","embeddable":true,"href":"https:\/\/dinhosreef.com\/en\/wp-json\/wp\/v2\/product_brand?post=1410787859"},{"taxonomy":"product_cat","embeddable":true,"href":"https:\/\/dinhosreef.com\/en\/wp-json\/wp\/v2\/product_cat?post=1410787859"},{"taxonomy":"product_tag","embeddable":true,"href":"https:\/\/dinhosreef.com\/en\/wp-json\/wp\/v2\/product_tag?post=1410787859"}],"curies":[{"name":"wp","href":"https:\/\/api.w.org\/{rel}","templated":true}]}}