{"id":1410788059,"date":"2026-02-03T21:11:57","date_gmt":"2026-02-04T00:11:57","guid":{"rendered":"https:\/\/dinhosreef.com\/produto\/racao-hills-specialty-sensitive-caes-ad-pele-sensivel-181kg\/"},"modified":"2026-03-09T11:43:39","modified_gmt":"2026-03-09T14:43:39","slug":"racao-hills-specialty-sensitive-caes-ad-pele-sensivel-181kg","status":"publish","type":"product","link":"https:\/\/dinhosreef.com\/en\/product\/racao-hills-specialty-sensitive-caes-ad-pele-sensivel-181kg\/","title":{"rendered":"RA\u00c7\u00c3O HILLS SPECIALTY SENSITIVE C\u00c3ES AD PELE SENSIVEL 1,81KG"},"content":{"rendered":"<p>A Ra\u00e7\u00e3o Hill&#8217;s Science Diet Pele Sens\u00edvel Peda\u00e7os Pequenos para c\u00e3es adultos \u00e9 uma escolha nutricional inteligente para os pets com pele sens\u00edvel. Esta ra\u00e7\u00e3o seca \u00e9 formulada com ingredientes naturais e altamente digest\u00edveis, incluindo fibra prebi\u00f3tica, para promover uma pele e pelagem saud\u00e1veis. A ci\u00eancia fez isso, desenvolvendo um alimento saud\u00e1vel para c\u00e3o que oferece uma nutri\u00e7\u00e3o baseada em biologia e apoiada por pesquisas cient\u00edficas inovadoras. Sua f\u00f3rmula apoia:<\/p>\n<p>-Digest\u00e3o e Prebi\u00f3ticos: Cont\u00e9m polpa de beterraba, uma fibra prebi\u00f3tica nutritiva que favorece uma digest\u00e3o saud\u00e1vel e \u00e9 suave para o est\u00f4mago.<\/p>\n<p>\u00a0-Sabor Irresist\u00edvel: O sabor delicioso de frango satisfaz at\u00e9 os paladares mais exigentes dos c\u00e3es. -Pele e Pelagem: Enriquecida com Vitamina E e \u00e1cidos graxos \u00d4mega-6, essenciais para nutrir a pele e manter a pelagem macia e brilhante.<\/p>\n<p>\u00a0-Alimento Natural: Um alimento natural para c\u00e3o, formulado para fornecer todos os nutrientes necess\u00e1rios de forma equilibrada e saud\u00e1vel.<\/p>\n<p>\u00a0Hill&#8217;s \u00e9 a marca mais recomendada por veterin\u00e1rios nos EUA, refletindo o compromisso da empresa com a qualidade e a satisfa\u00e7\u00e3o do cliente. Ao escolher Hill&#8217;s Science Diet, voc\u00ea garante para o seu c\u00e3o uma alimenta\u00e7\u00e3o de alta qualidade, com 100% de satisfa\u00e7\u00e3o garantida.<\/p>","protected":false},"excerpt":{"rendered":"<p>A Ra\u00e7\u00e3o Hill&#8217;s Science Diet Pele Sens\u00edvel Peda\u00e7os Pequenos para c\u00e3es adultos \u00e9 uma escolha nutricional inteligente para os pets com pele sens\u00edvel. Esta ra\u00e7\u00e3o seca \u00e9 formulada com ingredientes naturais e altamente digest\u00edveis, incluindo fibra prebi\u00f3tica, para promover uma pele e pelagem saud\u00e1veis. A ci\u00eancia fez isso, desenvolvendo um alimento saud\u00e1vel para c\u00e3o que [&hellip;]<\/p>\n","protected":false},"featured_media":1410788258,"comment_status":"open","ping_status":"closed","template":"","meta":{"googlesitekit_rrm_CAow0N7NCw:productID":"","content-type":"","pmpro_default_level":"","_themeisle_gutenberg_block_has_review":false},"product_brand":[378],"product_cat":[259],"product_tag":[],"class_list":{"0":"post-1410788059","1":"product","2":"type-product","3":"status-publish","4":"has-post-thumbnail","6":"product_brand-hills","7":"product_cat-racoes-alimento-petisco-e-suplemento-caes","8":"pmpro-has-access","10":"first","11":"outofstock","12":"taxable","13":"shipping-taxable","14":"purchasable","15":"product-type-simple"},"_links":{"self":[{"href":"https:\/\/dinhosreef.com\/en\/wp-json\/wp\/v2\/product\/1410788059","targetHints":{"allow":["GET"]}}],"collection":[{"href":"https:\/\/dinhosreef.com\/en\/wp-json\/wp\/v2\/product"}],"about":[{"href":"https:\/\/dinhosreef.com\/en\/wp-json\/wp\/v2\/types\/product"}],"replies":[{"embeddable":true,"href":"https:\/\/dinhosreef.com\/en\/wp-json\/wp\/v2\/comments?post=1410788059"}],"wp:featuredmedia":[{"embeddable":true,"href":"https:\/\/dinhosreef.com\/en\/wp-json\/wp\/v2\/media\/1410788258"}],"wp:attachment":[{"href":"https:\/\/dinhosreef.com\/en\/wp-json\/wp\/v2\/media?parent=1410788059"}],"wp:term":[{"taxonomy":"product_brand","embeddable":true,"href":"https:\/\/dinhosreef.com\/en\/wp-json\/wp\/v2\/product_brand?post=1410788059"},{"taxonomy":"product_cat","embeddable":true,"href":"https:\/\/dinhosreef.com\/en\/wp-json\/wp\/v2\/product_cat?post=1410788059"},{"taxonomy":"product_tag","embeddable":true,"href":"https:\/\/dinhosreef.com\/en\/wp-json\/wp\/v2\/product_tag?post=1410788059"}],"curies":[{"name":"wp","href":"https:\/\/api.w.org\/{rel}","templated":true}]}}