{"id":1410788195,"date":"2026-02-06T16:14:02","date_gmt":"2026-02-06T19:14:02","guid":{"rendered":"https:\/\/dinhosreef.com\/produto\/granulado-higienico-p-gatos-wicat-carvao-de-bambu-2-1kg\/"},"modified":"2026-04-16T16:35:14","modified_gmt":"2026-04-16T19:35:14","slug":"granulado-higienico-p-gatos-wicat-carvao-de-bambu-2-1kg","status":"publish","type":"product","link":"https:\/\/dinhosreef.com\/en\/product\/granulado-higienico-p-gatos-wicat-carvao-de-bambu-2-1kg\/","title":{"rendered":"GRANULADO HIGI\u00caNICO P\/ GATOS WICAT CARVAO DE BAMBU 2.1KG"},"content":{"rendered":"<p>Wicat Areia de Tofu Premium: Absor\u00e7\u00e3o, Descarte no Vaso e 100% Biodegrad\u00e1vel! A Wicat \u00e9 a revolu\u00e7\u00e3o em higiene felina, unindo o m\u00e1ximo de conforto para o seu gato com a m\u00e1xima sustentabilidade para o planeta. Diga adeus ao lixo e \u00e0 poeira!<\/p>\n<p>Benef\u00edcios Exclusivos (Por que Wicat \u00e9 a Melhor Escolha): Sustentabilidade Inovadora: \u00c9 100% biodegrad\u00e1vel e permite o descarte em pequenas quantidades diretamente no vaso sanit\u00e1rio. Menos lixo, menos impacto ambiental e sem risco de entupimento.<\/p>\n<p>Torr\u00f5es Imediatos e Zero Poeira: Sua alta absor\u00e7\u00e3o forma torr\u00f5es rapidamente, o que facilita a limpeza e mant\u00e9m o ambiente livre de poeira, sendo ideal para a sa\u00fade respirat\u00f3ria.<\/p>\n<p>Controle de Odores Superior: Com a tecnologia do Carv\u00e3o de Bambu, o granulado neutraliza odores de forma eficaz, garantindo que a caixa e sua casa fiquem sempre frescas.<\/p>\n<p>Conforto Felino: Possui gr\u00e2nulos de textura suave, que s\u00e3o delicados para as patinhas sens\u00edveis do seu gato. Econ\u00f4mica: A alta performance na forma\u00e7\u00e3o de torr\u00f5es firmes garante um uso mais eficiente e com menor desperd\u00edcio de produto.<\/p>\n<p>Modo de Uso e Manuten\u00e7\u00e3o Simples: Para garantir o melhor desempenho da Wicat, siga estes passos simples:<\/p>\n<p>Primeiro Uso: Despeje todo o conte\u00fado da embalagem em uma caixa de areia limpa.<\/p>\n<p>Camada Ideal: Mantenha uma camada de pelo menos 5 cm de altura.<\/p>\n<p>Manuten\u00e7\u00e3o Di\u00e1ria: Retire os torr\u00f5es formados e descarte no vaso sanit\u00e1rio. Reponha a mesma quantidade de granulado retirada para manter o n\u00edvel.<\/p>\n<p>Limpeza Total: Para m\u00e1xima higiene, realize a troca completa da areia e a higieniza\u00e7\u00e3o da caixa uma vez por m\u00eas.<\/p>\n<p>Detalhes T\u00e9cnicos do Produto:<\/p>\n<p>PET: Gatos (Todas as Ra\u00e7as) IDADE<\/p>\n<p>Recomendada: Filhote, Adulto e S\u00eanior<\/p>\n<p>COMPOSI\u00c7\u00c3O: 100% Tofu (Material totalmente biodegrad\u00e1vel) FRAGR\u00c2NCIA: Carv\u00e3o de Bambu (Neutro, altamente eficaz no controle de odor) DIFERENCIAL: Permite o descarte direto no vaso sanit\u00e1rio.<\/p>\n<p>Escolha Wicat: Conforto, limpeza e a consci\u00eancia de estar fazendo uma escolha sustent\u00e1vel para o seu pet e para o planeta!<\/p>","protected":false},"excerpt":{"rendered":"<p>Wicat Areia de Tofu Premium: Absor\u00e7\u00e3o, Descarte no Vaso e 100% Biodegrad\u00e1vel! A Wicat \u00e9 a revolu\u00e7\u00e3o em higiene felina, unindo o m\u00e1ximo de conforto para o seu gato com a m\u00e1xima sustentabilidade para o planeta. Diga adeus ao lixo e \u00e0 poeira! Benef\u00edcios Exclusivos (Por que Wicat \u00e9 a Melhor Escolha): Sustentabilidade Inovadora: \u00c9 [&hellip;]<\/p>\n","protected":false},"featured_media":1410788229,"comment_status":"open","ping_status":"closed","template":"","meta":{"googlesitekit_rrm_CAow0N7NCw:productID":"","content-type":"","pmpro_default_level":"","_themeisle_gutenberg_block_has_review":false},"product_brand":[445],"product_cat":[262],"product_tag":[],"class_list":{"0":"post-1410788195","1":"product","2":"type-product","3":"status-publish","4":"has-post-thumbnail","6":"product_brand-wicat","7":"product_cat-areias-higienicas","8":"pmpro-has-access","10":"first","11":"instock","12":"taxable","13":"shipping-taxable","14":"purchasable","15":"product-type-simple"},"_links":{"self":[{"href":"https:\/\/dinhosreef.com\/en\/wp-json\/wp\/v2\/product\/1410788195","targetHints":{"allow":["GET"]}}],"collection":[{"href":"https:\/\/dinhosreef.com\/en\/wp-json\/wp\/v2\/product"}],"about":[{"href":"https:\/\/dinhosreef.com\/en\/wp-json\/wp\/v2\/types\/product"}],"replies":[{"embeddable":true,"href":"https:\/\/dinhosreef.com\/en\/wp-json\/wp\/v2\/comments?post=1410788195"}],"wp:featuredmedia":[{"embeddable":true,"href":"https:\/\/dinhosreef.com\/en\/wp-json\/wp\/v2\/media\/1410788229"}],"wp:attachment":[{"href":"https:\/\/dinhosreef.com\/en\/wp-json\/wp\/v2\/media?parent=1410788195"}],"wp:term":[{"taxonomy":"product_brand","embeddable":true,"href":"https:\/\/dinhosreef.com\/en\/wp-json\/wp\/v2\/product_brand?post=1410788195"},{"taxonomy":"product_cat","embeddable":true,"href":"https:\/\/dinhosreef.com\/en\/wp-json\/wp\/v2\/product_cat?post=1410788195"},{"taxonomy":"product_tag","embeddable":true,"href":"https:\/\/dinhosreef.com\/en\/wp-json\/wp\/v2\/product_tag?post=1410788195"}],"curies":[{"name":"wp","href":"https:\/\/api.w.org\/{rel}","templated":true}]}}