{"id":1410788501,"date":"2026-02-12T10:05:56","date_gmt":"2026-02-12T13:05:56","guid":{"rendered":"https:\/\/dinhosreef.com\/produto\/alimentador-automatico-digital-boyu-zw-66-80ml\/"},"modified":"2026-03-02T13:24:05","modified_gmt":"2026-03-02T16:24:05","slug":"alimentador-automatico-digital-boyu-zw-66-80ml","status":"publish","type":"product","link":"https:\/\/dinhosreef.com\/en\/product\/alimentador-automatico-digital-boyu-zw-66-80ml\/","title":{"rendered":"ALIMENTADOR AUTOMATICO DIGITAL BOYU ZW-66 (80ML)"},"content":{"rendered":"<p>Boyu Alimentador Autom\u00e1tico Digital Zw-66<\/p>\n<p>\u00a0<\/p>\n<p>O Alimentador Autom\u00e1tico Digital Boyu Zw-66 \u00e9 um produto de alta qualidade da marca Boyu, conhecida por sua excel\u00eancia e inova\u00e7\u00e3o no mercado de produtos para animais de estima\u00e7\u00e3o. Este modelo Zw-66 \u00e9 alimentado por duas pilhas AAA, que n\u00e3o est\u00e3o inclu\u00eddas no pacote, garantindo uma opera\u00e7\u00e3o eficiente e duradoura.<\/p>\n<p>\u00a0<\/p>\n<p>Com um design moderno e elegante, este alimentador autom\u00e1tico n\u00e3o s\u00f3 se destaca pela sua apar\u00eancia, mas tamb\u00e9m pela sua funcionalidade. Permite programar at\u00e9 quatro refei\u00e7\u00f5es di\u00e1rias, garantindo que o seu animal de estima\u00e7\u00e3o seja alimentado de forma regular e consistente, mesmo quando voc\u00ea n\u00e3o est\u00e1 em casa.<\/p>\n<p>\u00a0<\/p>\n<p>O display LED \u00e9 f\u00e1cil de ler e usar, enquanto a fun\u00e7\u00e3o de rel\u00f3gio digital ajuda a manter a programa\u00e7\u00e3o das refei\u00e7\u00f5es do seu animal de estima\u00e7\u00e3o. Al\u00e9m disso, o bot\u00e3o de alimenta\u00e7\u00e3o manual oferece a op\u00e7\u00e3o de alimentar o seu animal de estima\u00e7\u00e3o fora dos hor\u00e1rios programados, proporcionando flexibilidade e conveni\u00eancia.<\/p>\n<p>\u00a0<\/p>\n<p>Este alimentador tamb\u00e9m possui uma fun\u00e7\u00e3o de aviso de baterias fracas, para que voc\u00ea nunca fique sem saber quando \u00e9 hora de trocar as pilhas. No entanto, \u00e9 importante notar que este modelo n\u00e3o possui ventila\u00e7\u00e3o.<\/p>","protected":false},"excerpt":{"rendered":"<p>Boyu Alimentador Autom\u00e1tico Digital Zw-66 \u00a0 O Alimentador Autom\u00e1tico Digital Boyu Zw-66 \u00e9 um produto de alta qualidade da marca Boyu, conhecida por sua excel\u00eancia e inova\u00e7\u00e3o no mercado de produtos para animais de estima\u00e7\u00e3o. Este modelo Zw-66 \u00e9 alimentado por duas pilhas AAA, que n\u00e3o est\u00e3o inclu\u00eddas no pacote, garantindo uma opera\u00e7\u00e3o eficiente e [&hellip;]<\/p>\n","protected":false},"featured_media":1410788500,"comment_status":"open","ping_status":"closed","template":"","meta":{"googlesitekit_rrm_CAow0N7NCw:productID":"","content-type":"","pmpro_default_level":"","_themeisle_gutenberg_block_has_review":false},"product_brand":[],"product_cat":[408],"product_tag":[],"class_list":{"0":"post-1410788501","1":"product","2":"type-product","3":"status-publish","4":"has-post-thumbnail","6":"product_cat-alimentadores-automaticos","7":"pmpro-has-access","9":"first","10":"outofstock","11":"taxable","12":"shipping-taxable","13":"purchasable","14":"product-type-simple"},"_links":{"self":[{"href":"https:\/\/dinhosreef.com\/en\/wp-json\/wp\/v2\/product\/1410788501","targetHints":{"allow":["GET"]}}],"collection":[{"href":"https:\/\/dinhosreef.com\/en\/wp-json\/wp\/v2\/product"}],"about":[{"href":"https:\/\/dinhosreef.com\/en\/wp-json\/wp\/v2\/types\/product"}],"replies":[{"embeddable":true,"href":"https:\/\/dinhosreef.com\/en\/wp-json\/wp\/v2\/comments?post=1410788501"}],"wp:featuredmedia":[{"embeddable":true,"href":"https:\/\/dinhosreef.com\/en\/wp-json\/wp\/v2\/media\/1410788500"}],"wp:attachment":[{"href":"https:\/\/dinhosreef.com\/en\/wp-json\/wp\/v2\/media?parent=1410788501"}],"wp:term":[{"taxonomy":"product_brand","embeddable":true,"href":"https:\/\/dinhosreef.com\/en\/wp-json\/wp\/v2\/product_brand?post=1410788501"},{"taxonomy":"product_cat","embeddable":true,"href":"https:\/\/dinhosreef.com\/en\/wp-json\/wp\/v2\/product_cat?post=1410788501"},{"taxonomy":"product_tag","embeddable":true,"href":"https:\/\/dinhosreef.com\/en\/wp-json\/wp\/v2\/product_tag?post=1410788501"}],"curies":[{"name":"wp","href":"https:\/\/api.w.org\/{rel}","templated":true}]}}