{"id":1410788615,"date":"2026-02-12T20:25:54","date_gmt":"2026-02-12T23:25:54","guid":{"rendered":"https:\/\/dinhosreef.com\/produto\/quatree-supreme-sache-p-caes-adultos-cordeiro-100g-1un\/"},"modified":"2026-02-24T17:08:24","modified_gmt":"2026-02-24T20:08:24","slug":"quatree-supreme-sache-p-caes-adultos-cordeiro-100g-1un","status":"publish","type":"product","link":"https:\/\/dinhosreef.com\/en\/product\/quatree-supreme-sache-p-caes-adultos-cordeiro-100g-1un\/","title":{"rendered":"QUATREE SUPREME SACH\u00ca P\/ C\u00c3ES ADULTOS CORDEIRO 100G 1UN"},"content":{"rendered":"<p>Ra\u00e7\u00e3o \u00damida Quatree Supreme para C\u00e3es Adultos Cordeiro 100g &#8211; Granvita Alimenta\u00e7\u00e3o premium para c\u00e3es adultos A Ra\u00e7\u00e3o \u00damida Quatree Supreme Cordeiro 100g da marca Granvita \u00e9 a op\u00e7\u00e3o ideal para proporcionar uma alimenta\u00e7\u00e3o balanceada e saborosa para seu c\u00e3o adulto. Com f\u00f3rmula rica em nutrientes provenientes de mais de 90% de ingredientes de origem animal, essa ra\u00e7\u00e3o auxilia na manuten\u00e7\u00e3o da sa\u00fade e vitalidade do seu pet.<\/p>\n<p>Diferenciais: Qualidade Premium: Desenvolvida com ingredientes de alta qualidade para garantir uma alimenta\u00e7\u00e3o completa e equilibrada. Sabor Irresist\u00edvel: Feita com cordeiro, essa ra\u00e7\u00e3o \u00famida \u00e9 uma verdadeira del\u00edcia para o paladar do seu c\u00e3o. Nutrientes Essenciais: Com uma f\u00f3rmula que cont\u00e9m todos os nutrientes necess\u00e1rios para manter a sa\u00fade e energia do seu pet.<\/p>\n<p>Mais sobre o Produto: Auxilia na Digest\u00e3o: Com ingredientes de f\u00e1cil digest\u00e3o, essa ra\u00e7\u00e3o \u00e9 ideal para c\u00e3es adultos. Pelagem Saud\u00e1vel: Os nutrientes presentes na formula\u00e7\u00e3o contribuem para uma pelagem bonita e saud\u00e1vel. Hidrata\u00e7\u00e3o: Por ser \u00famida, essa ra\u00e7\u00e3o tamb\u00e9m ajuda na hidrata\u00e7\u00e3o do seu pet.<\/p>\n<p>Dicas de Uso: Ofere\u00e7a a Ra\u00e7\u00e3o \u00damida Quatree Supreme Cordeiro 100g Granvita conforme a orienta\u00e7\u00e3o do m\u00e9dico veterin\u00e1rio, respeitando a quantidade di\u00e1ria recomendada de acordo com o peso e porte do seu c\u00e3o. Lembre-se de sempre deixar \u00e1gua fresca e limpa dispon\u00edvel para seu pet.<\/p>","protected":false},"excerpt":{"rendered":"<p>Ra\u00e7\u00e3o \u00damida Quatree Supreme para C\u00e3es Adultos Cordeiro 100g &#8211; Granvita Alimenta\u00e7\u00e3o premium para c\u00e3es adultos A Ra\u00e7\u00e3o \u00damida Quatree Supreme Cordeiro 100g da marca Granvita \u00e9 a op\u00e7\u00e3o ideal para proporcionar uma alimenta\u00e7\u00e3o balanceada e saborosa para seu c\u00e3o adulto. Com f\u00f3rmula rica em nutrientes provenientes de mais de 90% de ingredientes de origem [&hellip;]<\/p>\n","protected":false},"featured_media":1410788614,"comment_status":"open","ping_status":"closed","template":"","meta":{"googlesitekit_rrm_CAow0N7NCw:productID":"","content-type":"","pmpro_default_level":"","_themeisle_gutenberg_block_has_review":false},"product_brand":[336],"product_cat":[259],"product_tag":[],"class_list":{"0":"post-1410788615","1":"product","2":"type-product","3":"status-publish","4":"has-post-thumbnail","6":"product_brand-quatree","7":"product_cat-racoes-alimento-petisco-e-suplemento-caes","8":"pmpro-has-access","10":"first","11":"instock","12":"taxable","13":"shipping-taxable","14":"purchasable","15":"product-type-simple"},"_links":{"self":[{"href":"https:\/\/dinhosreef.com\/en\/wp-json\/wp\/v2\/product\/1410788615","targetHints":{"allow":["GET"]}}],"collection":[{"href":"https:\/\/dinhosreef.com\/en\/wp-json\/wp\/v2\/product"}],"about":[{"href":"https:\/\/dinhosreef.com\/en\/wp-json\/wp\/v2\/types\/product"}],"replies":[{"embeddable":true,"href":"https:\/\/dinhosreef.com\/en\/wp-json\/wp\/v2\/comments?post=1410788615"}],"wp:featuredmedia":[{"embeddable":true,"href":"https:\/\/dinhosreef.com\/en\/wp-json\/wp\/v2\/media\/1410788614"}],"wp:attachment":[{"href":"https:\/\/dinhosreef.com\/en\/wp-json\/wp\/v2\/media?parent=1410788615"}],"wp:term":[{"taxonomy":"product_brand","embeddable":true,"href":"https:\/\/dinhosreef.com\/en\/wp-json\/wp\/v2\/product_brand?post=1410788615"},{"taxonomy":"product_cat","embeddable":true,"href":"https:\/\/dinhosreef.com\/en\/wp-json\/wp\/v2\/product_cat?post=1410788615"},{"taxonomy":"product_tag","embeddable":true,"href":"https:\/\/dinhosreef.com\/en\/wp-json\/wp\/v2\/product_tag?post=1410788615"}],"curies":[{"name":"wp","href":"https:\/\/api.w.org\/{rel}","templated":true}]}}