{"id":1410788625,"date":"2026-02-12T21:05:54","date_gmt":"2026-02-13T00:05:54","guid":{"rendered":"https:\/\/dinhosreef.com\/produto\/brinquedo-corda-argola-com-bola-38cm\/"},"modified":"2026-02-16T19:49:55","modified_gmt":"2026-02-16T22:49:55","slug":"brinquedo-corda-argola-com-bola-38cm","status":"publish","type":"product","link":"https:\/\/dinhosreef.com\/en\/product\/brinquedo-corda-argola-com-bola-38cm\/","title":{"rendered":"BRINQUEDO  CORDA ARGOLA COM BOLA 38CM"},"content":{"rendered":"<p>Corda tamanho m\u00e9dio. Super dur\u00e1vel.<\/p>\n<p>Confeccionado em corda com uma bola de t\u00eanis para divers\u00e3o garantida de c\u00e3es.<\/p>\n<p>Tamanho aproximado 38 cm<\/p>\n<p>CORES VARIADAS<\/p>","protected":false},"excerpt":{"rendered":"<p>Corda tamanho m\u00e9dio. Super dur\u00e1vel. Confeccionado em corda com uma bola de t\u00eanis para divers\u00e3o garantida de c\u00e3es. Tamanho aproximado 38 cm CORES VARIADAS<\/p>","protected":false},"featured_media":1410788624,"comment_status":"open","ping_status":"closed","template":"","meta":{"googlesitekit_rrm_CAow0N7NCw:productID":"","content-type":"","pmpro_default_level":"","_themeisle_gutenberg_block_has_review":false},"product_brand":[],"product_cat":[349,164],"product_tag":[],"class_list":{"0":"post-1410788625","1":"product","2":"type-product","3":"status-publish","4":"has-post-thumbnail","6":"product_cat-adestramento","7":"product_cat-pet-shop","8":"pmpro-has-access","10":"first","11":"instock","12":"taxable","13":"shipping-taxable","14":"purchasable","15":"product-type-simple"},"_links":{"self":[{"href":"https:\/\/dinhosreef.com\/en\/wp-json\/wp\/v2\/product\/1410788625","targetHints":{"allow":["GET"]}}],"collection":[{"href":"https:\/\/dinhosreef.com\/en\/wp-json\/wp\/v2\/product"}],"about":[{"href":"https:\/\/dinhosreef.com\/en\/wp-json\/wp\/v2\/types\/product"}],"replies":[{"embeddable":true,"href":"https:\/\/dinhosreef.com\/en\/wp-json\/wp\/v2\/comments?post=1410788625"}],"wp:featuredmedia":[{"embeddable":true,"href":"https:\/\/dinhosreef.com\/en\/wp-json\/wp\/v2\/media\/1410788624"}],"wp:attachment":[{"href":"https:\/\/dinhosreef.com\/en\/wp-json\/wp\/v2\/media?parent=1410788625"}],"wp:term":[{"taxonomy":"product_brand","embeddable":true,"href":"https:\/\/dinhosreef.com\/en\/wp-json\/wp\/v2\/product_brand?post=1410788625"},{"taxonomy":"product_cat","embeddable":true,"href":"https:\/\/dinhosreef.com\/en\/wp-json\/wp\/v2\/product_cat?post=1410788625"},{"taxonomy":"product_tag","embeddable":true,"href":"https:\/\/dinhosreef.com\/en\/wp-json\/wp\/v2\/product_tag?post=1410788625"}],"curies":[{"name":"wp","href":"https:\/\/api.w.org\/{rel}","templated":true}]}}