{"id":1410788768,"date":"2026-02-15T12:51:19","date_gmt":"2026-02-15T15:51:19","guid":{"rendered":"https:\/\/dinhosreef.com\/produto\/fish-net-8-polegadas-cabo-longo-malha-fina-seachem\/"},"modified":"2026-02-15T12:51:39","modified_gmt":"2026-02-15T15:51:39","slug":"fish-net-8-polegadas-cabo-longo-malha-fina-seachem","status":"publish","type":"product","link":"https:\/\/dinhosreef.com\/en\/product\/fish-net-8-polegadas-cabo-longo-malha-fina-seachem\/","title":{"rendered":"FISH NET 8 POLEGADAS CABO LONGO MALHA FINA  &#8211;  SEACHEM"},"content":{"rendered":"<p>REDE FISH NET 8 POLEGADAS (20CM) CABO LONGO &#8211; SEACHEM<br \/>\u00a0<br \/>Tamanho da rede (aprox.): 20 cm (retangular)<br \/>Comprimento do Cabo: 40cm<br \/>\u00a0<br \/>&#8211; As Redes Fish Net da Seachem s\u00e3o ferramentas essenciais para qualquer aquarista.<br \/>&#8211; A cor azul da rede n\u00e3o s\u00f3 \u00e9 atraente, mas tamb\u00e9m cria um contraste com a \u00e1gua, tornando mais f\u00e1cil ver os peixes.<br \/>&#8211; A rede \u00e9 retangular, o que permite uma maior \u00e1rea de superf\u00edcie para a captura de peixes.<br \/>&#8211; O punho da rede \u00e9 feito de pl\u00e1stico, o que garante durabilidade e resist\u00eancia ao uso cont\u00ednuo.<br \/>&#8211; O cabo longo da rede tem um comprimento de 40 cm, o que proporciona um alcance adequado para a maioria dos aqu\u00e1rios.<\/p>","protected":false},"excerpt":{"rendered":"<p>REDE FISH NET 8 POLEGADAS (20CM) CABO LONGO &#8211; SEACHEM\u00a0Tamanho da rede (aprox.): 20 cm (retangular)Comprimento do Cabo: 40cm\u00a0&#8211; As Redes Fish Net da Seachem s\u00e3o ferramentas essenciais para qualquer aquarista.&#8211; A cor azul da rede n\u00e3o s\u00f3 \u00e9 atraente, mas tamb\u00e9m cria um contraste com a \u00e1gua, tornando mais f\u00e1cil ver os peixes.&#8211; A [&hellip;]<\/p>\n","protected":false},"featured_media":1410788763,"comment_status":"open","ping_status":"closed","template":"","meta":{"googlesitekit_rrm_CAow0N7NCw:productID":"","content-type":"","pmpro_default_level":"","_themeisle_gutenberg_block_has_review":false},"product_brand":[402],"product_cat":[266],"product_tag":[],"class_list":{"0":"post-1410788768","1":"product","2":"type-product","3":"status-publish","4":"has-post-thumbnail","6":"product_brand-seachem","7":"product_cat-redes","8":"aux-has-gallery","9":"pmpro-has-access","11":"first","12":"outofstock","13":"taxable","14":"shipping-taxable","15":"purchasable","16":"product-type-simple"},"_links":{"self":[{"href":"https:\/\/dinhosreef.com\/en\/wp-json\/wp\/v2\/product\/1410788768","targetHints":{"allow":["GET"]}}],"collection":[{"href":"https:\/\/dinhosreef.com\/en\/wp-json\/wp\/v2\/product"}],"about":[{"href":"https:\/\/dinhosreef.com\/en\/wp-json\/wp\/v2\/types\/product"}],"replies":[{"embeddable":true,"href":"https:\/\/dinhosreef.com\/en\/wp-json\/wp\/v2\/comments?post=1410788768"}],"wp:featuredmedia":[{"embeddable":true,"href":"https:\/\/dinhosreef.com\/en\/wp-json\/wp\/v2\/media\/1410788763"}],"wp:attachment":[{"href":"https:\/\/dinhosreef.com\/en\/wp-json\/wp\/v2\/media?parent=1410788768"}],"wp:term":[{"taxonomy":"product_brand","embeddable":true,"href":"https:\/\/dinhosreef.com\/en\/wp-json\/wp\/v2\/product_brand?post=1410788768"},{"taxonomy":"product_cat","embeddable":true,"href":"https:\/\/dinhosreef.com\/en\/wp-json\/wp\/v2\/product_cat?post=1410788768"},{"taxonomy":"product_tag","embeddable":true,"href":"https:\/\/dinhosreef.com\/en\/wp-json\/wp\/v2\/product_tag?post=1410788768"}],"curies":[{"name":"wp","href":"https:\/\/api.w.org\/{rel}","templated":true}]}}