{"id":1410788779,"date":"2026-02-15T12:51:49","date_gmt":"2026-02-15T15:51:49","guid":{"rendered":"https:\/\/dinhosreef.com\/produto\/fish-net-10-polegadas-malha-fina-seachem\/"},"modified":"2026-02-15T13:29:13","modified_gmt":"2026-02-15T16:29:13","slug":"fish-net-10-polegadas-malha-fina-seachem","status":"publish","type":"product","link":"https:\/\/dinhosreef.com\/en\/product\/fish-net-10-polegadas-malha-fina-seachem\/","title":{"rendered":"FISH NET 10 POLEGADAS MALHA FINA  &#8211;  SEACHEM"},"content":{"rendered":"<p>Fish Net Seachem 10 &#8211; Rede para peixes * \u00c9 perfeita para ser utilizada para remo\u00e7\u00e3o de seus peixes e na limpeza do aqu\u00e1rio; * \u00c9 macia e at\u00f3xica, portanto, n\u00e3o prejudica seus os peixes; * Malha fina para esp\u00e9cies mais delicadas; Tamanho aproximado: 25 cm\/ 10&#8243; Tamanho cabo: 30 cm<\/p>","protected":false},"excerpt":{"rendered":"<p>Fish Net Seachem 10 &#8211; Rede para peixes * \u00c9 perfeita para ser utilizada para remo\u00e7\u00e3o de seus peixes e na limpeza do aqu\u00e1rio; * \u00c9 macia e at\u00f3xica, portanto, n\u00e3o prejudica seus os peixes; * Malha fina para esp\u00e9cies mais delicadas; Tamanho aproximado: 25 cm\/ 10&#8243; Tamanho cabo: 30 cm<\/p>","protected":false},"featured_media":1410788774,"comment_status":"open","ping_status":"closed","template":"","meta":{"googlesitekit_rrm_CAow0N7NCw:productID":"","content-type":"","pmpro_default_level":"","_themeisle_gutenberg_block_has_review":false},"product_brand":[402],"product_cat":[266],"product_tag":[],"class_list":{"0":"post-1410788779","1":"product","2":"type-product","3":"status-publish","4":"has-post-thumbnail","6":"product_brand-seachem","7":"product_cat-redes","8":"aux-has-gallery","9":"pmpro-has-access","11":"first","12":"outofstock","13":"taxable","14":"shipping-taxable","15":"purchasable","16":"product-type-variable"},"_links":{"self":[{"href":"https:\/\/dinhosreef.com\/en\/wp-json\/wp\/v2\/product\/1410788779","targetHints":{"allow":["GET"]}}],"collection":[{"href":"https:\/\/dinhosreef.com\/en\/wp-json\/wp\/v2\/product"}],"about":[{"href":"https:\/\/dinhosreef.com\/en\/wp-json\/wp\/v2\/types\/product"}],"replies":[{"embeddable":true,"href":"https:\/\/dinhosreef.com\/en\/wp-json\/wp\/v2\/comments?post=1410788779"}],"wp:featuredmedia":[{"embeddable":true,"href":"https:\/\/dinhosreef.com\/en\/wp-json\/wp\/v2\/media\/1410788774"}],"wp:attachment":[{"href":"https:\/\/dinhosreef.com\/en\/wp-json\/wp\/v2\/media?parent=1410788779"}],"wp:term":[{"taxonomy":"product_brand","embeddable":true,"href":"https:\/\/dinhosreef.com\/en\/wp-json\/wp\/v2\/product_brand?post=1410788779"},{"taxonomy":"product_cat","embeddable":true,"href":"https:\/\/dinhosreef.com\/en\/wp-json\/wp\/v2\/product_cat?post=1410788779"},{"taxonomy":"product_tag","embeddable":true,"href":"https:\/\/dinhosreef.com\/en\/wp-json\/wp\/v2\/product_tag?post=1410788779"}],"curies":[{"name":"wp","href":"https:\/\/api.w.org\/{rel}","templated":true}]}}