{"id":1410788821,"date":"2026-02-17T11:09:07","date_gmt":"2026-02-17T14:09:07","guid":{"rendered":"https:\/\/dinhosreef.com\/produto\/quatree-supreme-gatos-castrados-salmao-10-1kg\/"},"modified":"2026-03-19T12:57:11","modified_gmt":"2026-03-19T15:57:11","slug":"quatree-supreme-gatos-castrados-salmao-10-1kg","status":"publish","type":"product","link":"https:\/\/dinhosreef.com\/en\/product\/quatree-supreme-gatos-castrados-salmao-10-1kg\/","title":{"rendered":"QUATREE SUPREME GATOS CASTRADOS SALMAO 10.1KG"},"content":{"rendered":"<h2>Descri\u00e7\u00e3o<\/h2>\n<p>A ra\u00e7\u00e3o Quatree Supreme Gatos Castrados, foi desenvolvida com o intuito de atender as necessidades nutricionais dos gatinhos assim que castrados. Um alimento adequado para cada fase do seu felino, \u00e9 ideal para mant\u00ea-lo saud\u00e1vel, proporcionando vitalidade e vitalidade. As Ra\u00e7\u00f5es supreme, s\u00e3o alimentos completos, produzidos com ingredientes selecionados para oferecer mais sa\u00fade para seu pet.\u00a0 Nos sabores frango ou salm\u00e3o, para atender a diferentes paladares.<\/p>\n<h2><strong>COMPOSI\u00c7\u00c3O B\u00c1SICA DO PRODUTO<\/strong><\/h2>\n<p>Farinha de salm\u00e3o, farinha de v\u00edsceras de frango, prote\u00edna isolada de su\u00edno, ovo integral desidratado, gordura su\u00edna, gordura de frango, semente de linha\u00e7a, arroz quebrado (m\u00edn. 15%), gl\u00faten de milho-60 (1), gl\u00faten de trigo, milho integral (1), farinha de algas (DHA), polpa de beterraba, inulina (FOS), celulose, levedura de cerveja, cloreto de s\u00f3dio, cloreto de pot\u00e1ssio, hidrolisado de f\u00edgado de frango e su\u00edno, hexametafosfato de s\u00f3dio (0,1%), \u00e1cido fosf\u00f3rico, tocoferol, extrato de alecrim, extrato de ma\u00e7\u00e3, extrato de ch\u00e1 verde, glucanos, mananoligossacar\u00eddeo (MOS), extrato de yucca, taurina, metionina, lisina, L-carnitina (m\u00edn. 0,03%), vitaminas (A, D3, E, B1, B2, B6, B12, K3, C, \u00e1cido pantot\u00eanico, \u00e1cido f\u00f3lico, niacina, biotina, cloreto de colina), minerais (sulfato de zinco, sulfato de cobre, sulfato ferroso, mon\u00f3xido de mangan\u00eas, iodato de c\u00e1lcio, selenito de s\u00f3dio) e minerais quelatados (mangan\u00eas, sel\u00eanio e zinco).<\/p>","protected":false},"excerpt":{"rendered":"<p>Descri\u00e7\u00e3o A ra\u00e7\u00e3o Quatree Supreme Gatos Castrados, foi desenvolvida com o intuito de atender as necessidades nutricionais dos gatinhos assim que castrados. Um alimento adequado para cada fase do seu felino, \u00e9 ideal para mant\u00ea-lo saud\u00e1vel, proporcionando vitalidade e vitalidade. As Ra\u00e7\u00f5es supreme, s\u00e3o alimentos completos, produzidos com ingredientes selecionados para oferecer mais sa\u00fade para [&hellip;]<\/p>\n","protected":false},"featured_media":1410788820,"comment_status":"open","ping_status":"closed","template":"","meta":{"googlesitekit_rrm_CAow0N7NCw:productID":"","content-type":"","pmpro_default_level":"","_themeisle_gutenberg_block_has_review":false},"product_brand":[],"product_cat":[256],"product_tag":[],"class_list":{"0":"post-1410788821","1":"product","2":"type-product","3":"status-publish","4":"has-post-thumbnail","6":"product_cat-racoes","7":"pmpro-has-access","9":"first","10":"outofstock","11":"taxable","12":"shipping-taxable","13":"purchasable","14":"product-type-simple"},"_links":{"self":[{"href":"https:\/\/dinhosreef.com\/en\/wp-json\/wp\/v2\/product\/1410788821","targetHints":{"allow":["GET"]}}],"collection":[{"href":"https:\/\/dinhosreef.com\/en\/wp-json\/wp\/v2\/product"}],"about":[{"href":"https:\/\/dinhosreef.com\/en\/wp-json\/wp\/v2\/types\/product"}],"replies":[{"embeddable":true,"href":"https:\/\/dinhosreef.com\/en\/wp-json\/wp\/v2\/comments?post=1410788821"}],"wp:featuredmedia":[{"embeddable":true,"href":"https:\/\/dinhosreef.com\/en\/wp-json\/wp\/v2\/media\/1410788820"}],"wp:attachment":[{"href":"https:\/\/dinhosreef.com\/en\/wp-json\/wp\/v2\/media?parent=1410788821"}],"wp:term":[{"taxonomy":"product_brand","embeddable":true,"href":"https:\/\/dinhosreef.com\/en\/wp-json\/wp\/v2\/product_brand?post=1410788821"},{"taxonomy":"product_cat","embeddable":true,"href":"https:\/\/dinhosreef.com\/en\/wp-json\/wp\/v2\/product_cat?post=1410788821"},{"taxonomy":"product_tag","embeddable":true,"href":"https:\/\/dinhosreef.com\/en\/wp-json\/wp\/v2\/product_tag?post=1410788821"}],"curies":[{"name":"wp","href":"https:\/\/api.w.org\/{rel}","templated":true}]}}