{"id":1410788830,"date":"2026-02-17T11:35:52","date_gmt":"2026-02-17T14:35:52","guid":{"rendered":"https:\/\/dinhosreef.com\/produto\/anemona-magnifica\/"},"modified":"2026-02-17T11:41:55","modified_gmt":"2026-02-17T14:41:55","slug":"anemona-magnifica","status":"publish","type":"product","link":"https:\/\/dinhosreef.com\/en\/product\/anemona-magnifica\/","title":{"rendered":"An\u00eamona magn\u00edfica"},"content":{"rendered":"<div class=\"Y3BBE\" data-sfc-cp=\"\" data-hveid=\"CAEQAA\" data-processed=\"true\">A\u00a0<strong class=\"Yjhzub\">An\u00eamona Magn\u00edfica<\/strong>\u00a0(<em class=\"eujQNb\">Heteractis magnifica<\/em>), tamb\u00e9m conhecida como An\u00eamona Ritteri,\u00a0<mark class=\"HxTRcb\">\u00e9 uma das esp\u00e9cies mais ic\u00f4nicas e visualmente impressionantes dos recifes do Indo-Pac\u00edfico<\/mark>. Ela \u00e9 a segunda maior an\u00eamona-do-mar do mundo, podendo atingir at\u00e9\u00a0<strong class=\"Yjhzub\">1 metro de di\u00e2metro<\/strong>\u00a0na natureza.<span class=\"uJ19be notranslate\" data-wiz-uids=\"yYatie_k,yYatie_l\" data-processed=\"true\"><span class=\"vKEkVd\" data-animation-atomic=\"\" data-wiz-attrbind=\"class=yYatie_j\/TKHnVd\"><span aria-hidden=\"true\">\u00a0<\/span><button class=\"rBl3me\" data-amic=\"true\" data-icl-uuid=\"f7c491c3-f3ff-4c73-89da-faa29b1402bb\" aria-label=\"Mostrar links relacionados\" data-wiz-attrbind=\"disabled=yYatie_j\/C5gNJc;aria-label=yYatie_j\/bOjMyf;class=yYatie_j\/UpSNec\" data-ved=\"2ahUKEwiclprK3-CSAxVWBLkGHS25ApEQye0OegQIARAC\"><\/button><\/span><\/span><\/div>\n<div class=\"Fsg96\" data-sfc-cp=\"\" data-processed=\"true\"><\/div>\n<div class=\"otQkpb\" role=\"heading\" data-animation-nesting=\"\" data-sfc-cp=\"\" data-processed=\"true\">Caracter\u00edsticas Principais<button class=\"rBl3me\" data-amic=\"true\" data-icl-uuid=\"7a54870b-dd9e-407c-8758-c8630136b3c6\" aria-label=\"Mostrar links relacionados\" data-wiz-attrbind=\"disabled=yYatie_1w\/C5gNJc;aria-label=yYatie_1w\/bOjMyf;class=yYatie_1w\/UpSNec\" data-ved=\"2ahUKEwiclprK3-CSAxVWBLkGHS25ApEQye0OegQIAxAA\"><\/button><\/div>\n<ul class=\"KsbFXc U6u95\" data-processed=\"true\">\n<li data-hveid=\"CAUQAA\"><span class=\"T286Pc\" data-sfc-cp=\"\"><strong class=\"Yjhzub\">Apar\u00eancia:<\/strong>\u00a0Possui tent\u00e1culos longos com pontas que podem parecer inchadas, e uma coluna (corpo) que exibe cores vibrantes como roxo, rosa, azul, laranja ou verde.<\/span><\/li>\n<li data-hveid=\"CAUQAQ\"><span class=\"T286Pc\" data-sfc-cp=\"\"><strong class=\"Yjhzub\">Simbiose:<\/strong>\u00a0\u00c9 famosa por hospedar diversas esp\u00e9cies de\u00a0<strong class=\"Yjhzub\">peixes-palha\u00e7o<\/strong>. Esta rela\u00e7\u00e3o de mutualismo oferece prote\u00e7\u00e3o ao peixe e alimento\/limpeza para a an\u00eamona.<\/span><\/li>\n<li data-hveid=\"CAUQAg\"><span class=\"T286Pc\" data-sfc-cp=\"\"><strong class=\"Yjhzub\">Habitat:<\/strong>\u00a0Vive em \u00e1guas quentes e rasas, fixando seu disco pedal em superf\u00edcies duras como rochas ou corais.<\/span><span class=\"uJ19be notranslate\" data-wiz-uids=\"yYatie_5e,yYatie_5f\"><span class=\"vKEkVd\" data-animation-atomic=\"\" data-wiz-attrbind=\"class=yYatie_5d\/TKHnVd\"><span aria-hidden=\"true\">\u00a0<\/span><button class=\"rBl3me\" data-amic=\"true\" data-icl-uuid=\"59a8ccf1-4aec-4a39-be26-eb524f1c53ab\" aria-label=\"Mostrar links relacionados\" data-wiz-attrbind=\"disabled=yYatie_5d\/C5gNJc;aria-label=yYatie_5d\/bOjMyf;class=yYatie_5d\/UpSNec\" data-ved=\"2ahUKEwiclprK3-CSAxVWBLkGHS25ApEQye0OegQIBRAD\"><\/button><\/span><\/span><\/li>\n<\/ul>\n<div class=\"Fsg96\" data-sfc-cp=\"\" data-processed=\"true\"><\/div>\n<div class=\"otQkpb\" role=\"heading\" data-animation-nesting=\"\" data-sfc-cp=\"\" data-processed=\"true\">Cuidados em Aqu\u00e1rio (N\u00edvel Especialista)<button class=\"rBl3me\" data-amic=\"true\" data-icl-uuid=\"b55bc19e-6d50-436a-9e39-0351e5873014\" aria-label=\"Mostrar links relacionados\" data-wiz-attrbind=\"disabled=yYatie_5p\/C5gNJc;aria-label=yYatie_5p\/bOjMyf;class=yYatie_5p\/UpSNec\" data-ved=\"2ahUKEwiclprK3-CSAxVWBLkGHS25ApEQye0OegQIBhAA\"><\/button><\/div>\n<div class=\"Y3BBE\" data-sfc-cp=\"\" data-hveid=\"CAcQAA\" data-processed=\"true\">Manter uma\u00a0<em class=\"eujQNb\">H. magnifica<\/em>\u00a0\u00e9 considerado um desafio at\u00e9 para aquaristas experientes devido \u00e0s suas exig\u00eancias rigorosas:<span class=\"uJ19be notranslate\" data-wiz-uids=\"yYatie_5v,yYatie_5w\"><span class=\"vKEkVd\" data-animation-atomic=\"\" data-wiz-attrbind=\"class=yYatie_5u\/TKHnVd\"><span aria-hidden=\"true\">\u00a0<\/span><button class=\"rBl3me\" data-amic=\"true\" data-icl-uuid=\"4a6da69a-7a7a-432e-af7f-03687385768c\" aria-label=\"Mostrar links relacionados\" data-wiz-attrbind=\"disabled=yYatie_5u\/C5gNJc;aria-label=yYatie_5u\/bOjMyf;class=yYatie_5u\/UpSNec\" data-ved=\"2ahUKEwiclprK3-CSAxVWBLkGHS25ApEQye0OegQIBxAB\"><\/button><\/span><\/span><\/div>\n<ul class=\"KsbFXc U6u95\" data-processed=\"true\">\n<li data-hveid=\"CAgQAA\"><span class=\"T286Pc\" data-sfc-cp=\"\"><strong class=\"Yjhzub\">Ilumina\u00e7\u00e3o Intensa:<\/strong>\u00a0Requer n\u00edveis alt\u00edssimos de luz (PAR entre 300-500) para realizar a fotoss\u00edntese atrav\u00e9s de suas algas simbi\u00f3ticas.<\/span><\/li>\n<li data-hveid=\"CAgQAQ\"><span class=\"T286Pc\" data-sfc-cp=\"\"><strong class=\"Yjhzub\">Fluxo de \u00c1gua:<\/strong>\u00a0Necessita de circula\u00e7\u00e3o forte e intermitente, simulando as ondas do recife.<\/span><\/li>\n<li data-hveid=\"CAgQAg\"><span class=\"T286Pc\" data-sfc-cp=\"\"><strong class=\"Yjhzub\">Estabilidade:<\/strong>\u00a0\u00c9 extremamente sens\u00edvel a mudan\u00e7as bruscas de nitrato, fosfato e temperatura.<\/span><\/li>\n<li data-hveid=\"CAgQAw\"><span class=\"T286Pc\" data-sfc-cp=\"\"><strong class=\"Yjhzub\">Comportamento:<\/strong>\u00a0Tende a &#8220;caminhar&#8221; pelo aqu\u00e1rio at\u00e9 encontrar o ponto mais alto e iluminado, o que pode ser perigoso para outros corais que ela venha a queimar com seus tent\u00e1culos urticantes.<\/span><span class=\"uJ19be notranslate\" data-wiz-uids=\"yYatie_6d,yYatie_6e\"><span class=\"vKEkVd\" data-animation-atomic=\"\" data-wiz-attrbind=\"class=yYatie_6c\/TKHnVd\"><span aria-hidden=\"true\">\u00a0<\/span><button class=\"rBl3me\" data-amic=\"true\" data-icl-uuid=\"8febbb2a-465b-47a3-9f79-6a65f69ea161\" aria-label=\"Mostrar links relacionados\" data-wiz-attrbind=\"disabled=yYatie_6c\/C5gNJc;aria-label=yYatie_6c\/bOjMyf;class=yYatie_6c\/UpSNec\" data-ved=\"2ahUKEwiclprK3-CSAxVWBLkGHS25ApEQye0OegQICBAE\"><\/button><\/span><\/span><\/li>\n<\/ul>\n<div class=\"Y3BBE\" data-sfc-cp=\"\" data-hveid=\"CAkQAA\" data-processed=\"true\"><strong class=\"Yjhzub\">Importante:<\/strong>\u00a0Verifique se o seu sistema suporta animais de grande porte antes de adquirir uma, pois em cativeiro elas costumam chegar a 45-50 cm.<span class=\"uJ19be notranslate\" data-wiz-uids=\"yYatie_6o,yYatie_6p\"><span class=\"vKEkVd\" data-animation-atomic=\"\" data-wiz-attrbind=\"class=yYatie_6n\/TKHnVd\"><span aria-hidden=\"true\">\u00a0<\/span><button class=\"rBl3me\" data-amic=\"true\" data-icl-uuid=\"ae78dc80-bc75-44d1-83fe-22f4f34ec404\" aria-label=\"Mostrar links relacionados\" data-wiz-attrbind=\"disabled=yYatie_6n\/C5gNJc;aria-label=yYatie_6n\/bOjMyf;class=yYatie_6n\/UpSNec\" data-ved=\"2ahUKEwiclprK3-CSAxVWBLkGHS25ApEQye0OegQICRAB\"><\/button><\/span><\/span><\/div>","protected":false},"excerpt":{"rendered":"<p>A\u00a0An\u00eamona Magn\u00edfica\u00a0(Heteractis magnifica), tamb\u00e9m conhecida como An\u00eamona Ritteri,\u00a0\u00e9 uma das esp\u00e9cies mais ic\u00f4nicas e visualmente impressionantes dos recifes do Indo-Pac\u00edfico. Ela \u00e9 a segunda maior an\u00eamona-do-mar do mundo, podendo atingir at\u00e9\u00a01 metro de di\u00e2metro\u00a0na natureza.\u00a0 Caracter\u00edsticas Principais Apar\u00eancia:\u00a0Possui tent\u00e1culos longos com pontas que podem parecer inchadas, e uma coluna (corpo) que exibe cores vibrantes como [&hellip;]<\/p>\n","protected":false},"featured_media":1410788829,"comment_status":"open","ping_status":"closed","template":"","meta":{"googlesitekit_rrm_CAow0N7NCw:productID":"","content-type":"","pmpro_default_level":"","_themeisle_gutenberg_block_has_review":false},"product_brand":[],"product_cat":[413,186,184],"product_tag":[],"class_list":{"0":"post-1410788830","1":"product","2":"type-product","3":"status-publish","4":"has-post-thumbnail","6":"product_cat-anemonas","7":"product_cat-animais-vivos","8":"product_cat-todos-invertebrados-marinho","9":"product_shipping_class-animais-vivos","10":"pmpro-has-access","12":"first","13":"instock","14":"taxable","15":"shipping-taxable","16":"purchasable","17":"product-type-simple"},"_links":{"self":[{"href":"https:\/\/dinhosreef.com\/en\/wp-json\/wp\/v2\/product\/1410788830","targetHints":{"allow":["GET"]}}],"collection":[{"href":"https:\/\/dinhosreef.com\/en\/wp-json\/wp\/v2\/product"}],"about":[{"href":"https:\/\/dinhosreef.com\/en\/wp-json\/wp\/v2\/types\/product"}],"replies":[{"embeddable":true,"href":"https:\/\/dinhosreef.com\/en\/wp-json\/wp\/v2\/comments?post=1410788830"}],"wp:featuredmedia":[{"embeddable":true,"href":"https:\/\/dinhosreef.com\/en\/wp-json\/wp\/v2\/media\/1410788829"}],"wp:attachment":[{"href":"https:\/\/dinhosreef.com\/en\/wp-json\/wp\/v2\/media?parent=1410788830"}],"wp:term":[{"taxonomy":"product_brand","embeddable":true,"href":"https:\/\/dinhosreef.com\/en\/wp-json\/wp\/v2\/product_brand?post=1410788830"},{"taxonomy":"product_cat","embeddable":true,"href":"https:\/\/dinhosreef.com\/en\/wp-json\/wp\/v2\/product_cat?post=1410788830"},{"taxonomy":"product_tag","embeddable":true,"href":"https:\/\/dinhosreef.com\/en\/wp-json\/wp\/v2\/product_tag?post=1410788830"}],"curies":[{"name":"wp","href":"https:\/\/api.w.org\/{rel}","templated":true}]}}