{"id":1410788862,"date":"2026-02-19T20:19:27","date_gmt":"2026-02-19T23:19:27","guid":{"rendered":"https:\/\/dinhosreef.com\/produto\/anthia-dispar\/"},"modified":"2026-03-04T17:43:59","modified_gmt":"2026-03-04T20:43:59","slug":"anthia-dispar","status":"publish","type":"product","link":"https:\/\/dinhosreef.com\/en\/product\/anthia-dispar\/","title":{"rendered":"Anthia Dispar"},"content":{"rendered":"<p>Anthiinae \u00e9 uma subfam\u00edlia de peixes da fam\u00edlia Serranidae que inclui g\u00e9neros com\u00a0<br \/>ampla distribui\u00e7\u00e3o nos recifes de coral de todas as regi\u00f5es tropicais e subtropicais. A\u00a0<br \/>maioria das esp\u00e9cies s\u00e3o pequenos peixes de cores vivas associados \u00e0s forma\u00e7\u00f5es de\u00a0<br \/>coral, sendo todas elas hermafroditas protog\u00ednicas.\u00a0<br \/>Nome cient\u00edfico: Anthiadinae Classifica\u00e7\u00e3o: Subfam\u00edlia Ordem: Perciformes\u00a0<br \/>Classifica\u00e7\u00e3o superior: Serranidae\u00a0<br \/>Caracter\u00edsticas\u00a0<br \/>Porte: Pequeno\u00a0<br \/>Litragem M\u00ednima: 100\u00a0<br \/>Alimenta\u00e7\u00e3o: M\u00e9dio\u00a0<br \/>Dificuldade: M\u00e9dio\u00a0<br \/>Agressivo com outros peixes: N\u00e3o\u00a0<br \/>Agressivo com mesmo: N\u00e3o \u00a0<br \/>Come corais: N\u00e3o\u00a0<br \/>Come invertebrados: Sim<\/p>","protected":false},"excerpt":{"rendered":"<p>Anthiinae \u00e9 uma subfam\u00edlia de peixes da fam\u00edlia Serranidae que inclui g\u00e9neros com\u00a0ampla distribui\u00e7\u00e3o nos recifes de coral de todas as regi\u00f5es tropicais e subtropicais. A\u00a0maioria das esp\u00e9cies s\u00e3o pequenos peixes de cores vivas associados \u00e0s forma\u00e7\u00f5es de\u00a0coral, sendo todas elas hermafroditas protog\u00ednicas.\u00a0Nome cient\u00edfico: Anthiadinae Classifica\u00e7\u00e3o: Subfam\u00edlia Ordem: Perciformes\u00a0Classifica\u00e7\u00e3o superior: Serranidae\u00a0Caracter\u00edsticas\u00a0Porte: Pequeno\u00a0Litragem M\u00ednima: 100\u00a0Alimenta\u00e7\u00e3o: M\u00e9dio\u00a0Dificuldade: [&hellip;]<\/p>\n","protected":false},"featured_media":1410788866,"comment_status":"open","ping_status":"closed","template":"","meta":{"googlesitekit_rrm_CAow0N7NCw:productID":"","content-type":"","pmpro_default_level":"","_themeisle_gutenberg_block_has_review":false},"product_brand":[],"product_cat":[186,188,170,220],"product_tag":[],"class_list":{"0":"post-1410788862","1":"product","2":"type-product","3":"status-publish","4":"has-post-thumbnail","6":"product_cat-animais-vivos","7":"product_cat-anthias","8":"product_cat-peixes-marinhos","9":"product_cat-todos-os-peixes-de-agua-salgada","10":"product_shipping_class-animais-vivos","11":"pmpro-has-access","13":"first","14":"outofstock","15":"taxable","16":"shipping-taxable","17":"purchasable","18":"product-type-simple"},"_links":{"self":[{"href":"https:\/\/dinhosreef.com\/en\/wp-json\/wp\/v2\/product\/1410788862","targetHints":{"allow":["GET"]}}],"collection":[{"href":"https:\/\/dinhosreef.com\/en\/wp-json\/wp\/v2\/product"}],"about":[{"href":"https:\/\/dinhosreef.com\/en\/wp-json\/wp\/v2\/types\/product"}],"replies":[{"embeddable":true,"href":"https:\/\/dinhosreef.com\/en\/wp-json\/wp\/v2\/comments?post=1410788862"}],"wp:featuredmedia":[{"embeddable":true,"href":"https:\/\/dinhosreef.com\/en\/wp-json\/wp\/v2\/media\/1410788866"}],"wp:attachment":[{"href":"https:\/\/dinhosreef.com\/en\/wp-json\/wp\/v2\/media?parent=1410788862"}],"wp:term":[{"taxonomy":"product_brand","embeddable":true,"href":"https:\/\/dinhosreef.com\/en\/wp-json\/wp\/v2\/product_brand?post=1410788862"},{"taxonomy":"product_cat","embeddable":true,"href":"https:\/\/dinhosreef.com\/en\/wp-json\/wp\/v2\/product_cat?post=1410788862"},{"taxonomy":"product_tag","embeddable":true,"href":"https:\/\/dinhosreef.com\/en\/wp-json\/wp\/v2\/product_tag?post=1410788862"}],"curies":[{"name":"wp","href":"https:\/\/api.w.org\/{rel}","templated":true}]}}