{"id":1410788871,"date":"2026-02-19T20:34:43","date_gmt":"2026-02-19T23:34:43","guid":{"rendered":"https:\/\/dinhosreef.com\/produto\/pijama-cardinal\/"},"modified":"2026-03-04T17:43:57","modified_gmt":"2026-03-04T20:43:57","slug":"pijama-cardinal","status":"publish","type":"product","link":"https:\/\/dinhosreef.com\/en\/product\/pijama-cardinal\/","title":{"rendered":"Pijama Cardinal"},"content":{"rendered":"<p>O cardinalfish do pijama, cardinalfish malhado, cardinalfish coral ou cardinalfish do polkadot \u00e9 uma esp\u00e9cie de peixe pertencente \u00e0 fam\u00edlia Apogonidae. \u00c9 um peixe de aqu\u00e1rio popular.<\/p>\n<p>Nome cient\u00edfico: Sphaeramia nematoptera<br \/>\nClassifica\u00e7\u00e3o: Esp\u00e9cie<br \/>\nClassifica\u00e7\u00e3o superior: Sphaeramia<\/p>","protected":false},"excerpt":{"rendered":"<p>O cardinalfish do pijama, cardinalfish malhado, cardinalfish coral ou cardinalfish do polkadot \u00e9 uma esp\u00e9cie de peixe pertencente \u00e0 fam\u00edlia Apogonidae. \u00c9 um peixe de aqu\u00e1rio popular. Nome cient\u00edfico: Sphaeramia nematoptera Classifica\u00e7\u00e3o: Esp\u00e9cie Classifica\u00e7\u00e3o superior: Sphaeramia<\/p>","protected":false},"featured_media":1410788870,"comment_status":"open","ping_status":"closed","template":"","meta":{"googlesitekit_rrm_CAow0N7NCw:productID":"","content-type":"","pmpro_default_level":"","_themeisle_gutenberg_block_has_review":false},"product_brand":[],"product_cat":[186,191,170,220],"product_tag":[],"class_list":{"0":"post-1410788871","1":"product","2":"type-product","3":"status-publish","4":"has-post-thumbnail","6":"product_cat-animais-vivos","7":"product_cat-cardinal","8":"product_cat-peixes-marinhos","9":"product_cat-todos-os-peixes-de-agua-salgada","10":"product_shipping_class-animais-vivos","11":"pmpro-has-access","13":"first","14":"instock","15":"taxable","16":"shipping-taxable","17":"purchasable","18":"product-type-simple"},"_links":{"self":[{"href":"https:\/\/dinhosreef.com\/en\/wp-json\/wp\/v2\/product\/1410788871","targetHints":{"allow":["GET"]}}],"collection":[{"href":"https:\/\/dinhosreef.com\/en\/wp-json\/wp\/v2\/product"}],"about":[{"href":"https:\/\/dinhosreef.com\/en\/wp-json\/wp\/v2\/types\/product"}],"replies":[{"embeddable":true,"href":"https:\/\/dinhosreef.com\/en\/wp-json\/wp\/v2\/comments?post=1410788871"}],"wp:featuredmedia":[{"embeddable":true,"href":"https:\/\/dinhosreef.com\/en\/wp-json\/wp\/v2\/media\/1410788870"}],"wp:attachment":[{"href":"https:\/\/dinhosreef.com\/en\/wp-json\/wp\/v2\/media?parent=1410788871"}],"wp:term":[{"taxonomy":"product_brand","embeddable":true,"href":"https:\/\/dinhosreef.com\/en\/wp-json\/wp\/v2\/product_brand?post=1410788871"},{"taxonomy":"product_cat","embeddable":true,"href":"https:\/\/dinhosreef.com\/en\/wp-json\/wp\/v2\/product_cat?post=1410788871"},{"taxonomy":"product_tag","embeddable":true,"href":"https:\/\/dinhosreef.com\/en\/wp-json\/wp\/v2\/product_tag?post=1410788871"}],"curies":[{"name":"wp","href":"https:\/\/api.w.org\/{rel}","templated":true}]}}