{"id":1410789011,"date":"2026-02-22T13:41:21","date_gmt":"2026-02-22T16:41:21","guid":{"rendered":"https:\/\/dinhosreef.com\/produto\/racao-umida-vet-life-hypoallergenic-p-gatos-pork-potato-85g\/"},"modified":"2026-03-17T09:44:14","modified_gmt":"2026-03-17T12:44:14","slug":"racao-umida-vet-life-hypoallergenic-p-gatos-pork-potato-85g","status":"publish","type":"product","link":"https:\/\/dinhosreef.com\/en\/product\/racao-umida-vet-life-hypoallergenic-p-gatos-pork-potato-85g\/","title":{"rendered":"RA\u00c7\u00c3O \u00daMIDA VET LIFE HYPOALLERGENIC P\/ GATOS PORK POTATO 85G"},"content":{"rendered":"<p>A sele\u00e7\u00e3o de um alimento adequado para o seu animal de estima\u00e7\u00e3o \u00e9 muito importante para garantir o seu crescimento, o desenvolvimento e a sa\u00fade. Com esta op\u00e7\u00e3o da Vet Life voc\u00ea poder\u00e1 cobrir as necessidades nutricionais e energ\u00e9ticas do seu gato.<\/p>\n<p>Seu animal de estima\u00e7\u00e3o sempre saud\u00e1vel Uma alimenta\u00e7\u00e3o balanceada \u00e9 essencial para que o seu fiel companheiro se mantenha saud\u00e1vel e forte. A dieta do seu gato \u00e9 refletida na sua pelagem, por isso \u00e9 de vital import\u00e2ncia que contenha todos os nutrientes necess\u00e1rios para o seu crescimento. Garanta a energia e a vitalidade do seu amigo para que ele possa correr, pular e jogar o dia todo.<\/p>\n<p>Prote\u00edna para uma nutri\u00e7\u00e3o completa Alimento rico em prote\u00edna animal de alto valor biol\u00f3gico, cont\u00e9m minerais como c\u00e1lcio, f\u00f3sforo, pot\u00e1ssio e ferro, vitaminas A, D e E, fibras e \u00e1cidos graxos essenciais. Estes nutrientes promovem o fortalecimento do sistema imunol\u00f3gico do seu animal de estima\u00e7\u00e3o e o bom funcionamento de seus sistemas vitais. Al\u00e9m disso, contribuem para a sa\u00fade da sua pelagem, pele e unhas e para a manuten\u00e7\u00e3o de seus tend\u00f5es, m\u00fasculos e ossos.<\/p>","protected":false},"excerpt":{"rendered":"<p>A sele\u00e7\u00e3o de um alimento adequado para o seu animal de estima\u00e7\u00e3o \u00e9 muito importante para garantir o seu crescimento, o desenvolvimento e a sa\u00fade. Com esta op\u00e7\u00e3o da Vet Life voc\u00ea poder\u00e1 cobrir as necessidades nutricionais e energ\u00e9ticas do seu gato. Seu animal de estima\u00e7\u00e3o sempre saud\u00e1vel Uma alimenta\u00e7\u00e3o balanceada \u00e9 essencial para que [&hellip;]<\/p>\n","protected":false},"featured_media":1410789010,"comment_status":"open","ping_status":"closed","template":"","meta":{"googlesitekit_rrm_CAow0N7NCw:productID":"","content-type":"","pmpro_default_level":"","_themeisle_gutenberg_block_has_review":false},"product_brand":[427],"product_cat":[256],"product_tag":[],"class_list":{"0":"post-1410789011","1":"product","2":"type-product","3":"status-publish","4":"has-post-thumbnail","6":"product_brand-elanco","7":"product_cat-racoes","8":"pmpro-has-access","10":"first","11":"outofstock","12":"taxable","13":"shipping-taxable","14":"purchasable","15":"product-type-simple"},"_links":{"self":[{"href":"https:\/\/dinhosreef.com\/en\/wp-json\/wp\/v2\/product\/1410789011","targetHints":{"allow":["GET"]}}],"collection":[{"href":"https:\/\/dinhosreef.com\/en\/wp-json\/wp\/v2\/product"}],"about":[{"href":"https:\/\/dinhosreef.com\/en\/wp-json\/wp\/v2\/types\/product"}],"replies":[{"embeddable":true,"href":"https:\/\/dinhosreef.com\/en\/wp-json\/wp\/v2\/comments?post=1410789011"}],"wp:featuredmedia":[{"embeddable":true,"href":"https:\/\/dinhosreef.com\/en\/wp-json\/wp\/v2\/media\/1410789010"}],"wp:attachment":[{"href":"https:\/\/dinhosreef.com\/en\/wp-json\/wp\/v2\/media?parent=1410789011"}],"wp:term":[{"taxonomy":"product_brand","embeddable":true,"href":"https:\/\/dinhosreef.com\/en\/wp-json\/wp\/v2\/product_brand?post=1410789011"},{"taxonomy":"product_cat","embeddable":true,"href":"https:\/\/dinhosreef.com\/en\/wp-json\/wp\/v2\/product_cat?post=1410789011"},{"taxonomy":"product_tag","embeddable":true,"href":"https:\/\/dinhosreef.com\/en\/wp-json\/wp\/v2\/product_tag?post=1410789011"}],"curies":[{"name":"wp","href":"https:\/\/api.w.org\/{rel}","templated":true}]}}