{"id":1410789013,"date":"2026-02-22T13:41:25","date_gmt":"2026-02-22T16:41:25","guid":{"rendered":"https:\/\/dinhosreef.com\/produto\/racao-para-gatos-vet-life-hypoallergenic-pork-e-potato-400g\/"},"modified":"2026-03-12T10:13:53","modified_gmt":"2026-03-12T13:13:53","slug":"racao-para-gatos-vet-life-hypoallergenic-pork-e-potato-400g","status":"publish","type":"product","link":"https:\/\/dinhosreef.com\/en\/product\/racao-para-gatos-vet-life-hypoallergenic-pork-e-potato-400g\/","title":{"rendered":"Ra\u00e7\u00e3o Para Gatos Vet Life Hypoallergenic Pork E Potato 400g"},"content":{"rendered":"<p>Alimento coadjuvante seco recomendado para auxiliar na recupera\u00e7\u00e3o de gatos com alergias ou intoler\u00e2ncia a nutrientes. Estas rea\u00e7\u00f5es adversas s\u00e3o muitas vezes devidas \u00e0 presen\u00e7a de prote\u00ednas e res\u00edduos na dieta aos quais o gato \u00e9 sens\u00edvel. Vet Life Natural Feline Hypoallergenic Pork &amp; Potato foi formulada especialmente para diminuir a presen\u00e7a de fatores frequentemente respons\u00e1veis pelas rea\u00e7\u00f5es al\u00e9rgicas e intoler\u00e2ncias. COMPOSI\u00c7\u00c3O B\u00c1SICA farinha de torresmo, gordura su\u00edna, \u00f3leo de peixe, \u00f3leo de frango, batata desidratada, amido de batata, plasma sangu\u00edneo desidratado de su\u00edno, celulose em p\u00f3, DL-metionina, triptofano, L-tirosina, taurina, L-carnitina, L-treonina, aditivo prebiotico (MOS), beta caroteno, extrato de yucca, zeolita, hidrolisado de f\u00edgado su\u00edno, vitaminas (A, D3, E, B1, B2, B5, B6, B12, C, biotina, niacina, \u00e1cido f\u00f3lico, cloreto de colina), cloreto de s\u00f3dio, carbonato de c\u00e1lcio, sulfato de c\u00e1lcio dihidratado, fosfato bic\u00e1lcico, cloreto de pot\u00e1ssio, ferro amino\u00e1cido quelato, cobre amino\u00e1cido quelato, zinco amino\u00e1cido quelato, mangan\u00eas amino\u00e1cido quelato, proteinato de sel\u00eanio, iodato de c\u00e1lcio, propionato de c\u00e1lcio, mono e diglicer\u00eddeos de \u00e1cidos graxos, concentrado de tocofer\u00f3is. Na Shop For Pets, n\u00e3o apenas comercializamos produtos para animais de estima\u00e7\u00e3o; vivemos e respiramos a paix\u00e3o pelos nossos amigos de quatro patas. Somos uma equipe dedicada de amantes de animais, e nosso compromisso \u00e9 proporcionar a voc\u00ea e ao seu peludo uma experi\u00eancia \u00fanica em cuidados e produtos de alta qualidade. O Que Nos Torna \u00danicos: Variedade Premium: Na Shop For Pets, oferecemos uma ampla gama de produtos, desde as melhores marcas de ra\u00e7\u00f5es at\u00e9 acess\u00f3rios exclusivos. Nosso objetivo \u00e9 atender \u00e0s necessidades espec\u00edficas do seu animal de estima\u00e7\u00e3o, garantindo que voc\u00ea encontre tudo o que precisa em um s\u00f3 lugar. Atendimento Atencioso: Sabemos que cada animal \u00e9 \u00fanico, e nossa equipe de especialistas em animais de estima\u00e7\u00e3o est\u00e1 aqui para oferecer orienta\u00e7\u00e3o personalizada. Seja para aconselhamento sobre alimenta\u00e7\u00e3o, sugest\u00f5es de brinquedos ou cuidados espec\u00edficos, estamos prontos para ajudar, porque entendemos a import\u00e2ncia de cada detalhe na vida do seu pet. Compromisso com a Qualidade: Na Shop For Pets, a qualidade \u00e9 a nossa prioridade. Trabalhamos com marcas renomadas e confi\u00e1veis, assegurando que cada produto em nossa loja atenda aos mais altos padr\u00f5es de seguran\u00e7a e efic\u00e1cia. Acreditamos que seus animais de estima\u00e7\u00e3o merecem apenas o melhor, e \u00e9 isso que oferecemos. Por que Escolher a Shop For Pets: Amor pelos Animais: N\u00f3s amamos animais tanto quanto voc\u00ea. Cada produto em nossa loja reflete o cuidado e a considera\u00e7\u00e3o que temos pelos seus amigos peludos. Conveni\u00eancia: Oferecemos uma experi\u00eancia de compra online f\u00e1cil e conveniente, para que voc\u00ea possa dedicar mais tempo ao que realmente importa: aproveitar momentos especiais com seu animal de estima\u00e7\u00e3o. Confian\u00e7a: Na Shop For Pets, constru\u00edmos uma reputa\u00e7\u00e3o de confian\u00e7a e excel\u00eancia. Conte conosco para fornecer produtos de qualidade e um servi\u00e7o que supera expectativas.<\/p>","protected":false},"excerpt":{"rendered":"<p>Alimento coadjuvante seco recomendado para auxiliar na recupera\u00e7\u00e3o de gatos com alergias ou intoler\u00e2ncia a nutrientes. Estas rea\u00e7\u00f5es adversas s\u00e3o muitas vezes devidas \u00e0 presen\u00e7a de prote\u00ednas e res\u00edduos na dieta aos quais o gato \u00e9 sens\u00edvel. Vet Life Natural Feline Hypoallergenic Pork &amp; Potato foi formulada especialmente para diminuir a presen\u00e7a de fatores frequentemente [&hellip;]<\/p>\n","protected":false},"featured_media":1410789012,"comment_status":"open","ping_status":"closed","template":"","meta":{"googlesitekit_rrm_CAow0N7NCw:productID":"","content-type":"","pmpro_default_level":"","_themeisle_gutenberg_block_has_review":false},"product_brand":[427],"product_cat":[256],"product_tag":[],"class_list":{"0":"post-1410789013","1":"product","2":"type-product","3":"status-publish","4":"has-post-thumbnail","6":"product_brand-elanco","7":"product_cat-racoes","8":"pmpro-has-access","10":"first","11":"outofstock","12":"taxable","13":"shipping-taxable","14":"purchasable","15":"product-type-simple"},"_links":{"self":[{"href":"https:\/\/dinhosreef.com\/en\/wp-json\/wp\/v2\/product\/1410789013","targetHints":{"allow":["GET"]}}],"collection":[{"href":"https:\/\/dinhosreef.com\/en\/wp-json\/wp\/v2\/product"}],"about":[{"href":"https:\/\/dinhosreef.com\/en\/wp-json\/wp\/v2\/types\/product"}],"replies":[{"embeddable":true,"href":"https:\/\/dinhosreef.com\/en\/wp-json\/wp\/v2\/comments?post=1410789013"}],"wp:featuredmedia":[{"embeddable":true,"href":"https:\/\/dinhosreef.com\/en\/wp-json\/wp\/v2\/media\/1410789012"}],"wp:attachment":[{"href":"https:\/\/dinhosreef.com\/en\/wp-json\/wp\/v2\/media?parent=1410789013"}],"wp:term":[{"taxonomy":"product_brand","embeddable":true,"href":"https:\/\/dinhosreef.com\/en\/wp-json\/wp\/v2\/product_brand?post=1410789013"},{"taxonomy":"product_cat","embeddable":true,"href":"https:\/\/dinhosreef.com\/en\/wp-json\/wp\/v2\/product_cat?post=1410789013"},{"taxonomy":"product_tag","embeddable":true,"href":"https:\/\/dinhosreef.com\/en\/wp-json\/wp\/v2\/product_tag?post=1410789013"}],"curies":[{"name":"wp","href":"https:\/\/api.w.org\/{rel}","templated":true}]}}