{"id":1410789017,"date":"2026-02-22T13:41:33","date_gmt":"2026-02-22T16:41:33","guid":{"rendered":"https:\/\/dinhosreef.com\/produto\/racao-umida-nd-quinoa-urinary-para-gatos-adultos-80g\/"},"modified":"2026-04-29T06:39:57","modified_gmt":"2026-04-29T09:39:57","slug":"racao-umida-nd-quinoa-urinary-para-gatos-adultos-80g","status":"publish","type":"product","link":"https:\/\/dinhosreef.com\/en\/product\/racao-umida-nd-quinoa-urinary-para-gatos-adultos-80g\/","title":{"rendered":"RA\u00c7\u00c3O \u00daMIDA ND QUINOA URINARY PARA GATOS ADULTOS 80G"},"content":{"rendered":"<p><strong>ND Wet Feline Quinoa Urinary 80g \u2013 Cuidado Especial para a Sa\u00fade Urin\u00e1ria do Seu Gato\u00a0<\/strong><\/p>\n<p>O <strong>ND Wet Feline Quinoa Urinary 80g<\/strong> \u00e9 um alimento \u00famido super premium, desenvolvido especialmente para auxiliar na sa\u00fade do trato urin\u00e1rio dos gatos. Com ingredientes selecionados e f\u00f3rmula balanceada, oferece nutri\u00e7\u00e3o completa e funcional, ajudando a manter o pH urin\u00e1rio equilibrado e contribuindo para o bem-estar do seu felino.<\/p>\n<h3>\u00a0Principais Benef\u00edcios:<\/h3>\n<ul>\n<li>\n<p><strong>Auxilia na sa\u00fade urin\u00e1ria<\/strong> \u2013 F\u00f3rmula espec\u00edfica para suporte do trato urin\u00e1rio.<\/p>\n<\/li>\n<li>\n<p><strong>Alta palatabilidade<\/strong> \u2013 Sabor irresist\u00edvel que agrada at\u00e9 os gatos mais exigentes.<\/p>\n<\/li>\n<li>\n<p><strong>Com quinoa<\/strong> \u2013 Superalimento rico em nutrientes e fibras.<\/p>\n<\/li>\n<li>\n<p><strong>Prote\u00edna de alta qualidade<\/strong> \u2013 Contribui para a manuten\u00e7\u00e3o da massa muscular.<\/p>\n<\/li>\n<li>\n<p><strong>Sem conservantes artificiais<\/strong> \u2013 Mais natural e saud\u00e1vel.<\/p>\n<\/li>\n<\/ul>\n<h3>\u00a0Por que escolher alimento \u00famido?<\/h3>\n<p>A alimenta\u00e7\u00e3o \u00famida ajuda na ingest\u00e3o di\u00e1ria de l\u00edquidos, fator essencial para a sa\u00fade urin\u00e1ria dos gatos, al\u00e9m de proporcionar uma refei\u00e7\u00e3o mais saborosa e suculenta.<\/p>\n<p>Ideal para gatos adultos que necessitam de cuidados com o sistema urin\u00e1rio ou como complemento \u00e0 alimenta\u00e7\u00e3o seca.<\/p>\n<p>Garanta mais sa\u00fade, sabor e qualidade de vida para o seu gato com <strong>ND Wet Feline Quinoa Urinary 80g<\/strong>!\u00a0<\/p>","protected":false},"excerpt":{"rendered":"<p>ND Wet Feline Quinoa Urinary 80g \u2013 Cuidado Especial para a Sa\u00fade Urin\u00e1ria do Seu Gato\u00a0 O ND Wet Feline Quinoa Urinary 80g \u00e9 um alimento \u00famido super premium, desenvolvido especialmente para auxiliar na sa\u00fade do trato urin\u00e1rio dos gatos. Com ingredientes selecionados e f\u00f3rmula balanceada, oferece nutri\u00e7\u00e3o completa e funcional, ajudando a manter o [&hellip;]<\/p>\n","protected":false},"featured_media":1410789016,"comment_status":"open","ping_status":"closed","template":"","meta":{"googlesitekit_rrm_CAow0N7NCw:productID":"","content-type":"","pmpro_default_level":"","_themeisle_gutenberg_block_has_review":false},"product_brand":[427],"product_cat":[256],"product_tag":[],"class_list":{"0":"post-1410789017","1":"product","2":"type-product","3":"status-publish","4":"has-post-thumbnail","6":"product_brand-elanco","7":"product_cat-racoes","8":"pmpro-has-access","10":"first","11":"outofstock","12":"taxable","13":"shipping-taxable","14":"purchasable","15":"product-type-simple"},"_links":{"self":[{"href":"https:\/\/dinhosreef.com\/en\/wp-json\/wp\/v2\/product\/1410789017","targetHints":{"allow":["GET"]}}],"collection":[{"href":"https:\/\/dinhosreef.com\/en\/wp-json\/wp\/v2\/product"}],"about":[{"href":"https:\/\/dinhosreef.com\/en\/wp-json\/wp\/v2\/types\/product"}],"replies":[{"embeddable":true,"href":"https:\/\/dinhosreef.com\/en\/wp-json\/wp\/v2\/comments?post=1410789017"}],"wp:featuredmedia":[{"embeddable":true,"href":"https:\/\/dinhosreef.com\/en\/wp-json\/wp\/v2\/media\/1410789016"}],"wp:attachment":[{"href":"https:\/\/dinhosreef.com\/en\/wp-json\/wp\/v2\/media?parent=1410789017"}],"wp:term":[{"taxonomy":"product_brand","embeddable":true,"href":"https:\/\/dinhosreef.com\/en\/wp-json\/wp\/v2\/product_brand?post=1410789017"},{"taxonomy":"product_cat","embeddable":true,"href":"https:\/\/dinhosreef.com\/en\/wp-json\/wp\/v2\/product_cat?post=1410789017"},{"taxonomy":"product_tag","embeddable":true,"href":"https:\/\/dinhosreef.com\/en\/wp-json\/wp\/v2\/product_tag?post=1410789017"}],"curies":[{"name":"wp","href":"https:\/\/api.w.org\/{rel}","templated":true}]}}