{"id":1410789027,"date":"2026-02-22T13:41:52","date_gmt":"2026-02-22T16:41:52","guid":{"rendered":"https:\/\/dinhosreef.com\/produto\/racao-nd-quinoa-gatos-adultos-digestion-cordeiro-400g\/"},"modified":"2026-03-17T09:44:16","modified_gmt":"2026-03-17T12:44:16","slug":"racao-nd-quinoa-gatos-adultos-digestion-cordeiro-400g","status":"publish","type":"product","link":"https:\/\/dinhosreef.com\/en\/product\/racao-nd-quinoa-gatos-adultos-digestion-cordeiro-400g\/","title":{"rendered":"RA\u00c7\u00c3O ND QUINOA GATOS ADULTOS DIGESTION CORDEIRO 400G"},"content":{"rendered":"<h2>Ra\u00e7\u00e3o N&amp;D Quinoa Gatos Adultos Digestion Cordeiro<\/h2>\n<p>A\u00a0<strong>Ra\u00e7\u00e3o N&amp;D Quinoa Gatos Adultos Digestion<\/strong>\u00a0\u00e9 completa e balanceada e feita especialmente para gatos adultos com sensibilidade digestiva. Feita pela Farmina,\u00a0<strong>N&amp;D Quinoa<\/strong>\u00a0\u00e9 uma linha de alimentos funcionais para o bem-estar de gatos com necessidades nutricionais espec\u00edficas.<\/p>\n<p>Feita sem cereais e com mais de 90% de prote\u00edna de origem animal de fontes inovadoras como o cordeiro, a\u00a0<strong>Ra\u00e7\u00e3o N&amp;D Quinoa Digestion<\/strong>\u00a0cont\u00e9m quinoa, um ingrediente precioso cheio de propriedades nutricionais que favorece a digest\u00e3o, a absor\u00e7\u00e3o de nutrientes e a sa\u00fade intestinal.<\/p>\n<p>Possui tamb\u00e9m ingredientes naturais como hortel\u00e3 e erva-doce, n\u00e3o cont\u00e9m gl\u00faten, transg\u00eanicos ou cereais, o que a deixa com baixo \u00edndice glic\u00eamico e conta com vitaminas essenciais para cuidar da sa\u00fade do seu felino.<\/p>\n<h3>Tamanho do gr\u00e3o<\/h3>\n<p>Di\u00e2metro 15-17mm x Espessura 8-10mm.<\/p>\n<h3>Ingredientes<\/h3>\n<p>Carne de ovino (cordeiro), farinha de carne e ossos de ovino (m\u00edn. 3%), farinha de v\u00edsceras de aves, ovo em p\u00f3, gr\u00e3o de quinoa (m\u00edn. 5%), amido de batata, amido de mandioca, \u00f3leo de frango, \u00f3leo de peixe, polpa de beterraba, semente de psyllium, levedura seca de cervejaria, erva-doce desidratada (m\u00edn. 0,15%), hortel\u00e3 desidratada (m\u00edn. 0,15%), extrato de ch\u00e1 verde, extrato de aloe vera, beta caroteno, aditivos prebi\u00f3ticos (FOS e MOS), DL-metionina, taurina, L-carnitina, sulfato de condroitina, sulfato de glicosamina, aditivos adsorventes (extrato de yucca e zeolita), hidrolisado de f\u00edgado de aves e su\u00ednos, vitaminas (retinol (A), colecalciferol (D3), acetato de DL-alfa-tocoferol (E), tiamina (B1), riboflavina (B2), cloridrato de piridoxina (B6), cianocobalamina (B12), \u00e1cido asc\u00f3rbico monofosfato (C), biotina, niacina, \u00e1cido pantot\u00eanico, \u00e1cido f\u00f3lico, cloreto de colina), cloreto de pot\u00e1ssio, carbonato de c\u00e1lcio, fosfato bic\u00e1lcico, \u00e1cido fosf\u00f3rico, ferro amino\u00e1cido quelato, cobre amino\u00e1cido quelato, zinco amino\u00e1cido quelato, mangan\u00eas amino\u00e1cido quelato, proteinato de sel\u00eanio, iodato de c\u00e1lcio, propionato de c\u00e1lcio, concentrado de tocofer\u00f3is.<br \/>Eventuais substitutivos: prote\u00edna hidrolisada de peixe, prote\u00edna hidrolisada de frango.<\/p>","protected":false},"excerpt":{"rendered":"<p>Ra\u00e7\u00e3o N&amp;D Quinoa Gatos Adultos Digestion Cordeiro A\u00a0Ra\u00e7\u00e3o N&amp;D Quinoa Gatos Adultos Digestion\u00a0\u00e9 completa e balanceada e feita especialmente para gatos adultos com sensibilidade digestiva. Feita pela Farmina,\u00a0N&amp;D Quinoa\u00a0\u00e9 uma linha de alimentos funcionais para o bem-estar de gatos com necessidades nutricionais espec\u00edficas. Feita sem cereais e com mais de 90% de prote\u00edna de origem [&hellip;]<\/p>\n","protected":false},"featured_media":1410789026,"comment_status":"open","ping_status":"closed","template":"","meta":{"googlesitekit_rrm_CAow0N7NCw:productID":"","content-type":"","pmpro_default_level":"","_themeisle_gutenberg_block_has_review":false},"product_brand":[427],"product_cat":[256],"product_tag":[],"class_list":{"0":"post-1410789027","1":"product","2":"type-product","3":"status-publish","4":"has-post-thumbnail","6":"product_brand-elanco","7":"product_cat-racoes","8":"pmpro-has-access","10":"first","11":"outofstock","12":"taxable","13":"shipping-taxable","14":"purchasable","15":"product-type-simple"},"_links":{"self":[{"href":"https:\/\/dinhosreef.com\/en\/wp-json\/wp\/v2\/product\/1410789027","targetHints":{"allow":["GET"]}}],"collection":[{"href":"https:\/\/dinhosreef.com\/en\/wp-json\/wp\/v2\/product"}],"about":[{"href":"https:\/\/dinhosreef.com\/en\/wp-json\/wp\/v2\/types\/product"}],"replies":[{"embeddable":true,"href":"https:\/\/dinhosreef.com\/en\/wp-json\/wp\/v2\/comments?post=1410789027"}],"wp:featuredmedia":[{"embeddable":true,"href":"https:\/\/dinhosreef.com\/en\/wp-json\/wp\/v2\/media\/1410789026"}],"wp:attachment":[{"href":"https:\/\/dinhosreef.com\/en\/wp-json\/wp\/v2\/media?parent=1410789027"}],"wp:term":[{"taxonomy":"product_brand","embeddable":true,"href":"https:\/\/dinhosreef.com\/en\/wp-json\/wp\/v2\/product_brand?post=1410789027"},{"taxonomy":"product_cat","embeddable":true,"href":"https:\/\/dinhosreef.com\/en\/wp-json\/wp\/v2\/product_cat?post=1410789027"},{"taxonomy":"product_tag","embeddable":true,"href":"https:\/\/dinhosreef.com\/en\/wp-json\/wp\/v2\/product_tag?post=1410789027"}],"curies":[{"name":"wp","href":"https:\/\/api.w.org\/{rel}","templated":true}]}}