{"id":1410789047,"date":"2026-02-22T14:12:09","date_gmt":"2026-02-22T17:12:09","guid":{"rendered":"https:\/\/dinhosreef.com\/produto\/racao-nd-ancestral-p-caes-frango-puppy-mini-800g\/"},"modified":"2026-03-13T11:24:29","modified_gmt":"2026-03-13T14:24:29","slug":"racao-nd-ancestral-p-caes-frango-puppy-mini-800g","status":"publish","type":"product","link":"https:\/\/dinhosreef.com\/en\/product\/racao-nd-ancestral-p-caes-frango-puppy-mini-800g\/","title":{"rendered":"RA\u00c7\u00c3O ND ANCESTRAL P\/ C\u00c3ES FRANGO PUPPY MINI 800G"},"content":{"rendered":"<h2>Ra\u00e7\u00e3o N&amp;D Ancestral Grain C\u00e3es Puppy Mini Frango<\/h2>\n<p>A\u00a0<strong>Ra\u00e7\u00e3o N&amp;D Ancestral Grain C\u00e3es Puppy Mini Frango<\/strong>\u00a0\u00e9 uma ra\u00e7\u00e3o completa e balanceada feita com frango, prote\u00edna de alto valor biol\u00f3gico, rom\u00e3 e cereais ancestrais como a aveia e a cevada.<\/p>\n<p>A\u00a0<strong>Ra\u00e7\u00e3o N&amp;D Ancestral Grain Puppy<\/strong>\u00a0tem antioxidantes naturais, extratos ricos em tocofer\u00f3is, possui um baixo \u00edndice glic\u00eamico que permite uma libera\u00e7\u00e3o gradual de energia ao longo do dia e ainda \u00e9 rico em vitaminas.<\/p>\n<p>Ideal para c\u00e3es filhotes de ra\u00e7as mini e pequenas, a\u00a0<strong>Ra\u00e7\u00e3o N&amp;D Ancestral Grain C\u00e3es Puppy Mini<\/strong> tamb\u00e9m pode ser oferecida para cadelas no ter\u00e7o final de gesta\u00e7\u00e3o e em lacta\u00e7\u00e3o. Possui gr\u00e3os adaptados para melhor aceita\u00e7\u00e3o dos pequenos e que t\u00eam paladar exigente.<\/p>\n<h3>Medida do gr\u00e3o<\/h3>\n<p>Di\u00e2metro 5-7mm x Espessura 2-4mm<\/p>\n<h3>Composi\u00e7\u00e3o B\u00e1sica<\/h3>\n<p>Carne de frango (mecanicamente separada), farinha de v\u00edsceras de aves (m\u00edn. 10%), ovo em p\u00f3, aveia (m\u00edn. 1%), gr\u00e3os de sorgo, cevada em gr\u00e3os (m\u00edn. 1%), farinha de peixe, \u00f3leo de frango, \u00f3leo de peixe, polpa de beterraba, casca de ervilha, alfafa desidratada, lignocelulose, semente de psyllium, levedura seca de cervejaria, cenoura desidratada, espinafre desidratado, laranja desidratada, ma\u00e7\u00e3 desidratada, extrato de mirtilo (blueberry), extrato de rom\u00e3 (m\u00edn. 0,075%), extrato de ch\u00e1 verde, extrato de aloe vera, c\u00farcuma em p\u00f3, beta caroteno, aditivos prebi\u00f3ticos (FOS e MOS), DL-metionina, taurina, L-carnitina, sulfato de condroitina, sulfato de glicosamina, aditivos adsorventes (extrato de yucca e zeolita), hidrolisado de f\u00edgado de aves e su\u00ednos, vitaminas (retinol (A), colecalciferol (D3), acetato de DL-alfa-tocoferol (E), tiamina (B1), riboflavina (B2), cloridrato de piridoxina (B6), cianocobalamina (B12), \u00e1cido asc\u00f3rbico monofosfato (C), biotina, niacina, \u00e1cido pantot\u00eanico, \u00e1cido f\u00f3lico, cloreto de colina), fosfato bic\u00e1lcico, cloreto de pot\u00e1ssio, ferro amino\u00e1cido quelato, cobre amino\u00e1cido quelato, zinco amino\u00e1cido quelato, mangan\u00eas amino\u00e1cido quelato, proteinato de sel\u00eanio, iodato de c\u00e1lcio, propionato de c\u00e1lcio, concentrado de tocofer\u00f3is.<\/p>","protected":false},"excerpt":{"rendered":"<p>Ra\u00e7\u00e3o N&amp;D Ancestral Grain C\u00e3es Puppy Mini Frango A\u00a0Ra\u00e7\u00e3o N&amp;D Ancestral Grain C\u00e3es Puppy Mini Frango\u00a0\u00e9 uma ra\u00e7\u00e3o completa e balanceada feita com frango, prote\u00edna de alto valor biol\u00f3gico, rom\u00e3 e cereais ancestrais como a aveia e a cevada. A\u00a0Ra\u00e7\u00e3o N&amp;D Ancestral Grain Puppy\u00a0tem antioxidantes naturais, extratos ricos em tocofer\u00f3is, possui um baixo \u00edndice glic\u00eamico [&hellip;]<\/p>\n","protected":false},"featured_media":1410789046,"comment_status":"open","ping_status":"closed","template":"","meta":{"googlesitekit_rrm_CAow0N7NCw:productID":"","content-type":"","pmpro_default_level":"","_themeisle_gutenberg_block_has_review":false},"product_brand":[392],"product_cat":[259],"product_tag":[],"class_list":{"0":"post-1410789047","1":"product","2":"type-product","3":"status-publish","4":"has-post-thumbnail","6":"product_brand-farmina","7":"product_cat-racoes-alimento-petisco-e-suplemento-caes","8":"pmpro-has-access","10":"first","11":"outofstock","12":"taxable","13":"shipping-taxable","14":"purchasable","15":"product-type-simple"},"_links":{"self":[{"href":"https:\/\/dinhosreef.com\/en\/wp-json\/wp\/v2\/product\/1410789047","targetHints":{"allow":["GET"]}}],"collection":[{"href":"https:\/\/dinhosreef.com\/en\/wp-json\/wp\/v2\/product"}],"about":[{"href":"https:\/\/dinhosreef.com\/en\/wp-json\/wp\/v2\/types\/product"}],"replies":[{"embeddable":true,"href":"https:\/\/dinhosreef.com\/en\/wp-json\/wp\/v2\/comments?post=1410789047"}],"wp:featuredmedia":[{"embeddable":true,"href":"https:\/\/dinhosreef.com\/en\/wp-json\/wp\/v2\/media\/1410789046"}],"wp:attachment":[{"href":"https:\/\/dinhosreef.com\/en\/wp-json\/wp\/v2\/media?parent=1410789047"}],"wp:term":[{"taxonomy":"product_brand","embeddable":true,"href":"https:\/\/dinhosreef.com\/en\/wp-json\/wp\/v2\/product_brand?post=1410789047"},{"taxonomy":"product_cat","embeddable":true,"href":"https:\/\/dinhosreef.com\/en\/wp-json\/wp\/v2\/product_cat?post=1410789047"},{"taxonomy":"product_tag","embeddable":true,"href":"https:\/\/dinhosreef.com\/en\/wp-json\/wp\/v2\/product_tag?post=1410789047"}],"curies":[{"name":"wp","href":"https:\/\/api.w.org\/{rel}","templated":true}]}}