{"id":1410789049,"date":"2026-02-22T14:12:13","date_gmt":"2026-02-22T17:12:13","guid":{"rendered":"https:\/\/dinhosreef.com\/produto\/racao-vet-life-renal-para-gatos-adultos-400g\/"},"modified":"2026-03-19T10:50:43","modified_gmt":"2026-03-19T13:50:43","slug":"racao-vet-life-renal-para-gatos-adultos-400g","status":"publish","type":"product","link":"https:\/\/dinhosreef.com\/en\/product\/racao-vet-life-renal-para-gatos-adultos-400g\/","title":{"rendered":"RA\u00c7\u00c3O VET LIFE RENAL PARA GATOS ADULTOS 400G"},"content":{"rendered":"<h2>Ra\u00e7\u00e3o Vet Life Natural Feline Renal<\/h2>\n<p>A\u00a0<strong>Ra\u00e7\u00e3o Vet Life Renal para gatos<\/strong>\u00a0fabricada pela Farmina \u00e9 perfeita para garantir uma dieta balanceada e saud\u00e1vel para o seu pet com problemas renais. O alimento cont\u00e9m baixa concentra\u00e7\u00e3o de f\u00f3sforo e prote\u00ednas recomendadas para pets com insufici\u00eancia renal cr\u00f4nica ou tempor\u00e1ria.<\/p>\n<h3>A melhor ra\u00e7\u00e3o para gatos com insufici\u00eancia renal<\/h3>\n<p>A\u00a0<strong>Ra\u00e7\u00e3o Vet Life Renal<\/strong>\u00a0para gatos da Farmina \u00e9 a melhor op\u00e7\u00e3o para gatos com insufici\u00eancia renal. Com uma f\u00f3rmula especial, ela contribui para a redu\u00e7\u00e3o dos sintomas relacionados \u00e0 doen\u00e7a, melhorando a rotina e a dieta alimentar do seu animal de estima\u00e7\u00e3o.<\/p>\n<h3>Ra\u00e7\u00e3o Vet Life Renal para gatos: contraindica\u00e7\u00f5es<\/h3>\n<p>Apesar de ser um alimento medicinal para pets, a\u00a0<strong>Ra\u00e7\u00e3o Vet Life Renal para gatos<\/strong> cont\u00e9m algumas contraindica\u00e7\u00f5es. O consumo deve ser evitado por gatos filhotes e gatas em fase de gesta\u00e7\u00e3o ou lacta\u00e7\u00e3o. Antes de mudar a dieta do seu animal de estima\u00e7\u00e3o, procure orienta\u00e7\u00e3o de um m\u00e9dico-veterin\u00e1rio de confian\u00e7a.<\/p>","protected":false},"excerpt":{"rendered":"<p>Ra\u00e7\u00e3o Vet Life Natural Feline Renal A\u00a0Ra\u00e7\u00e3o Vet Life Renal para gatos\u00a0fabricada pela Farmina \u00e9 perfeita para garantir uma dieta balanceada e saud\u00e1vel para o seu pet com problemas renais. O alimento cont\u00e9m baixa concentra\u00e7\u00e3o de f\u00f3sforo e prote\u00ednas recomendadas para pets com insufici\u00eancia renal cr\u00f4nica ou tempor\u00e1ria. A melhor ra\u00e7\u00e3o para gatos com insufici\u00eancia [&hellip;]<\/p>\n","protected":false},"featured_media":1410789048,"comment_status":"open","ping_status":"closed","template":"","meta":{"googlesitekit_rrm_CAow0N7NCw:productID":"","content-type":"","pmpro_default_level":"","_themeisle_gutenberg_block_has_review":false},"product_brand":[392],"product_cat":[256],"product_tag":[],"class_list":{"0":"post-1410789049","1":"product","2":"type-product","3":"status-publish","4":"has-post-thumbnail","6":"product_brand-farmina","7":"product_cat-racoes","8":"pmpro-has-access","10":"first","11":"outofstock","12":"taxable","13":"shipping-taxable","14":"purchasable","15":"product-type-simple"},"_links":{"self":[{"href":"https:\/\/dinhosreef.com\/en\/wp-json\/wp\/v2\/product\/1410789049","targetHints":{"allow":["GET"]}}],"collection":[{"href":"https:\/\/dinhosreef.com\/en\/wp-json\/wp\/v2\/product"}],"about":[{"href":"https:\/\/dinhosreef.com\/en\/wp-json\/wp\/v2\/types\/product"}],"replies":[{"embeddable":true,"href":"https:\/\/dinhosreef.com\/en\/wp-json\/wp\/v2\/comments?post=1410789049"}],"wp:featuredmedia":[{"embeddable":true,"href":"https:\/\/dinhosreef.com\/en\/wp-json\/wp\/v2\/media\/1410789048"}],"wp:attachment":[{"href":"https:\/\/dinhosreef.com\/en\/wp-json\/wp\/v2\/media?parent=1410789049"}],"wp:term":[{"taxonomy":"product_brand","embeddable":true,"href":"https:\/\/dinhosreef.com\/en\/wp-json\/wp\/v2\/product_brand?post=1410789049"},{"taxonomy":"product_cat","embeddable":true,"href":"https:\/\/dinhosreef.com\/en\/wp-json\/wp\/v2\/product_cat?post=1410789049"},{"taxonomy":"product_tag","embeddable":true,"href":"https:\/\/dinhosreef.com\/en\/wp-json\/wp\/v2\/product_tag?post=1410789049"}],"curies":[{"name":"wp","href":"https:\/\/api.w.org\/{rel}","templated":true}]}}