{"id":1410789061,"date":"2026-02-22T14:12:37","date_gmt":"2026-02-22T17:12:37","guid":{"rendered":"https:\/\/dinhosreef.com\/produto\/racao-nd-ocean-p-caes-adultos-mini-salmao-800g\/"},"modified":"2026-03-22T17:34:04","modified_gmt":"2026-03-22T20:34:04","slug":"racao-nd-ocean-p-caes-adultos-mini-salmao-800g","status":"publish","type":"product","link":"https:\/\/dinhosreef.com\/en\/product\/racao-nd-ocean-p-caes-adultos-mini-salmao-800g\/","title":{"rendered":"RA\u00c7\u00c3O ND OCEAN P\/ C\u00c3ES ADULTOS MINI SALM\u00c3O 800G"},"content":{"rendered":"<p><strong><span class=\"titoletto\">Benef\u00edcios<\/span><\/strong><\/p>\n<p class=\"comp\">94% de prote\u00ednas de origem animal, garantindo nutrientes essenciais para o desenvolvimento muscular e vitalidade do seu pet.<\/p>\n<p>100% Livre de Ingredientes Geneticamente Modificados: Garantia de uma nutri\u00e7\u00e3o natural e de alta qualidade<\/p>\n<p>Sem cereais: Dieta natural, sem ingredientes como soja, milho ou arroz, promovendo uma alimenta\u00e7\u00e3o mais pr\u00f3xima \u00e0 dos carn\u00edvoros.<\/p>\n<p>Sem corantes ou aromas artificiais: Conserva\u00e7\u00e3o com ingredientes naturais, mantendo a qualidade do produto.<\/p>\n<p class=\"comp\"><strong><span class=\"titoletto\">Composi\u00e7\u00e3o b\u00e1sica<\/span><\/strong><\/p>\n<p class=\"comp\">salm\u00e3o (carne mecanicamente separada de salm\u00e3o, farinha de salm\u00e3o \u2013 m\u00edn. 8%), farinha de peixe, farinha de v\u00edsceras de aves, farinha de torresmo, ovo em p\u00f3, amido de batata, amido de mandioca, \u00f3leo de peixe, \u00f3leo de frango, polpa de beterraba, casca de ervilha, alfafa desidratada, celulose em p\u00f3, lignocelulose, semente de psyllium, levedura seca de cervejaria, mel\u00e3o desidratado (m\u00edn. 0,1%), cenoura desidratada, espinafre desidratado, laranja desidratada, ma\u00e7\u00e3 desidratada, extrato de mirtilo (blueberry), rom\u00e3 desidratada, extrato de ch\u00e1 verde, extrato de aloe vera, c\u00farcuma em p\u00f3, beta caroteno, aditivos prebi\u00f3ticos (FOS e MOS), DL-metionina, taurina, L-carnitina, sulfato de condroitina, sulfato de glicosamina, aditivos adsorventes (extrato de yucca e zeolita), hidrolisado de peixe, vitaminas (retinol (A), colecalciferol (D3), acetato de DL-alfa-tocoferol (E), tiamina (B1), riboflavina (B2), cloridrato de piridoxina (B6), cianocobalamina (B12), \u00e1cido asc\u00f3rbico monofosfato (C), biotina, niacina, \u00e1cido pantot\u00eanico, \u00e1cido f\u00f3lico, cloreto de colina), cloreto de pot\u00e1ssio, ferro amino\u00e1cido quelato, cobre amino\u00e1cido quelato, zinco amino\u00e1cido quelato, mangan\u00eas amino\u00e1cido quelato, proteinato de sel\u00eanio, iodato de c\u00e1lcio, propionato de c\u00e1lcio, concentrado de tocofer\u00f3is.<br \/>Eventuais substitutivos: prote\u00edna hidrolisada de peixe, prote\u00edna hidrolisada de frango.<\/p>","protected":false},"excerpt":{"rendered":"<p>Benef\u00edcios 94% de prote\u00ednas de origem animal, garantindo nutrientes essenciais para o desenvolvimento muscular e vitalidade do seu pet. 100% Livre de Ingredientes Geneticamente Modificados: Garantia de uma nutri\u00e7\u00e3o natural e de alta qualidade Sem cereais: Dieta natural, sem ingredientes como soja, milho ou arroz, promovendo uma alimenta\u00e7\u00e3o mais pr\u00f3xima \u00e0 dos carn\u00edvoros. Sem corantes [&hellip;]<\/p>\n","protected":false},"featured_media":1410789060,"comment_status":"open","ping_status":"closed","template":"","meta":{"googlesitekit_rrm_CAow0N7NCw:productID":"","content-type":"","pmpro_default_level":"","_themeisle_gutenberg_block_has_review":false},"product_brand":[392],"product_cat":[259],"product_tag":[],"class_list":{"0":"post-1410789061","1":"product","2":"type-product","3":"status-publish","4":"has-post-thumbnail","6":"product_brand-farmina","7":"product_cat-racoes-alimento-petisco-e-suplemento-caes","8":"pmpro-has-access","10":"first","11":"instock","12":"taxable","13":"shipping-taxable","14":"purchasable","15":"product-type-simple"},"_links":{"self":[{"href":"https:\/\/dinhosreef.com\/en\/wp-json\/wp\/v2\/product\/1410789061","targetHints":{"allow":["GET"]}}],"collection":[{"href":"https:\/\/dinhosreef.com\/en\/wp-json\/wp\/v2\/product"}],"about":[{"href":"https:\/\/dinhosreef.com\/en\/wp-json\/wp\/v2\/types\/product"}],"replies":[{"embeddable":true,"href":"https:\/\/dinhosreef.com\/en\/wp-json\/wp\/v2\/comments?post=1410789061"}],"wp:featuredmedia":[{"embeddable":true,"href":"https:\/\/dinhosreef.com\/en\/wp-json\/wp\/v2\/media\/1410789060"}],"wp:attachment":[{"href":"https:\/\/dinhosreef.com\/en\/wp-json\/wp\/v2\/media?parent=1410789061"}],"wp:term":[{"taxonomy":"product_brand","embeddable":true,"href":"https:\/\/dinhosreef.com\/en\/wp-json\/wp\/v2\/product_brand?post=1410789061"},{"taxonomy":"product_cat","embeddable":true,"href":"https:\/\/dinhosreef.com\/en\/wp-json\/wp\/v2\/product_cat?post=1410789061"},{"taxonomy":"product_tag","embeddable":true,"href":"https:\/\/dinhosreef.com\/en\/wp-json\/wp\/v2\/product_tag?post=1410789061"}],"curies":[{"name":"wp","href":"https:\/\/api.w.org\/{rel}","templated":true}]}}