{"id":1410789063,"date":"2026-02-22T14:12:41","date_gmt":"2026-02-22T17:12:41","guid":{"rendered":"https:\/\/dinhosreef.com\/produto\/racao-umida-nd-ocean-bacalhau-para-caes-filhotes-140g\/"},"modified":"2026-02-22T14:15:31","modified_gmt":"2026-02-22T17:15:31","slug":"racao-umida-nd-ocean-bacalhau-para-caes-filhotes-140g","status":"publish","type":"product","link":"https:\/\/dinhosreef.com\/en\/product\/racao-umida-nd-ocean-bacalhau-para-caes-filhotes-140g\/","title":{"rendered":"RA\u00c7\u00c3O \u00daMIDA ND OCEAN BACALHAU PARA C\u00c3ES FILHOTES 140G"},"content":{"rendered":"<h2>Ra\u00e7\u00e3o \u00damida N&amp;D C\u00e3es Puppy Ocean Bacalhau e Ab\u00f3bora<\/h2>\n<p>A\u00a0<strong>Ra\u00e7\u00e3o \u00damida N&amp;D C\u00e3es Puppy Ocean Bacalhau e Ab\u00f3bora<\/strong>\u00a0\u00e9 um alimento completo \u00famido indicado para c\u00e3es filhotes, f\u00eameas gestantes ou em lacta\u00e7\u00e3o.<\/p>\n<p>Feito com ingredientes frescos,\u00a0<strong>N&amp;D Ocean<\/strong> \u00e9 uma linha que oferece o melhor para o seu pet, utilizando as melhores mat\u00e9rias-primas naturalmente ricas em nutrientes naturais.<\/p>\n<h3>Composi\u00e7\u00e3o B\u00e1sica<\/h3>\n<p>Carne de bacalhau (m\u00edn. 60%), carne de arenque, carne de salm\u00e3o, batata doce, ab\u00f3bora (m\u00edn. 5%), \u00f3leo de peixe, camar\u00e3o integral, aditivo prebi\u00f3tico (FOS), cloreto de colina, carbonato de c\u00e1lcio, cloreto de pot\u00e1ssio, vitaminas (A, D3, E), quelato zinco-metionina hidroxi analoga, quelato mangan\u00eas-metionina hidroxi analoga, ferro aminoacido quelato, quelato cobre-metionina hidroxi analoga, levedura enriquecida com sel\u00eanio, DL-metionina, taurina, L-Carnitina.<\/p>","protected":false},"excerpt":{"rendered":"<p>Ra\u00e7\u00e3o \u00damida N&amp;D C\u00e3es Puppy Ocean Bacalhau e Ab\u00f3bora A\u00a0Ra\u00e7\u00e3o \u00damida N&amp;D C\u00e3es Puppy Ocean Bacalhau e Ab\u00f3bora\u00a0\u00e9 um alimento completo \u00famido indicado para c\u00e3es filhotes, f\u00eameas gestantes ou em lacta\u00e7\u00e3o. Feito com ingredientes frescos,\u00a0N&amp;D Ocean \u00e9 uma linha que oferece o melhor para o seu pet, utilizando as melhores mat\u00e9rias-primas naturalmente ricas em nutrientes [&hellip;]<\/p>\n","protected":false},"featured_media":1410789062,"comment_status":"open","ping_status":"closed","template":"","meta":{"googlesitekit_rrm_CAow0N7NCw:productID":"","content-type":"","pmpro_default_level":"","_themeisle_gutenberg_block_has_review":false},"product_brand":[392],"product_cat":[259],"product_tag":[],"class_list":{"0":"post-1410789063","1":"product","2":"type-product","3":"status-publish","4":"has-post-thumbnail","6":"product_brand-farmina","7":"product_cat-racoes-alimento-petisco-e-suplemento-caes","8":"pmpro-has-access","10":"first","11":"outofstock","12":"taxable","13":"shipping-taxable","14":"purchasable","15":"product-type-simple"},"_links":{"self":[{"href":"https:\/\/dinhosreef.com\/en\/wp-json\/wp\/v2\/product\/1410789063","targetHints":{"allow":["GET"]}}],"collection":[{"href":"https:\/\/dinhosreef.com\/en\/wp-json\/wp\/v2\/product"}],"about":[{"href":"https:\/\/dinhosreef.com\/en\/wp-json\/wp\/v2\/types\/product"}],"replies":[{"embeddable":true,"href":"https:\/\/dinhosreef.com\/en\/wp-json\/wp\/v2\/comments?post=1410789063"}],"wp:featuredmedia":[{"embeddable":true,"href":"https:\/\/dinhosreef.com\/en\/wp-json\/wp\/v2\/media\/1410789062"}],"wp:attachment":[{"href":"https:\/\/dinhosreef.com\/en\/wp-json\/wp\/v2\/media?parent=1410789063"}],"wp:term":[{"taxonomy":"product_brand","embeddable":true,"href":"https:\/\/dinhosreef.com\/en\/wp-json\/wp\/v2\/product_brand?post=1410789063"},{"taxonomy":"product_cat","embeddable":true,"href":"https:\/\/dinhosreef.com\/en\/wp-json\/wp\/v2\/product_cat?post=1410789063"},{"taxonomy":"product_tag","embeddable":true,"href":"https:\/\/dinhosreef.com\/en\/wp-json\/wp\/v2\/product_tag?post=1410789063"}],"curies":[{"name":"wp","href":"https:\/\/api.w.org\/{rel}","templated":true}]}}