{"id":1410789065,"date":"2026-02-22T14:12:45","date_gmt":"2026-02-22T17:12:45","guid":{"rendered":"https:\/\/dinhosreef.com\/produto\/racao-umida-nd-prime-puppy-frango-p-caes-filhotes-140g\/"},"modified":"2026-03-30T09:45:59","modified_gmt":"2026-03-30T12:45:59","slug":"racao-umida-nd-prime-puppy-frango-p-caes-filhotes-140g","status":"publish","type":"product","link":"https:\/\/dinhosreef.com\/en\/product\/racao-umida-nd-prime-puppy-frango-p-caes-filhotes-140g\/","title":{"rendered":"RA\u00c7\u00c3O \u00daMIDA ND PRIME PUPPY FRANGO P\/ C\u00c3ES FILHOTES 140G"},"content":{"rendered":"<h2>Ra\u00e7\u00e3o \u00damida N&amp;D Prime C\u00e3es Filhotes Frango e Rom\u00e3<\/h2>\n<p>Feita com ingredientes de alt\u00edssima qualidade, a\u00a0<strong>Ra\u00e7\u00e3o \u00damida N&amp;D Prime C\u00e3es Filhotes Frango e Rom\u00e3<\/strong>\u00a0\u00e9 uma \u00f3tima op\u00e7\u00e3o para voc\u00ea que procura uma alimenta\u00e7\u00e3o natural para o seu c\u00e3ozinho. Alimento completo e balanceado, feito especialmente para c\u00e3es filhotes. Pode ser a \u00fanica fonte de alimento do seu pet ou misturada \u00e0 ra\u00e7\u00e3o seca que ele j\u00e1 esteja acostumado.<\/p>\n<p>A linha\u00a0<strong>N&amp;D Prime<\/strong>\u00a0foi baseada no sistema nutricional para carn\u00edvoros com 98% das prote\u00ednas de origem animal de alto valor biol\u00f3gico e sem cereais. Al\u00e9m de ser ideal para filhotes, tamb\u00e9m pode ser oferecida para f\u00eameas gestantes ou em lacta\u00e7\u00e3o.<\/p>\n<p>A\u00a0<strong>Ra\u00e7\u00e3o \u00damida N&amp;D Prime C\u00e3es Filhotes<\/strong> \u00e9 livre de ingredientes transg\u00eanicos e n\u00e3o cont\u00e9m cereais em sua composi\u00e7\u00e3o, tornando-o um alimento de baixo \u00edndice glic\u00eamico, garantindo uma vida mais saud\u00e1vel ao seu c\u00e3o.<\/p>","protected":false},"excerpt":{"rendered":"<p>Ra\u00e7\u00e3o \u00damida N&amp;D Prime C\u00e3es Filhotes Frango e Rom\u00e3 Feita com ingredientes de alt\u00edssima qualidade, a\u00a0Ra\u00e7\u00e3o \u00damida N&amp;D Prime C\u00e3es Filhotes Frango e Rom\u00e3\u00a0\u00e9 uma \u00f3tima op\u00e7\u00e3o para voc\u00ea que procura uma alimenta\u00e7\u00e3o natural para o seu c\u00e3ozinho. Alimento completo e balanceado, feito especialmente para c\u00e3es filhotes. Pode ser a \u00fanica fonte de alimento do [&hellip;]<\/p>\n","protected":false},"featured_media":1410789064,"comment_status":"open","ping_status":"closed","template":"","meta":{"googlesitekit_rrm_CAow0N7NCw:productID":"","content-type":"","pmpro_default_level":"","_themeisle_gutenberg_block_has_review":false},"product_brand":[392],"product_cat":[259],"product_tag":[],"class_list":{"0":"post-1410789065","1":"product","2":"type-product","3":"status-publish","4":"has-post-thumbnail","6":"product_brand-farmina","7":"product_cat-racoes-alimento-petisco-e-suplemento-caes","8":"pmpro-has-access","10":"first","11":"outofstock","12":"taxable","13":"shipping-taxable","14":"purchasable","15":"product-type-simple"},"_links":{"self":[{"href":"https:\/\/dinhosreef.com\/en\/wp-json\/wp\/v2\/product\/1410789065","targetHints":{"allow":["GET"]}}],"collection":[{"href":"https:\/\/dinhosreef.com\/en\/wp-json\/wp\/v2\/product"}],"about":[{"href":"https:\/\/dinhosreef.com\/en\/wp-json\/wp\/v2\/types\/product"}],"replies":[{"embeddable":true,"href":"https:\/\/dinhosreef.com\/en\/wp-json\/wp\/v2\/comments?post=1410789065"}],"wp:featuredmedia":[{"embeddable":true,"href":"https:\/\/dinhosreef.com\/en\/wp-json\/wp\/v2\/media\/1410789064"}],"wp:attachment":[{"href":"https:\/\/dinhosreef.com\/en\/wp-json\/wp\/v2\/media?parent=1410789065"}],"wp:term":[{"taxonomy":"product_brand","embeddable":true,"href":"https:\/\/dinhosreef.com\/en\/wp-json\/wp\/v2\/product_brand?post=1410789065"},{"taxonomy":"product_cat","embeddable":true,"href":"https:\/\/dinhosreef.com\/en\/wp-json\/wp\/v2\/product_cat?post=1410789065"},{"taxonomy":"product_tag","embeddable":true,"href":"https:\/\/dinhosreef.com\/en\/wp-json\/wp\/v2\/product_tag?post=1410789065"}],"curies":[{"name":"wp","href":"https:\/\/api.w.org\/{rel}","templated":true}]}}