{"id":1410789067,"date":"2026-02-22T14:12:49","date_gmt":"2026-02-22T17:12:49","guid":{"rendered":"https:\/\/dinhosreef.com\/produto\/racao-nd-quinoa-para-gatos-adultos-urinary-pato-400g\/"},"modified":"2026-04-13T11:40:09","modified_gmt":"2026-04-13T14:40:09","slug":"racao-nd-quinoa-para-gatos-adultos-urinary-pato-400g","status":"publish","type":"product","link":"https:\/\/dinhosreef.com\/en\/product\/racao-nd-quinoa-para-gatos-adultos-urinary-pato-400g\/","title":{"rendered":"RA\u00c7\u00c3O ND QUINOA PARA GATOS ADULTOS URINARY PATO 400G"},"content":{"rendered":"<h2>Ra\u00e7\u00e3o N&amp;D Quinoa Gatos Adultos Urinary Pato<\/h2>\n<p>A\u00a0<strong>Ra\u00e7\u00e3o N&amp;D Quinoa Gatos Adultos Urinary Pato<\/strong>\u00a0\u00e9 um alimento completo e balanceado feito especialmente para gatos adultos com o trato urin\u00e1rio sens\u00edvel. \u00c9 um alimento funcional para auxiliar no bem-estar de animais com necessidades nutricionais espec\u00edficas.<\/p>\n<p>A\u00a0<strong>Ra\u00e7\u00e3o N&amp;D Urinary<\/strong>\u00a0\u00e9 feita com ingredientes de alta qualidade como pato, quinoa, cranberry e camomila, que auxiliam na regula\u00e7\u00e3o do pH urin\u00e1rio, al\u00e9m de ter baixo n\u00edvel de magn\u00e9sio e prote\u00edna.<\/p>\n<p>A\u00a0<strong>Ra\u00e7\u00e3o N&amp;D Quinoa Urinary Pato<\/strong> n\u00e3o cont\u00e9m cereais, nem transg\u00eanicos, n\u00e3o s\u00e3o utilizados corantes ou conservantes artificiais e possui quinoa em sua formula\u00e7\u00e3o, que tem propriedades nutricionais que favorecem a digest\u00e3o, a absor\u00e7\u00e3o de nutrientes e a sa\u00fade intestinal.<\/p>\n<h3>Tamanho do gr\u00e3o<\/h3>\n<p>Di\u00e2metro: 12-14mm x Espessura: 5-7mm.<\/p>\n<h3>Ingredientes<\/h3>\n<p>Carne de pato (mecanicamente separada), farinha de v\u00edsceras de aves (pato e frango) (m\u00edn. 10%), ovo em p\u00f3, gr\u00e3o de quinoa (m\u00edn. 5%), amido de batata, amido de mandioca, \u00f3leo de frango, \u00f3leo de peixe, semente de psyllium, semente de linha\u00e7a, levedura seca de cervejaria, arando (cranberry) desidratado (m\u00edn. 0,15%), camomila (m\u00edn. 0,15%), extrato de ch\u00e1 verde, extrato de aloe vera, beta caroteno, aditivos prebi\u00f3ticos (FOS e MOS), DL-metionina, taurina, L-carnitina, sulfato de condroitina, sulfato de glicosamina, aditivos adsorventes (extrato de yucca e zeolita), hidrolisado de f\u00edgado de aves e su\u00ednos, vitaminas (retinol (A), colecalciferol (D3), acetato de DL-alfa-tocoferol (E), tiamina (B1), riboflavina (B2), cloridrato de piridoxina (B6), cianocobalamina (B12), \u00e1cido asc\u00f3rbico monofosfato (C), biotina, niacina, \u00e1cido pantot\u00eanico, \u00e1cido f\u00f3lico, cloreto de colina), cloreto de pot\u00e1ssio, carbonato de c\u00e1lcio, fosfato bic\u00e1lcico, cloreto de am\u00f4nio, ferro amino\u00e1cido quelato, cobre amino\u00e1cido quelato, zinco amino\u00e1cido quelato, mangan\u00eas amino\u00e1cido quelato, proteinato de sel\u00eanio, iodato de c\u00e1lcio, propionato de c\u00e1lcio, concentrado de tocofer\u00f3is.<br \/>Eventuais substitutivos: prote\u00edna hidrolisada de peixe, prote\u00edna hidrolisada de frango, sulfato de c\u00e1lcio.<\/p>","protected":false},"excerpt":{"rendered":"<p>Ra\u00e7\u00e3o N&amp;D Quinoa Gatos Adultos Urinary Pato A\u00a0Ra\u00e7\u00e3o N&amp;D Quinoa Gatos Adultos Urinary Pato\u00a0\u00e9 um alimento completo e balanceado feito especialmente para gatos adultos com o trato urin\u00e1rio sens\u00edvel. \u00c9 um alimento funcional para auxiliar no bem-estar de animais com necessidades nutricionais espec\u00edficas. A\u00a0Ra\u00e7\u00e3o N&amp;D Urinary\u00a0\u00e9 feita com ingredientes de alta qualidade como pato, quinoa, [&hellip;]<\/p>\n","protected":false},"featured_media":1410789066,"comment_status":"open","ping_status":"closed","template":"","meta":{"googlesitekit_rrm_CAow0N7NCw:productID":"","content-type":"","pmpro_default_level":"","_themeisle_gutenberg_block_has_review":false},"product_brand":[392],"product_cat":[259],"product_tag":[],"class_list":{"0":"post-1410789067","1":"product","2":"type-product","3":"status-publish","4":"has-post-thumbnail","6":"product_brand-farmina","7":"product_cat-racoes-alimento-petisco-e-suplemento-caes","8":"pmpro-has-access","10":"first","11":"outofstock","12":"taxable","13":"shipping-taxable","14":"purchasable","15":"product-type-simple"},"_links":{"self":[{"href":"https:\/\/dinhosreef.com\/en\/wp-json\/wp\/v2\/product\/1410789067","targetHints":{"allow":["GET"]}}],"collection":[{"href":"https:\/\/dinhosreef.com\/en\/wp-json\/wp\/v2\/product"}],"about":[{"href":"https:\/\/dinhosreef.com\/en\/wp-json\/wp\/v2\/types\/product"}],"replies":[{"embeddable":true,"href":"https:\/\/dinhosreef.com\/en\/wp-json\/wp\/v2\/comments?post=1410789067"}],"wp:featuredmedia":[{"embeddable":true,"href":"https:\/\/dinhosreef.com\/en\/wp-json\/wp\/v2\/media\/1410789066"}],"wp:attachment":[{"href":"https:\/\/dinhosreef.com\/en\/wp-json\/wp\/v2\/media?parent=1410789067"}],"wp:term":[{"taxonomy":"product_brand","embeddable":true,"href":"https:\/\/dinhosreef.com\/en\/wp-json\/wp\/v2\/product_brand?post=1410789067"},{"taxonomy":"product_cat","embeddable":true,"href":"https:\/\/dinhosreef.com\/en\/wp-json\/wp\/v2\/product_cat?post=1410789067"},{"taxonomy":"product_tag","embeddable":true,"href":"https:\/\/dinhosreef.com\/en\/wp-json\/wp\/v2\/product_tag?post=1410789067"}],"curies":[{"name":"wp","href":"https:\/\/api.w.org\/{rel}","templated":true}]}}