{"id":1410789071,"date":"2026-02-22T14:12:58","date_gmt":"2026-02-22T17:12:58","guid":{"rendered":"https:\/\/dinhosreef.com\/produto\/racao-nd-pumpkin-p-gatos-adultos-castrados-frango-400g\/"},"modified":"2026-04-06T12:26:02","modified_gmt":"2026-04-06T15:26:02","slug":"racao-nd-pumpkin-p-gatos-adultos-castrados-frango-400g","status":"publish","type":"product","link":"https:\/\/dinhosreef.com\/en\/product\/racao-nd-pumpkin-p-gatos-adultos-castrados-frango-400g\/","title":{"rendered":"RA\u00c7\u00c3O ND PUMPKIN P\/ GATOS ADULTOS CASTRADOS FRANGO 400G"},"content":{"rendered":"<h2>Ra\u00e7\u00e3o N&amp;D Pumpkin Gatos Adultos Castrados Frango<\/h2>\n<p>A\u00a0<strong>Ra\u00e7\u00e3o N&amp;D Pumpkin Gatos Adultos Castrados Frango<\/strong>\u00a0\u00e9 um alimento completo e balanceado, podendo ser a \u00fanica fonte de alimento para seu gato castrado. Sem transg\u00eanicos, corantes ou conservantes artificiais.<\/p>\n<p>Gatos comem quase exclusivamente carne e principalmente os castrados, n\u00e3o precisam consumir muitos carboidratos, portanto, a linha\u00a0<strong>N&amp;D Pumpkin<\/strong>\u00a0\u00e9 ideal pois, foi desenvolvida sem cereais, com 96% das prote\u00ednas de origem animal e ab\u00f3bora, que \u00e9 rica em betacaroteno e antioxidantes naturais que contribuem para manter o sistema imunol\u00f3gico forte.<\/p>\n<p>A\u00a0<strong>Ra\u00e7\u00e3o N&amp;D Pumpkin Gatos Castrados Frango<\/strong> \u00e9 feita com frango e ab\u00f3bora, legume com caracter\u00edsticas nutricionais excepcionais, rico em fibras sol\u00faveis, que promovem a regularidade intestinal, auxilia no combate aos radicais livres e tamb\u00e9m ajuda no suporte ao sistema cardiovascular, mantendo seu felino sempre saud\u00e1vel.<\/p>\n<h3>Tamanho do gr\u00e3o<\/h3>\n<p>Di\u00e2metro 8-10mm x Espessura 3-5mm<\/p>\n<h3>Ingredientes<\/h3>\n<p>Carne de frango (mecanicamente separada), ab\u00f3bora desidratada (m\u00edn. 2,5%), ovo em p\u00f3, farinha de v\u00edsceras de aves (m\u00edn. 10%), farinha de torresmo, farinha de peixe, amido de batata, amido de mandioca, \u00f3leo de peixe, \u00f3leo de frango, polpa de beterraba, casca de ervilha, alfafa desidratada, lignocelulose, semente de psyllium, levedura seca de cervejaria, cenoura desidratada, espinafre desidratado, laranja desidratada, ma\u00e7\u00e3 desidratada, extrato de mirtilo (blueberry), extrato de rom\u00e3 (m\u00edn 0,075%), extrato de ch\u00e1 verde, extrato de aloe vera, c\u00farcuma em p\u00f3, beta caroteno, aditivos prebi\u00f3ticos (FOS e MOS), DL-metionina, taurina, sulfato de condroitina, sulfato de glicosamina, aditivos adsorventes (extrato de yucca e zeolita), hidrolisado de f\u00edgado de aves e su\u00ednos, vitaminas (retinol (A), colecalciferol (D3), acetato de DL-alfa-tocoferol (E), tiamina (B1), riboflavina (B2), cloridrato de piridoxina (B6), cianocobalamina (B12), \u00e1cido asc\u00f3rbico monofosfato (C), biotina, niacina, \u00e1cido pantot\u00eanico, \u00e1cido f\u00f3lico, cloreto de colina), \u00e1cido fosf\u00f3rico, cloreto de pot\u00e1ssio, ferro amino\u00e1cido quelato, cobre amino\u00e1cido quelato, zinco amino\u00e1cido quelato, mangan\u00eas amino\u00e1cido quelato, proteinato de sel\u00eanio, iodato de c\u00e1lcio, propionato de c\u00e1lcio, concentrado de tocofer\u00f3is. Eventuais substitutivos: prote\u00edna hidrolisada de peixe, prote\u00edna hidrolisada de frango.<\/p>","protected":false},"excerpt":{"rendered":"<p>Ra\u00e7\u00e3o N&amp;D Pumpkin Gatos Adultos Castrados Frango A\u00a0Ra\u00e7\u00e3o N&amp;D Pumpkin Gatos Adultos Castrados Frango\u00a0\u00e9 um alimento completo e balanceado, podendo ser a \u00fanica fonte de alimento para seu gato castrado. Sem transg\u00eanicos, corantes ou conservantes artificiais. Gatos comem quase exclusivamente carne e principalmente os castrados, n\u00e3o precisam consumir muitos carboidratos, portanto, a linha\u00a0N&amp;D Pumpkin\u00a0\u00e9 ideal [&hellip;]<\/p>\n","protected":false},"featured_media":1410789070,"comment_status":"open","ping_status":"closed","template":"","meta":{"googlesitekit_rrm_CAow0N7NCw:productID":"","content-type":"","pmpro_default_level":"","_themeisle_gutenberg_block_has_review":false},"product_brand":[392],"product_cat":[256],"product_tag":[],"class_list":{"0":"post-1410789071","1":"product","2":"type-product","3":"status-publish","4":"has-post-thumbnail","6":"product_brand-farmina","7":"product_cat-racoes","8":"pmpro-has-access","10":"first","11":"outofstock","12":"taxable","13":"shipping-taxable","14":"purchasable","15":"product-type-simple"},"_links":{"self":[{"href":"https:\/\/dinhosreef.com\/en\/wp-json\/wp\/v2\/product\/1410789071","targetHints":{"allow":["GET"]}}],"collection":[{"href":"https:\/\/dinhosreef.com\/en\/wp-json\/wp\/v2\/product"}],"about":[{"href":"https:\/\/dinhosreef.com\/en\/wp-json\/wp\/v2\/types\/product"}],"replies":[{"embeddable":true,"href":"https:\/\/dinhosreef.com\/en\/wp-json\/wp\/v2\/comments?post=1410789071"}],"wp:featuredmedia":[{"embeddable":true,"href":"https:\/\/dinhosreef.com\/en\/wp-json\/wp\/v2\/media\/1410789070"}],"wp:attachment":[{"href":"https:\/\/dinhosreef.com\/en\/wp-json\/wp\/v2\/media?parent=1410789071"}],"wp:term":[{"taxonomy":"product_brand","embeddable":true,"href":"https:\/\/dinhosreef.com\/en\/wp-json\/wp\/v2\/product_brand?post=1410789071"},{"taxonomy":"product_cat","embeddable":true,"href":"https:\/\/dinhosreef.com\/en\/wp-json\/wp\/v2\/product_cat?post=1410789071"},{"taxonomy":"product_tag","embeddable":true,"href":"https:\/\/dinhosreef.com\/en\/wp-json\/wp\/v2\/product_tag?post=1410789071"}],"curies":[{"name":"wp","href":"https:\/\/api.w.org\/{rel}","templated":true}]}}