{"id":1410789079,"date":"2026-02-22T14:13:14","date_gmt":"2026-02-22T17:13:14","guid":{"rendered":"https:\/\/dinhosreef.com\/produto\/racao-nd-prime-para-caes-adultos-frango-mini-800g\/"},"modified":"2026-03-23T12:01:06","modified_gmt":"2026-03-23T15:01:06","slug":"racao-nd-prime-para-caes-adultos-frango-mini-800g","status":"publish","type":"product","link":"https:\/\/dinhosreef.com\/en\/product\/racao-nd-prime-para-caes-adultos-frango-mini-800g\/","title":{"rendered":"RA\u00c7\u00c3O ND PRIME PARA C\u00c3ES ADULTOS FRANGO MINI 800G"},"content":{"rendered":"<h2>Ra\u00e7\u00e3o N&amp;D Prime C\u00e3es Adultos Mini Frango e Rom\u00e3<\/h2>\n<p>A\u00a0<strong>Ra\u00e7\u00e3o N&amp;D Prime C\u00e3es Adultos Mini Frango e Rom\u00e3<\/strong>\u00a0\u00e9 feita com ingredientes de alt\u00edssima qualidade. Alimento completo e balanceado, rico em vitaminas e minerais, indicado para c\u00e3es adultos de ra\u00e7as minis e pequenas, sendo uma \u00f3tima op\u00e7\u00e3o para voc\u00ea que procura um alimento natural e de qualidade para seu c\u00e3ozinho.<\/p>\n<p>A\u00a0<strong>Ra\u00e7\u00e3o N&amp;D Prime C\u00e3es Adultos Mini<\/strong>\u00a0n\u00e3o tem ingredientes transg\u00eanicos e nem cereais em sua composi\u00e7\u00e3o, o que a torna um alimento de baixo \u00edndice glic\u00eamico. Cont\u00e9m antioxidantes naturais, extratos ricos em tocofer\u00f3is e rico em vitaminas.<\/p>\n<p>A linha\u00a0<strong>N&amp;D Prime<\/strong> foi baseada no sistema nutricional para carn\u00edvoros com 98% das prote\u00ednas de origem animal de alto valor biol\u00f3gico e sem cereais. Essa ra\u00e7\u00e3o \u00e9 feita com frango e rom\u00e3 dando um sabor irresist\u00edvel at\u00e9 mesmo para os paladares mais exigentes.<\/p>\n<h3>Tamanho do gr\u00e3o<\/h3>\n<p>Di\u00e2metro 9-11mm x Espessura 5-7mm.<\/p>\n<h3>Ingredientes<\/h3>\n<p>Carne de frango (mecanicamente separada), farinha de v\u00edsceras de aves (m\u00edn. 10%), ovo em p\u00f3, farinha de peixe, farinha de torresmo, amido de batata, amido de mandioca, \u00f3leo de peixe, \u00f3leo de frango, polpa de beterraba, casca de ervilha, alfafa desidratada, lignocelulose, semente de psyllium, levedura seca de cervejaria, cenoura desidratada, espinafre desidratado, laranja desidratada, ma\u00e7\u00e3 desidratada, extrato de mirtilo (blueberry), extrato de rom\u00e3 (m\u00edn. 0,075%), extrato de ch\u00e1 verde, extrato de aloe vera, c\u00farcuma em p\u00f3, beta caroteno, aditivos prebi\u00f3ticos (FOS e MOS), DL-metionina, taurina, L-carnitina, sulfato de condroitina, sulfato de glicosamina, aditivos adsorventes (extrato de yucca e zeolita), hidrolisado de f\u00edgado de aves e su\u00ednos, vitaminas (retinol (A), colecalciferol (D3), acetato de DL-alfa-tocoferol (E), tiamina (B1), riboflavina (B2), cloridrato de piridoxina (B6), cianocobalamina (B12), \u00e1cido asc\u00f3rbico monofosfato (C), biotina, niacina, \u00e1cido pantot\u00eanico, \u00e1cido f\u00f3lico, cloreto de colina), cloreto de pot\u00e1ssio, ferro amino\u00e1cido quelato, cobre amino\u00e1cido quelato, zinco amino\u00e1cido quelato, mangan\u00eas amino\u00e1cido quelato, proteinato de sel\u00eanio, iodato de c\u00e1lcio, propionato de c\u00e1lcio, concentrado de tocofer\u00f3is.<\/p>","protected":false},"excerpt":{"rendered":"<p>Ra\u00e7\u00e3o N&amp;D Prime C\u00e3es Adultos Mini Frango e Rom\u00e3 A\u00a0Ra\u00e7\u00e3o N&amp;D Prime C\u00e3es Adultos Mini Frango e Rom\u00e3\u00a0\u00e9 feita com ingredientes de alt\u00edssima qualidade. Alimento completo e balanceado, rico em vitaminas e minerais, indicado para c\u00e3es adultos de ra\u00e7as minis e pequenas, sendo uma \u00f3tima op\u00e7\u00e3o para voc\u00ea que procura um alimento natural e de [&hellip;]<\/p>\n","protected":false},"featured_media":1410789078,"comment_status":"open","ping_status":"closed","template":"","meta":{"googlesitekit_rrm_CAow0N7NCw:productID":"","content-type":"","pmpro_default_level":"","_themeisle_gutenberg_block_has_review":false},"product_brand":[392],"product_cat":[259],"product_tag":[],"class_list":{"0":"post-1410789079","1":"product","2":"type-product","3":"status-publish","4":"has-post-thumbnail","6":"product_brand-farmina","7":"product_cat-racoes-alimento-petisco-e-suplemento-caes","8":"pmpro-has-access","10":"first","11":"outofstock","12":"taxable","13":"shipping-taxable","14":"purchasable","15":"product-type-simple"},"_links":{"self":[{"href":"https:\/\/dinhosreef.com\/en\/wp-json\/wp\/v2\/product\/1410789079","targetHints":{"allow":["GET"]}}],"collection":[{"href":"https:\/\/dinhosreef.com\/en\/wp-json\/wp\/v2\/product"}],"about":[{"href":"https:\/\/dinhosreef.com\/en\/wp-json\/wp\/v2\/types\/product"}],"replies":[{"embeddable":true,"href":"https:\/\/dinhosreef.com\/en\/wp-json\/wp\/v2\/comments?post=1410789079"}],"wp:featuredmedia":[{"embeddable":true,"href":"https:\/\/dinhosreef.com\/en\/wp-json\/wp\/v2\/media\/1410789078"}],"wp:attachment":[{"href":"https:\/\/dinhosreef.com\/en\/wp-json\/wp\/v2\/media?parent=1410789079"}],"wp:term":[{"taxonomy":"product_brand","embeddable":true,"href":"https:\/\/dinhosreef.com\/en\/wp-json\/wp\/v2\/product_brand?post=1410789079"},{"taxonomy":"product_cat","embeddable":true,"href":"https:\/\/dinhosreef.com\/en\/wp-json\/wp\/v2\/product_cat?post=1410789079"},{"taxonomy":"product_tag","embeddable":true,"href":"https:\/\/dinhosreef.com\/en\/wp-json\/wp\/v2\/product_tag?post=1410789079"}],"curies":[{"name":"wp","href":"https:\/\/api.w.org\/{rel}","templated":true}]}}