{"id":1410789083,"date":"2026-02-22T14:18:46","date_gmt":"2026-02-22T17:18:46","guid":{"rendered":"https:\/\/dinhosreef.com\/produto\/racao-umida-vet-life-hepatic-para-gatos-85g\/"},"modified":"2026-04-08T09:29:06","modified_gmt":"2026-04-08T12:29:06","slug":"racao-umida-vet-life-hepatic-para-gatos-85g","status":"publish","type":"product","link":"https:\/\/dinhosreef.com\/en\/product\/racao-umida-vet-life-hepatic-para-gatos-85g\/","title":{"rendered":"RA\u00c7\u00c3O \u00daMIDA VET LIFE HEPATIC PARA GATOS 85G"},"content":{"rendered":"<p>Ra\u00e7\u00e3o \u00damida Vet Life Gatos Adultos Hepatic Lata 85g Farmina Vet Life Hepatic \u00e9 um alimento coadjuvante \u00famido indicado para o suporte \u00e0 fun\u00e7\u00e3o hep\u00e1tica de gatos com insufici\u00eancia hep\u00e1tica cr\u00f4nica. <br \/>Conta com prote\u00ednas moderadas, altamente digest\u00edveis e selecionadas, al\u00e9m de ingredientes funcionais que auxiliam na sa\u00fade hep\u00e1tica, digestiva e imunol\u00f3gica do felino.<\/p>\n<p>Suporte nutricional \u00e0 fun\u00e7\u00e3o hep\u00e1tica em gatos<br \/>Sem adi\u00e7\u00e3o de corantes e aromatizantes artificiais <br \/>Feito com ingredientes n\u00e3o transg\u00eanicos Com L<br \/>carnitina, taurina, EPA e DHA Fonte de prebi\u00f3ticos (FOS e MOS), glucosamina e condroitina <br \/>Prote\u00ednas de alta digestibilidade e moderado teor proteico\u00a0<\/p>\n<p>&#8211; Vet Life Cat Hepatic \u00e9 contraindicado em casos de linfangectasia, hiperlipidemia e pancreatites hiperlipid\u00eamicas.<\/p>","protected":false},"excerpt":{"rendered":"<p>Ra\u00e7\u00e3o \u00damida Vet Life Gatos Adultos Hepatic Lata 85g Farmina Vet Life Hepatic \u00e9 um alimento coadjuvante \u00famido indicado para o suporte \u00e0 fun\u00e7\u00e3o hep\u00e1tica de gatos com insufici\u00eancia hep\u00e1tica cr\u00f4nica. Conta com prote\u00ednas moderadas, altamente digest\u00edveis e selecionadas, al\u00e9m de ingredientes funcionais que auxiliam na sa\u00fade hep\u00e1tica, digestiva e imunol\u00f3gica do felino. Suporte nutricional [&hellip;]<\/p>\n","protected":false},"featured_media":1410789082,"comment_status":"open","ping_status":"closed","template":"","meta":{"googlesitekit_rrm_CAow0N7NCw:productID":"","content-type":"","pmpro_default_level":"","_themeisle_gutenberg_block_has_review":false},"product_brand":[],"product_cat":[256],"product_tag":[],"class_list":{"0":"post-1410789083","1":"product","2":"type-product","3":"status-publish","4":"has-post-thumbnail","6":"product_cat-racoes","7":"pmpro-has-access","9":"first","10":"outofstock","11":"taxable","12":"shipping-taxable","13":"purchasable","14":"product-type-simple"},"_links":{"self":[{"href":"https:\/\/dinhosreef.com\/en\/wp-json\/wp\/v2\/product\/1410789083","targetHints":{"allow":["GET"]}}],"collection":[{"href":"https:\/\/dinhosreef.com\/en\/wp-json\/wp\/v2\/product"}],"about":[{"href":"https:\/\/dinhosreef.com\/en\/wp-json\/wp\/v2\/types\/product"}],"replies":[{"embeddable":true,"href":"https:\/\/dinhosreef.com\/en\/wp-json\/wp\/v2\/comments?post=1410789083"}],"wp:featuredmedia":[{"embeddable":true,"href":"https:\/\/dinhosreef.com\/en\/wp-json\/wp\/v2\/media\/1410789082"}],"wp:attachment":[{"href":"https:\/\/dinhosreef.com\/en\/wp-json\/wp\/v2\/media?parent=1410789083"}],"wp:term":[{"taxonomy":"product_brand","embeddable":true,"href":"https:\/\/dinhosreef.com\/en\/wp-json\/wp\/v2\/product_brand?post=1410789083"},{"taxonomy":"product_cat","embeddable":true,"href":"https:\/\/dinhosreef.com\/en\/wp-json\/wp\/v2\/product_cat?post=1410789083"},{"taxonomy":"product_tag","embeddable":true,"href":"https:\/\/dinhosreef.com\/en\/wp-json\/wp\/v2\/product_tag?post=1410789083"}],"curies":[{"name":"wp","href":"https:\/\/api.w.org\/{rel}","templated":true}]}}