{"id":1410789085,"date":"2026-02-22T14:18:50","date_gmt":"2026-02-22T17:18:50","guid":{"rendered":"https:\/\/dinhosreef.com\/produto\/racao-umida-vet-life-hepatic-para-caes-adultos-300g\/"},"modified":"2026-03-30T09:40:07","modified_gmt":"2026-03-30T12:40:07","slug":"racao-umida-vet-life-hepatic-para-caes-adultos-300g","status":"publish","type":"product","link":"https:\/\/dinhosreef.com\/en\/product\/racao-umida-vet-life-hepatic-para-caes-adultos-300g\/","title":{"rendered":"RA\u00c7\u00c3O \u00daMIDA VET LIFE HEPATIC PARA C\u00c3ES ADULTOS 300G"},"content":{"rendered":"<h2>Ra\u00e7\u00e3o \u00damida Vet Life Hepatic para C\u00e3es Adultos<\/h2>\n<p>A\u00a0<strong>Ra\u00e7\u00e3o \u00damida Vet Life Hepatic para C\u00e3es Adultos<\/strong>\u00a0\u00e9 uma solu\u00e7\u00e3o nutricional especialmente desenvolvida para auxiliar no manejo da\u00a0<strong>insufici\u00eancia hep\u00e1tica cr\u00f4nica<\/strong>. Indicada para c\u00e3es adultos de todas as ra\u00e7as, essa f\u00f3rmula terap\u00eautica conta com ingredientes de alta digestibilidade, como prote\u00ednas hidrolisadas, amido e \u00f3leos ricos em \u00e1cidos graxos essenciais, al\u00e9m de baixos n\u00edveis de cobre para proteger as c\u00e9lulas hep\u00e1ticas. Livre de transg\u00eanicos e com ingredientes selecionados, proporciona uma nutri\u00e7\u00e3o eficaz para pets que necessitam de cuidados hep\u00e1ticos espec\u00edficos.<\/p>\n<p>Enriquecida com EPA e DHA, essa ra\u00e7\u00e3o \u00famida ajuda a modular inflama\u00e7\u00f5es e fortalece o sistema imunol\u00f3gico. A textura \u00famida favorece a aceita\u00e7\u00e3o por c\u00e3es com apetite sens\u00edvel, al\u00e9m de contribuir para a hidrata\u00e7\u00e3o. A linha\u00a0<strong>Vet Life Wet<\/strong> oferece praticidade e suporte cl\u00ednico com seguran\u00e7a alimentar garantida por embalagens BPA Free. Consulte sempre o m\u00e9dico-veterin\u00e1rio antes de iniciar ou prolongar o uso.<\/p>","protected":false},"excerpt":{"rendered":"<p>Ra\u00e7\u00e3o \u00damida Vet Life Hepatic para C\u00e3es Adultos A\u00a0Ra\u00e7\u00e3o \u00damida Vet Life Hepatic para C\u00e3es Adultos\u00a0\u00e9 uma solu\u00e7\u00e3o nutricional especialmente desenvolvida para auxiliar no manejo da\u00a0insufici\u00eancia hep\u00e1tica cr\u00f4nica. Indicada para c\u00e3es adultos de todas as ra\u00e7as, essa f\u00f3rmula terap\u00eautica conta com ingredientes de alta digestibilidade, como prote\u00ednas hidrolisadas, amido e \u00f3leos ricos em \u00e1cidos graxos [&hellip;]<\/p>\n","protected":false},"featured_media":1410789084,"comment_status":"open","ping_status":"closed","template":"","meta":{"googlesitekit_rrm_CAow0N7NCw:productID":"","content-type":"","pmpro_default_level":"","_themeisle_gutenberg_block_has_review":false},"product_brand":[],"product_cat":[259],"product_tag":[],"class_list":{"0":"post-1410789085","1":"product","2":"type-product","3":"status-publish","4":"has-post-thumbnail","6":"product_cat-racoes-alimento-petisco-e-suplemento-caes","7":"pmpro-has-access","9":"first","10":"instock","11":"taxable","12":"shipping-taxable","13":"purchasable","14":"product-type-simple"},"_links":{"self":[{"href":"https:\/\/dinhosreef.com\/en\/wp-json\/wp\/v2\/product\/1410789085","targetHints":{"allow":["GET"]}}],"collection":[{"href":"https:\/\/dinhosreef.com\/en\/wp-json\/wp\/v2\/product"}],"about":[{"href":"https:\/\/dinhosreef.com\/en\/wp-json\/wp\/v2\/types\/product"}],"replies":[{"embeddable":true,"href":"https:\/\/dinhosreef.com\/en\/wp-json\/wp\/v2\/comments?post=1410789085"}],"wp:featuredmedia":[{"embeddable":true,"href":"https:\/\/dinhosreef.com\/en\/wp-json\/wp\/v2\/media\/1410789084"}],"wp:attachment":[{"href":"https:\/\/dinhosreef.com\/en\/wp-json\/wp\/v2\/media?parent=1410789085"}],"wp:term":[{"taxonomy":"product_brand","embeddable":true,"href":"https:\/\/dinhosreef.com\/en\/wp-json\/wp\/v2\/product_brand?post=1410789085"},{"taxonomy":"product_cat","embeddable":true,"href":"https:\/\/dinhosreef.com\/en\/wp-json\/wp\/v2\/product_cat?post=1410789085"},{"taxonomy":"product_tag","embeddable":true,"href":"https:\/\/dinhosreef.com\/en\/wp-json\/wp\/v2\/product_tag?post=1410789085"}],"curies":[{"name":"wp","href":"https:\/\/api.w.org\/{rel}","templated":true}]}}