{"id":1410789087,"date":"2026-02-22T14:18:54","date_gmt":"2026-02-22T17:18:54","guid":{"rendered":"https:\/\/dinhosreef.com\/produto\/racao-umida-vet-life-caes-adultos-diabetic-300g\/"},"modified":"2026-04-27T10:32:09","modified_gmt":"2026-04-27T13:32:09","slug":"racao-umida-vet-life-caes-adultos-diabetic-300g","status":"publish","type":"product","link":"https:\/\/dinhosreef.com\/en\/product\/racao-umida-vet-life-caes-adultos-diabetic-300g\/","title":{"rendered":"RA\u00c7\u00c3O \u00daMIDA VET LIFE C\u00c3ES ADULTOS DIABETIC 300G"},"content":{"rendered":"<h2>Ra\u00e7\u00e3o \u00damida Vet Life Diabetic para C\u00e3es Adultos<\/h2>\n<p>A\u00a0<strong>Ra\u00e7\u00e3o \u00damida Vet Life Diabetic para C\u00e3es Adultos<\/strong>\u00a0\u00e9 uma op\u00e7\u00e3o terap\u00eautica indicada para o controle da glicemia e do peso corporal em c\u00e3es com diabetes mellitus. Com ingredientes cuidadosamente selecionados, como frango, sardinha e aveia, sua f\u00f3rmula cont\u00e9m prote\u00ednas de alta digestibilidade, fibras sol\u00faveis e carboidratos de baixo \u00edndice glic\u00eamico, ajudando a manter n\u00edveis est\u00e1veis de a\u00e7\u00facar no sangue e promovendo saciedade.<\/p>\n<p>Al\u00e9m de ser 100% livre de ingredientes geneticamente modificados e embalada em latas BPA Free, essa\u00a0<strong>ra\u00e7\u00e3o \u00famida da linha Vet Life Wet<\/strong>\u00a0oferece baixo teor de gordura e uma quantidade adequada de \u00e1cidos graxos essenciais, contribuindo para a sa\u00fade da pele, pelagem e do cora\u00e7\u00e3o. Indicada sob prescri\u00e7\u00e3o veterin\u00e1ria, \u00e9 a escolha ideal para tutores que buscam uma nutri\u00e7\u00e3o terap\u00eautica de alta qualidade com resultados comprovados e garantia de satisfa\u00e7\u00e3o.<\/p>\n<p>Aproveite os pre\u00e7os imperd\u00edveis da Ra\u00e7\u00e3o \u00damida Vet Life Diabetic para C\u00e3es Adultos no site da DINHOS REEF!<\/p>","protected":false},"excerpt":{"rendered":"<p>Ra\u00e7\u00e3o \u00damida Vet Life Diabetic para C\u00e3es Adultos A\u00a0Ra\u00e7\u00e3o \u00damida Vet Life Diabetic para C\u00e3es Adultos\u00a0\u00e9 uma op\u00e7\u00e3o terap\u00eautica indicada para o controle da glicemia e do peso corporal em c\u00e3es com diabetes mellitus. Com ingredientes cuidadosamente selecionados, como frango, sardinha e aveia, sua f\u00f3rmula cont\u00e9m prote\u00ednas de alta digestibilidade, fibras sol\u00faveis e carboidratos de [&hellip;]<\/p>\n","protected":false},"featured_media":1410789086,"comment_status":"open","ping_status":"closed","template":"","meta":{"googlesitekit_rrm_CAow0N7NCw:productID":"","content-type":"","pmpro_default_level":"","_themeisle_gutenberg_block_has_review":false},"product_brand":[],"product_cat":[259],"product_tag":[],"class_list":{"0":"post-1410789087","1":"product","2":"type-product","3":"status-publish","4":"has-post-thumbnail","6":"product_cat-racoes-alimento-petisco-e-suplemento-caes","7":"pmpro-has-access","9":"first","10":"outofstock","11":"taxable","12":"shipping-taxable","13":"purchasable","14":"product-type-simple"},"_links":{"self":[{"href":"https:\/\/dinhosreef.com\/en\/wp-json\/wp\/v2\/product\/1410789087","targetHints":{"allow":["GET"]}}],"collection":[{"href":"https:\/\/dinhosreef.com\/en\/wp-json\/wp\/v2\/product"}],"about":[{"href":"https:\/\/dinhosreef.com\/en\/wp-json\/wp\/v2\/types\/product"}],"replies":[{"embeddable":true,"href":"https:\/\/dinhosreef.com\/en\/wp-json\/wp\/v2\/comments?post=1410789087"}],"wp:featuredmedia":[{"embeddable":true,"href":"https:\/\/dinhosreef.com\/en\/wp-json\/wp\/v2\/media\/1410789086"}],"wp:attachment":[{"href":"https:\/\/dinhosreef.com\/en\/wp-json\/wp\/v2\/media?parent=1410789087"}],"wp:term":[{"taxonomy":"product_brand","embeddable":true,"href":"https:\/\/dinhosreef.com\/en\/wp-json\/wp\/v2\/product_brand?post=1410789087"},{"taxonomy":"product_cat","embeddable":true,"href":"https:\/\/dinhosreef.com\/en\/wp-json\/wp\/v2\/product_cat?post=1410789087"},{"taxonomy":"product_tag","embeddable":true,"href":"https:\/\/dinhosreef.com\/en\/wp-json\/wp\/v2\/product_tag?post=1410789087"}],"curies":[{"name":"wp","href":"https:\/\/api.w.org\/{rel}","templated":true}]}}