{"id":1410789089,"date":"2026-02-22T14:18:58","date_gmt":"2026-02-22T17:18:58","guid":{"rendered":"https:\/\/dinhosreef.com\/produto\/racao-vet-life-hypoallegernic-p-caes-pork-e-potato-2kg\/"},"modified":"2026-02-22T14:18:58","modified_gmt":"2026-02-22T17:18:58","slug":"racao-vet-life-hypoallegernic-p-caes-pork-e-potato-2kg","status":"publish","type":"product","link":"https:\/\/dinhosreef.com\/en\/product\/racao-vet-life-hypoallegernic-p-caes-pork-e-potato-2kg\/","title":{"rendered":"RA\u00c7\u00c3O VET LIFE HYPOALLEGERNIC P\/ C\u00c3ES PORK E POTATO 2KG"},"content":{"rendered":"<h2>Ra\u00e7\u00e3o Vet Life Natural C\u00e3es Adultos Hypoallergenic Porco e Batata<\/h2>\n<p>A\u00a0<strong>Ra\u00e7\u00e3o Vet Life Natural Hypoallergenic<\/strong>\u00a0\u00e9 um alimento seco coadjuvante indicado para auxiliar o tratamento de cachorros com alergia ou intoler\u00e2ncia alimentar. Ela foi desenvolvida especialmente para diminuir a presen\u00e7a de fatores frequentemente respons\u00e1veis pelas rea\u00e7\u00f5es al\u00e9rgicas e intoler\u00e2ncias nos c\u00e3es.<\/p>\n<p>A\u00a0<strong>Ra\u00e7\u00e3o hipoalerg\u00eanica Vet Life<\/strong>, agora na vers\u00e3o porco com batata, \u00e9 um alimento com conservantes 100% naturais que ajudam na alimenta\u00e7\u00e3o e tratamento de c\u00e3es com algum n\u00edvel de intoler\u00e2ncia alimentar. Ela garante que o pet tenha todas as vitaminas necess\u00e1rias para um bom desenvolvimento.<\/p>\n<h3>Tamanho do gr\u00e3o<\/h3>\n<p>Os croquetes da Ra\u00e7\u00e3o Vet Life t\u00eam um tamanho apropriado para garantir a correta fragmenta\u00e7\u00e3o e preens\u00e3o.<\/p>\n<p>Di\u00e2metro 12-14 mm x Espessura 5-7 mm<\/p>","protected":false},"excerpt":{"rendered":"<p>Ra\u00e7\u00e3o Vet Life Natural C\u00e3es Adultos Hypoallergenic Porco e Batata A\u00a0Ra\u00e7\u00e3o Vet Life Natural Hypoallergenic\u00a0\u00e9 um alimento seco coadjuvante indicado para auxiliar o tratamento de cachorros com alergia ou intoler\u00e2ncia alimentar. Ela foi desenvolvida especialmente para diminuir a presen\u00e7a de fatores frequentemente respons\u00e1veis pelas rea\u00e7\u00f5es al\u00e9rgicas e intoler\u00e2ncias nos c\u00e3es. A\u00a0Ra\u00e7\u00e3o hipoalerg\u00eanica Vet Life, agora [&hellip;]<\/p>\n","protected":false},"featured_media":1410789088,"comment_status":"open","ping_status":"closed","template":"","meta":{"googlesitekit_rrm_CAow0N7NCw:productID":"","content-type":"","pmpro_default_level":"","_themeisle_gutenberg_block_has_review":false},"product_brand":[],"product_cat":[259],"product_tag":[],"class_list":{"0":"post-1410789089","1":"product","2":"type-product","3":"status-publish","4":"has-post-thumbnail","6":"product_cat-racoes-alimento-petisco-e-suplemento-caes","7":"pmpro-has-access","9":"first","10":"instock","11":"taxable","12":"shipping-taxable","13":"purchasable","14":"product-type-simple"},"_links":{"self":[{"href":"https:\/\/dinhosreef.com\/en\/wp-json\/wp\/v2\/product\/1410789089","targetHints":{"allow":["GET"]}}],"collection":[{"href":"https:\/\/dinhosreef.com\/en\/wp-json\/wp\/v2\/product"}],"about":[{"href":"https:\/\/dinhosreef.com\/en\/wp-json\/wp\/v2\/types\/product"}],"replies":[{"embeddable":true,"href":"https:\/\/dinhosreef.com\/en\/wp-json\/wp\/v2\/comments?post=1410789089"}],"wp:featuredmedia":[{"embeddable":true,"href":"https:\/\/dinhosreef.com\/en\/wp-json\/wp\/v2\/media\/1410789088"}],"wp:attachment":[{"href":"https:\/\/dinhosreef.com\/en\/wp-json\/wp\/v2\/media?parent=1410789089"}],"wp:term":[{"taxonomy":"product_brand","embeddable":true,"href":"https:\/\/dinhosreef.com\/en\/wp-json\/wp\/v2\/product_brand?post=1410789089"},{"taxonomy":"product_cat","embeddable":true,"href":"https:\/\/dinhosreef.com\/en\/wp-json\/wp\/v2\/product_cat?post=1410789089"},{"taxonomy":"product_tag","embeddable":true,"href":"https:\/\/dinhosreef.com\/en\/wp-json\/wp\/v2\/product_tag?post=1410789089"}],"curies":[{"name":"wp","href":"https:\/\/api.w.org\/{rel}","templated":true}]}}