{"id":1410789093,"date":"2026-02-22T14:19:07","date_gmt":"2026-02-22T17:19:07","guid":{"rendered":"https:\/\/dinhosreef.com\/produto\/racao-nd-ocean-salmao-e-bacalhau-para-caes-adultos-140g\/"},"modified":"2026-02-22T14:19:07","modified_gmt":"2026-02-22T17:19:07","slug":"racao-nd-ocean-salmao-e-bacalhau-para-caes-adultos-140g","status":"publish","type":"product","link":"https:\/\/dinhosreef.com\/en\/product\/racao-nd-ocean-salmao-e-bacalhau-para-caes-adultos-140g\/","title":{"rendered":"RA\u00c7\u00c3O ND OCEAN SALMAO E BACALHAU PARA C\u00c3ES ADULTOS 140G"},"content":{"rendered":"<h2>Ra\u00e7\u00e3o \u00damida N&amp;D Ocean C\u00e3es Adultos Salm\u00e3o e Bacalhau<\/h2>\n<p>A\u00a0<strong>Ra\u00e7\u00e3o \u00damida N&amp;D Ocean C\u00e3es Adultos Salm\u00e3o e Bacalhau<\/strong>\u00a0conta com ingredientes selecionados, onde 94% s\u00e3o de origem animal. \u00c9 sabor, nutri\u00e7\u00e3o e cuidado com o seu pet.<\/p>\n<p>Alimento completo para c\u00e3es adultos,\u00a0<strong>N&amp;D Ocean Salm\u00e3o e Bacalhau<\/strong> cont\u00e9m \u00e1cidos graxos \u00f4mega 3, que al\u00e9m de manter a pele e pelagem dos c\u00e3es sempre saud\u00e1veis, \u00e9 um nutriente muito importante para o desenvolvimento f\u00edsico e mental.<\/p>\n<h3>Ingredientes<\/h3>\n<p>Carne de salm\u00e3o (m\u00edn. 30%), carne de bacalhau (m\u00edn. 30%), carne de arenque, batata doce, \u00f3leo de peixe, camar\u00e3o integral, aditivo prebi\u00f3tico (FOS), cloreto de colina, carbonato de c\u00e1lcio, cloreto de pot\u00e1ssio, sulfato de condroitina, hidrocloreto de glicosamina, vitaminas (A, D3, E), quelato zinco-metionina hidroxi analoga, quelato mangan\u00eas-metionina hidroxi analoga, ferro aminoacido quelato, quelato cobre-metionina hidroxi analoga, levedura enriquecida com sel\u00eanio, DL-metionina, taurina, L-Carnitina.<\/p>","protected":false},"excerpt":{"rendered":"<p>Ra\u00e7\u00e3o \u00damida N&amp;D Ocean C\u00e3es Adultos Salm\u00e3o e Bacalhau A\u00a0Ra\u00e7\u00e3o \u00damida N&amp;D Ocean C\u00e3es Adultos Salm\u00e3o e Bacalhau\u00a0conta com ingredientes selecionados, onde 94% s\u00e3o de origem animal. \u00c9 sabor, nutri\u00e7\u00e3o e cuidado com o seu pet. Alimento completo para c\u00e3es adultos,\u00a0N&amp;D Ocean Salm\u00e3o e Bacalhau cont\u00e9m \u00e1cidos graxos \u00f4mega 3, que al\u00e9m de manter a [&hellip;]<\/p>\n","protected":false},"featured_media":1410789092,"comment_status":"open","ping_status":"closed","template":"","meta":{"googlesitekit_rrm_CAow0N7NCw:productID":"","content-type":"","pmpro_default_level":"","_themeisle_gutenberg_block_has_review":false},"product_brand":[],"product_cat":[259],"product_tag":[],"class_list":{"0":"post-1410789093","1":"product","2":"type-product","3":"status-publish","4":"has-post-thumbnail","6":"product_cat-racoes-alimento-petisco-e-suplemento-caes","7":"pmpro-has-access","9":"first","10":"instock","11":"taxable","12":"shipping-taxable","13":"purchasable","14":"product-type-simple"},"_links":{"self":[{"href":"https:\/\/dinhosreef.com\/en\/wp-json\/wp\/v2\/product\/1410789093","targetHints":{"allow":["GET"]}}],"collection":[{"href":"https:\/\/dinhosreef.com\/en\/wp-json\/wp\/v2\/product"}],"about":[{"href":"https:\/\/dinhosreef.com\/en\/wp-json\/wp\/v2\/types\/product"}],"replies":[{"embeddable":true,"href":"https:\/\/dinhosreef.com\/en\/wp-json\/wp\/v2\/comments?post=1410789093"}],"wp:featuredmedia":[{"embeddable":true,"href":"https:\/\/dinhosreef.com\/en\/wp-json\/wp\/v2\/media\/1410789092"}],"wp:attachment":[{"href":"https:\/\/dinhosreef.com\/en\/wp-json\/wp\/v2\/media?parent=1410789093"}],"wp:term":[{"taxonomy":"product_brand","embeddable":true,"href":"https:\/\/dinhosreef.com\/en\/wp-json\/wp\/v2\/product_brand?post=1410789093"},{"taxonomy":"product_cat","embeddable":true,"href":"https:\/\/dinhosreef.com\/en\/wp-json\/wp\/v2\/product_cat?post=1410789093"},{"taxonomy":"product_tag","embeddable":true,"href":"https:\/\/dinhosreef.com\/en\/wp-json\/wp\/v2\/product_tag?post=1410789093"}],"curies":[{"name":"wp","href":"https:\/\/api.w.org\/{rel}","templated":true}]}}