{"id":1410789095,"date":"2026-02-22T14:19:12","date_gmt":"2026-02-22T17:19:12","guid":{"rendered":"https:\/\/dinhosreef.com\/produto\/racao-nd-prime-frango-para-gatos-adultos-400g\/"},"modified":"2026-04-01T11:33:03","modified_gmt":"2026-04-01T14:33:03","slug":"racao-nd-prime-frango-para-gatos-adultos-400g","status":"publish","type":"product","link":"https:\/\/dinhosreef.com\/en\/product\/racao-nd-prime-frango-para-gatos-adultos-400g\/","title":{"rendered":"RA\u00c7\u00c3O ND PRIME FRANGO PARA GATOS ADULTOS 400G"},"content":{"rendered":"<h2>Ra\u00e7\u00e3o N&amp;D Prime Gatos Adultos Frango e Rom\u00e3<\/h2>\n<p>A\u00a0<strong>Ra\u00e7\u00e3o N&amp;D Prime Gatos Adultos Frango e Rom\u00e3<\/strong>\u00a0\u00e9 uma das melhores op\u00e7\u00f5es dispon\u00edveis no mercado para voc\u00ea que deseja um alimento de qualidade para seu pet. \u00c9 um alimento completo e balanceado, destinado para gatos adultos.<\/p>\n<p>Produzida com frango de alto valor biol\u00f3gico, ingredientes de alt\u00edssima qualidade e n\u00e3o tem cereais em sua formula\u00e7\u00e3o, o que garante baixos \u00edndices glic\u00eamicos.<\/p>\n<p>Elaborada sem ingredientes transg\u00eanicos, a\u00a0<strong>Ra\u00e7\u00e3o N&amp;D Prime Gatos Adultos<\/strong> tem apenas conservantes naturais. Ajuda a manter a sa\u00fade do sistema urin\u00e1rio do seu gato, equilibrando o pH, e contribui para uma pele saud\u00e1vel e uma pelagem mais bonita.<\/p>\n<h3>Medida do gr\u00e3o<\/h3>\n<p>Di\u00e2metro 8-10mm x Espessura 3-5mm<\/p>\n<h3>Ingredientes<\/h3>\n<p>Carne de frango (mecanicamente separada), farinha de v\u00edsceras de aves (m\u00edn.10%), ovo em p\u00f3, farinha de peixe, farinha de torresmo, amido de batata, amido de mandioca, \u00f3leo de frango, \u00f3leo de peixe, polpa de beterraba, casca de ervilha, alfafa desidratada, lignocelulose, semente de psyllium, levedura seca de cervejaria, cenoura desidratada, espinafre desidratado, laranja desidratada, ma\u00e7\u00e3 desidratada, extrato de mirtilo (blueberry), extrato de rom\u00e3 (m\u00edn.0,08%), extrato de ch\u00e1 verde, extrato de aloe vera, c\u00farcuma em p\u00f3, beta caroteno, aditivos prebi\u00f3ticos (FOS e MOS), DL-metionina, taurina, L-carnitina, sulfato de condroitina, sulfato de glicosamina, aditivos adsorventes (extrato de yucca e zeolita), hidrolisado de f\u00edgado de aves e su\u00ednos, vitaminas (retinol (A), colecalciferol (D3), acetato de DL-alfa-tocoferol (E), tiamina (B1), riboflavina (B2), cloridrato de piridoxina (B6), cianocobalamina (B12), \u00e1cido asc\u00f3rbico monofosfato (C), biotina, niacina, \u00e1cido pantot\u00eanico, \u00e1cido f\u00f3lico, cloreto de colina), cloreto de pot\u00e1ssio, \u00e1cido fosf\u00f3rico, ferro amino\u00e1cido quelato, cobre amino\u00e1cido quelato, zinco amino\u00e1cido quelato, mangan\u00eas amino\u00e1cido quelato, proteinato de sel\u00eanio, iodato de c\u00e1lcio, propionato de c\u00e1lcio, concentrado de tocofer\u00f3is.<br \/>Eventuais substitutivos: prote\u00edna hidrolisada de peixe, prote\u00edna hidrolisada de frango.<\/p>","protected":false},"excerpt":{"rendered":"<p>Ra\u00e7\u00e3o N&amp;D Prime Gatos Adultos Frango e Rom\u00e3 A\u00a0Ra\u00e7\u00e3o N&amp;D Prime Gatos Adultos Frango e Rom\u00e3\u00a0\u00e9 uma das melhores op\u00e7\u00f5es dispon\u00edveis no mercado para voc\u00ea que deseja um alimento de qualidade para seu pet. \u00c9 um alimento completo e balanceado, destinado para gatos adultos. Produzida com frango de alto valor biol\u00f3gico, ingredientes de alt\u00edssima qualidade [&hellip;]<\/p>\n","protected":false},"featured_media":1410789094,"comment_status":"open","ping_status":"closed","template":"","meta":{"googlesitekit_rrm_CAow0N7NCw:productID":"","content-type":"","pmpro_default_level":"","_themeisle_gutenberg_block_has_review":false},"product_brand":[],"product_cat":[256],"product_tag":[],"class_list":{"0":"post-1410789095","1":"product","2":"type-product","3":"status-publish","4":"has-post-thumbnail","6":"product_cat-racoes","7":"pmpro-has-access","9":"first","10":"outofstock","11":"taxable","12":"shipping-taxable","13":"purchasable","14":"product-type-simple"},"_links":{"self":[{"href":"https:\/\/dinhosreef.com\/en\/wp-json\/wp\/v2\/product\/1410789095","targetHints":{"allow":["GET"]}}],"collection":[{"href":"https:\/\/dinhosreef.com\/en\/wp-json\/wp\/v2\/product"}],"about":[{"href":"https:\/\/dinhosreef.com\/en\/wp-json\/wp\/v2\/types\/product"}],"replies":[{"embeddable":true,"href":"https:\/\/dinhosreef.com\/en\/wp-json\/wp\/v2\/comments?post=1410789095"}],"wp:featuredmedia":[{"embeddable":true,"href":"https:\/\/dinhosreef.com\/en\/wp-json\/wp\/v2\/media\/1410789094"}],"wp:attachment":[{"href":"https:\/\/dinhosreef.com\/en\/wp-json\/wp\/v2\/media?parent=1410789095"}],"wp:term":[{"taxonomy":"product_brand","embeddable":true,"href":"https:\/\/dinhosreef.com\/en\/wp-json\/wp\/v2\/product_brand?post=1410789095"},{"taxonomy":"product_cat","embeddable":true,"href":"https:\/\/dinhosreef.com\/en\/wp-json\/wp\/v2\/product_cat?post=1410789095"},{"taxonomy":"product_tag","embeddable":true,"href":"https:\/\/dinhosreef.com\/en\/wp-json\/wp\/v2\/product_tag?post=1410789095"}],"curies":[{"name":"wp","href":"https:\/\/api.w.org\/{rel}","templated":true}]}}