{"id":1410789097,"date":"2026-02-22T14:19:18","date_gmt":"2026-02-22T17:19:18","guid":{"rendered":"https:\/\/dinhosreef.com\/produto\/racao-para-caes-vet-life-renal-mini-2kg\/"},"modified":"2026-04-26T22:15:07","modified_gmt":"2026-04-27T01:15:07","slug":"racao-para-caes-vet-life-renal-mini-2kg","status":"publish","type":"product","link":"https:\/\/dinhosreef.com\/en\/product\/racao-para-caes-vet-life-renal-mini-2kg\/","title":{"rendered":"RA\u00c7\u00c3O PARA C\u00c3ES VET LIFE RENAL MINI 2KG"},"content":{"rendered":"<h2>Ra\u00e7\u00e3o Vet Life Natural Mini Canine Renal<\/h2>\n<p>A\u00a0<strong>Ra\u00e7\u00e3o Vet Life Natural Mini Canine Renal<\/strong>\u00a0\u00e9 um alimento coadjuvante indicado para auxiliar na recupera\u00e7\u00e3o de c\u00e3es adultos miniaturas com insufici\u00eancia renal cr\u00f4nica ou aguda com insufici\u00eancia card\u00edaca inicial.<\/p>\n<p>A insufici\u00eancia renal pode ocorrer sob a forma aguda e cr\u00f4nica. Os processos podem decorrer de outras doen\u00e7as, fatores heredit\u00e1rios e fatores nutricionais.<\/p>\n<p>O diagn\u00f3stico \u00e9 quase sempre tardio, pois quando aparecem os primeiros sintomas dois ter\u00e7os das fun\u00e7\u00f5es renais est\u00e3o comprometidos. Vet Life Renal melhora a qualidade de vida dos c\u00e3es com insufici\u00eancia renal cr\u00f4nica ou aguda ou com insufici\u00eancia card\u00edaca inicial.<\/p>\n<h3>Contraindica\u00e7\u00f5es<\/h3>\n<p>Vet Life Renal \u00e9 contraindicado para c\u00e3es filhotes e cadelas em gesta\u00e7\u00e3o ou amamenta\u00e7\u00e3o e c\u00e3es sadios.<\/p>","protected":false},"excerpt":{"rendered":"<p>Ra\u00e7\u00e3o Vet Life Natural Mini Canine Renal A\u00a0Ra\u00e7\u00e3o Vet Life Natural Mini Canine Renal\u00a0\u00e9 um alimento coadjuvante indicado para auxiliar na recupera\u00e7\u00e3o de c\u00e3es adultos miniaturas com insufici\u00eancia renal cr\u00f4nica ou aguda com insufici\u00eancia card\u00edaca inicial. A insufici\u00eancia renal pode ocorrer sob a forma aguda e cr\u00f4nica. Os processos podem decorrer de outras doen\u00e7as, fatores [&hellip;]<\/p>\n","protected":false},"featured_media":1410789096,"comment_status":"open","ping_status":"closed","template":"","meta":{"googlesitekit_rrm_CAow0N7NCw:productID":"","content-type":"","pmpro_default_level":"","_themeisle_gutenberg_block_has_review":false},"product_brand":[],"product_cat":[259],"product_tag":[],"class_list":{"0":"post-1410789097","1":"product","2":"type-product","3":"status-publish","4":"has-post-thumbnail","6":"product_cat-racoes-alimento-petisco-e-suplemento-caes","7":"pmpro-has-access","9":"first","10":"instock","11":"taxable","12":"shipping-taxable","13":"purchasable","14":"product-type-simple"},"_links":{"self":[{"href":"https:\/\/dinhosreef.com\/en\/wp-json\/wp\/v2\/product\/1410789097","targetHints":{"allow":["GET"]}}],"collection":[{"href":"https:\/\/dinhosreef.com\/en\/wp-json\/wp\/v2\/product"}],"about":[{"href":"https:\/\/dinhosreef.com\/en\/wp-json\/wp\/v2\/types\/product"}],"replies":[{"embeddable":true,"href":"https:\/\/dinhosreef.com\/en\/wp-json\/wp\/v2\/comments?post=1410789097"}],"wp:featuredmedia":[{"embeddable":true,"href":"https:\/\/dinhosreef.com\/en\/wp-json\/wp\/v2\/media\/1410789096"}],"wp:attachment":[{"href":"https:\/\/dinhosreef.com\/en\/wp-json\/wp\/v2\/media?parent=1410789097"}],"wp:term":[{"taxonomy":"product_brand","embeddable":true,"href":"https:\/\/dinhosreef.com\/en\/wp-json\/wp\/v2\/product_brand?post=1410789097"},{"taxonomy":"product_cat","embeddable":true,"href":"https:\/\/dinhosreef.com\/en\/wp-json\/wp\/v2\/product_cat?post=1410789097"},{"taxonomy":"product_tag","embeddable":true,"href":"https:\/\/dinhosreef.com\/en\/wp-json\/wp\/v2\/product_tag?post=1410789097"}],"curies":[{"name":"wp","href":"https:\/\/api.w.org\/{rel}","templated":true}]}}