{"id":1410789099,"date":"2026-02-22T14:19:22","date_gmt":"2026-02-22T17:19:22","guid":{"rendered":"https:\/\/dinhosreef.com\/produto\/racao-nd-quinoa-para-gatos-adultos-hairball-pato-400g\/"},"modified":"2026-04-02T02:06:31","modified_gmt":"2026-04-02T05:06:31","slug":"racao-nd-quinoa-para-gatos-adultos-hairball-pato-400g","status":"publish","type":"product","link":"https:\/\/dinhosreef.com\/en\/product\/racao-nd-quinoa-para-gatos-adultos-hairball-pato-400g\/","title":{"rendered":"RA\u00c7\u00c3O ND QUINOA PARA GATOS ADULTOS HAIRBALL PATO 400G"},"content":{"rendered":"<p>Pato, Quinoa, Ma\u00e7\u00e3 e Cranberry.<br \/>Alimento completo e balanceado para gatos adultos, indicado para facilitar a elimina\u00e7\u00e3o de bola de pelos.<\/p>\n<p>Modo de usar: ver tabela de quantidades di\u00e1rias. Nota: As quantidades s\u00e3o sugeridas em gramas e podem ser alteradas de acordo com as condi\u00e7\u00f5es f\u00edsicas do gato e\/ou recomenda\u00e7\u00e3o do M\u00e9dico Veterin\u00e1rio. Deixe sempre \u00e1gua fresca e limpa ao alcance de seu gato e leve-o regularmente ao M\u00e9dico Veterin\u00e1rio.<\/p>\n<p><strong><span class=\"titoletto\">Benef\u00edcios<\/span><\/strong><\/p>\n<p class=\"comp\">90% de Prote\u00edna de Fontes Animais: Com cerca de 90% das prote\u00ednas derivadas de fontes animais, a f\u00f3rmula apoia o desenvolvimento muscular e a vitalidade.<\/p>\n<p>100% Livre de Ingredientes Geneticamente Modificados: Garantia de uma nutri\u00e7\u00e3o natural e de alta qualidade<\/p>\n<p>Quinoa como Ingrediente Funcional: A quinoa \u00e9 um superalimento funcional, conhecida por suas propriedades antioxidantes e alto teor de fibras, ajudando a promover energia sustentada e um equil\u00edbrio nutricional completo.<\/p>\n<p>Sem corantes ou aromas artificiais: Conserva\u00e7\u00e3o com ingredientes naturais, mantendo a qualidade do produto.<\/p>","protected":false},"excerpt":{"rendered":"<p>Pato, Quinoa, Ma\u00e7\u00e3 e Cranberry.Alimento completo e balanceado para gatos adultos, indicado para facilitar a elimina\u00e7\u00e3o de bola de pelos. Modo de usar: ver tabela de quantidades di\u00e1rias. Nota: As quantidades s\u00e3o sugeridas em gramas e podem ser alteradas de acordo com as condi\u00e7\u00f5es f\u00edsicas do gato e\/ou recomenda\u00e7\u00e3o do M\u00e9dico Veterin\u00e1rio. Deixe sempre \u00e1gua [&hellip;]<\/p>\n","protected":false},"featured_media":1410789098,"comment_status":"open","ping_status":"closed","template":"","meta":{"googlesitekit_rrm_CAow0N7NCw:productID":"","content-type":"","pmpro_default_level":"","_themeisle_gutenberg_block_has_review":false},"product_brand":[],"product_cat":[256],"product_tag":[],"class_list":{"0":"post-1410789099","1":"product","2":"type-product","3":"status-publish","4":"has-post-thumbnail","6":"product_cat-racoes","7":"pmpro-has-access","9":"first","10":"outofstock","11":"taxable","12":"shipping-taxable","13":"purchasable","14":"product-type-simple"},"_links":{"self":[{"href":"https:\/\/dinhosreef.com\/en\/wp-json\/wp\/v2\/product\/1410789099","targetHints":{"allow":["GET"]}}],"collection":[{"href":"https:\/\/dinhosreef.com\/en\/wp-json\/wp\/v2\/product"}],"about":[{"href":"https:\/\/dinhosreef.com\/en\/wp-json\/wp\/v2\/types\/product"}],"replies":[{"embeddable":true,"href":"https:\/\/dinhosreef.com\/en\/wp-json\/wp\/v2\/comments?post=1410789099"}],"wp:featuredmedia":[{"embeddable":true,"href":"https:\/\/dinhosreef.com\/en\/wp-json\/wp\/v2\/media\/1410789098"}],"wp:attachment":[{"href":"https:\/\/dinhosreef.com\/en\/wp-json\/wp\/v2\/media?parent=1410789099"}],"wp:term":[{"taxonomy":"product_brand","embeddable":true,"href":"https:\/\/dinhosreef.com\/en\/wp-json\/wp\/v2\/product_brand?post=1410789099"},{"taxonomy":"product_cat","embeddable":true,"href":"https:\/\/dinhosreef.com\/en\/wp-json\/wp\/v2\/product_cat?post=1410789099"},{"taxonomy":"product_tag","embeddable":true,"href":"https:\/\/dinhosreef.com\/en\/wp-json\/wp\/v2\/product_tag?post=1410789099"}],"curies":[{"name":"wp","href":"https:\/\/api.w.org\/{rel}","templated":true}]}}