{"id":1410789107,"date":"2026-02-22T14:19:39","date_gmt":"2026-02-22T17:19:39","guid":{"rendered":"https:\/\/dinhosreef.com\/produto\/racao-vet-life-para-caes-hypoallergenic-mini-2kg\/"},"modified":"2026-04-09T10:42:15","modified_gmt":"2026-04-09T13:42:15","slug":"racao-vet-life-para-caes-hypoallergenic-mini-2kg","status":"publish","type":"product","link":"https:\/\/dinhosreef.com\/en\/product\/racao-vet-life-para-caes-hypoallergenic-mini-2kg\/","title":{"rendered":"RA\u00c7\u00c3O VET LIFE PARA C\u00c3ES HYPOALLERGENIC MINI 2KG"},"content":{"rendered":"<h2>Ra\u00e7\u00e3o Vet Life Natural Canine Mini Hypoallergenic<\/h2>\n<p>A\u00a0<strong>Ra\u00e7\u00e3o Vet Life Natural Canine Mini Hypoallergenic<\/strong>\u00a0\u00e9 um alimento coadjuvante recomendado para o tratamento de alergia e intoler\u00e2ncia alimentar em c\u00e3es miniaturas.<\/p>\n<p>Alergias e intoler\u00e2ncias alimentares podem causar uma s\u00e9rie de dist\u00farbios de pele e do trato gastrointestinal, muitas vezes devido \u00e0 presen\u00e7a de prote\u00ednas ou res\u00edduos na dieta aos quais o c\u00e3o \u00e9 sens\u00edvel.<\/p>\n<p>As prote\u00ednas, que s\u00e3o frequentemente respons\u00e1veis pelas rea\u00e7\u00f5es adversas, s\u00e3o encontradas em alimentos como carne bovina, trigo, leite e derivados. Alimentos que t\u00eam uma maior probabilidade de conter res\u00edduos qu\u00edmicos s\u00e3o carnes provenientes de cria\u00e7\u00e3o intensiva.<\/p>\n<h3>Ra\u00e7\u00e3o Vet Life hipoalerg\u00eanica: indica\u00e7\u00f5es<\/h3>\n<p>A\u00a0<strong>Ra\u00e7\u00e3o Vet Life Hipoalerg\u00eanica<\/strong>\u00a0\u00e9 indicada para o tratamento de c\u00e3es de ra\u00e7as pequenas com problemas de alergia alimentar, sempre seguindo as orienta\u00e7\u00f5es do m\u00e9dico-veterin\u00e1rio respons\u00e1vel. A dura\u00e7\u00e3o estimada do tratamento \u00e9 de 3 a 8 semanas.<\/p>\n<p>Em casos de pancreatite aguda, administrar pequenas quantidades de alimento com mais frequ\u00eancia (5-6 vezes por dia). Se os sintomas de intoler\u00e2ncia desaparecerem, o produto pode ser usado indefinidamente ou a crit\u00e9rio do veterin\u00e1rio.<\/p>\n<h3>Vet life hypoallergenic: contraindica\u00e7\u00f5es<\/h3>\n<h3>Contraindicado para c\u00e3es com microalbumin\u00faria, protein\u00faria e cachorros sadios e filhotes.<\/h3>","protected":false},"excerpt":{"rendered":"<p>Ra\u00e7\u00e3o Vet Life Natural Canine Mini Hypoallergenic A\u00a0Ra\u00e7\u00e3o Vet Life Natural Canine Mini Hypoallergenic\u00a0\u00e9 um alimento coadjuvante recomendado para o tratamento de alergia e intoler\u00e2ncia alimentar em c\u00e3es miniaturas. Alergias e intoler\u00e2ncias alimentares podem causar uma s\u00e9rie de dist\u00farbios de pele e do trato gastrointestinal, muitas vezes devido \u00e0 presen\u00e7a de prote\u00ednas ou res\u00edduos na [&hellip;]<\/p>\n","protected":false},"featured_media":1410789106,"comment_status":"open","ping_status":"closed","template":"","meta":{"googlesitekit_rrm_CAow0N7NCw:productID":"","content-type":"","pmpro_default_level":"","_themeisle_gutenberg_block_has_review":false},"product_brand":[],"product_cat":[259],"product_tag":[],"class_list":{"0":"post-1410789107","1":"product","2":"type-product","3":"status-publish","4":"has-post-thumbnail","6":"product_cat-racoes-alimento-petisco-e-suplemento-caes","7":"pmpro-has-access","9":"first","10":"outofstock","11":"taxable","12":"shipping-taxable","13":"purchasable","14":"product-type-simple"},"_links":{"self":[{"href":"https:\/\/dinhosreef.com\/en\/wp-json\/wp\/v2\/product\/1410789107","targetHints":{"allow":["GET"]}}],"collection":[{"href":"https:\/\/dinhosreef.com\/en\/wp-json\/wp\/v2\/product"}],"about":[{"href":"https:\/\/dinhosreef.com\/en\/wp-json\/wp\/v2\/types\/product"}],"replies":[{"embeddable":true,"href":"https:\/\/dinhosreef.com\/en\/wp-json\/wp\/v2\/comments?post=1410789107"}],"wp:featuredmedia":[{"embeddable":true,"href":"https:\/\/dinhosreef.com\/en\/wp-json\/wp\/v2\/media\/1410789106"}],"wp:attachment":[{"href":"https:\/\/dinhosreef.com\/en\/wp-json\/wp\/v2\/media?parent=1410789107"}],"wp:term":[{"taxonomy":"product_brand","embeddable":true,"href":"https:\/\/dinhosreef.com\/en\/wp-json\/wp\/v2\/product_brand?post=1410789107"},{"taxonomy":"product_cat","embeddable":true,"href":"https:\/\/dinhosreef.com\/en\/wp-json\/wp\/v2\/product_cat?post=1410789107"},{"taxonomy":"product_tag","embeddable":true,"href":"https:\/\/dinhosreef.com\/en\/wp-json\/wp\/v2\/product_tag?post=1410789107"}],"curies":[{"name":"wp","href":"https:\/\/api.w.org\/{rel}","templated":true}]}}