{"id":1410789115,"date":"2026-02-22T14:19:57","date_gmt":"2026-02-22T17:19:57","guid":{"rendered":"https:\/\/dinhosreef.com\/produto\/racao-umida-nd-ocean-atum-e-salmao-p-gatos-adultos-70g\/"},"modified":"2026-03-25T22:27:08","modified_gmt":"2026-03-26T01:27:08","slug":"racao-umida-nd-ocean-atum-e-salmao-p-gatos-adultos-70g","status":"publish","type":"product","link":"https:\/\/dinhosreef.com\/en\/product\/racao-umida-nd-ocean-atum-e-salmao-p-gatos-adultos-70g\/","title":{"rendered":"RA\u00c7\u00c3O \u00daMIDA ND OCEAN ATUM E SALM\u00c3O P\/ GATOS ADULTOS 70G"},"content":{"rendered":"<h2>Ra\u00e7\u00e3o \u00damida N&amp;D Ocean para Gatos Adultos Atum e Salm\u00e3o<\/h2>\n<p>Ofere\u00e7a ao seu gato uma alimenta\u00e7\u00e3o premium com a\u00a0<strong>Ra\u00e7\u00e3o \u00damida N&amp;D Ocean<\/strong>. Formulada com ingredientes marinhos de alta qualidade, como atum, salm\u00e3o e bacalhau, essa receita \u00e9 rica em \u00f4mega-3, contribuindo para uma pele saud\u00e1vel e uma pelagem brilhante. Ideal para gatos adultos de todas as ra\u00e7as, proporciona uma dieta equilibrada e sabor irresist\u00edvel.<\/p>\n<p>Com cozimento a vapor e processamento m\u00ednimo, preserva o sabor, aroma e textura naturais dos alimentos. \u00c9 livre de transg\u00eanicos, corantes e aromatizantes artificiais, garantindo uma nutri\u00e7\u00e3o mais saud\u00e1vel e natural para o seu pet. Al\u00e9m disso, sua composi\u00e7\u00e3o favorece a hidrata\u00e7\u00e3o e \u00e9 perfeita at\u00e9 para os gatos mais exigentes.<\/p>\n<h3>Benef\u00edcios da Ra\u00e7\u00e3o \u00damida N&amp;D Ocean Atum e Salm\u00e3o<\/h3>\n<p>\u00a0<\/p>\n<ul>\n<li>Feita com peixes nobres como atum, salm\u00e3o, bacalhau e camar\u00e3o;<\/li>\n<li>Rica em \u00f4mega-3 para pelagem brilhante e pele saud\u00e1vel;<\/li>\n<li>Processamento m\u00ednimo, cozida a vapor para manter os nutrientes;<\/li>\n<li>Sem corantes, aromas artificiais ou ingredientes transg\u00eanicos;<\/li>\n<li>Alimento completo para gatos adultos de todas as ra\u00e7as.<\/li>\n<\/ul>","protected":false},"excerpt":{"rendered":"<p>Ra\u00e7\u00e3o \u00damida N&amp;D Ocean para Gatos Adultos Atum e Salm\u00e3o Ofere\u00e7a ao seu gato uma alimenta\u00e7\u00e3o premium com a\u00a0Ra\u00e7\u00e3o \u00damida N&amp;D Ocean. Formulada com ingredientes marinhos de alta qualidade, como atum, salm\u00e3o e bacalhau, essa receita \u00e9 rica em \u00f4mega-3, contribuindo para uma pele saud\u00e1vel e uma pelagem brilhante. Ideal para gatos adultos de todas [&hellip;]<\/p>\n","protected":false},"featured_media":1410789114,"comment_status":"open","ping_status":"closed","template":"","meta":{"googlesitekit_rrm_CAow0N7NCw:productID":"","content-type":"","pmpro_default_level":"","_themeisle_gutenberg_block_has_review":false},"product_brand":[],"product_cat":[256],"product_tag":[],"class_list":{"0":"post-1410789115","1":"product","2":"type-product","3":"status-publish","4":"has-post-thumbnail","6":"product_cat-racoes","7":"pmpro-has-access","9":"first","10":"outofstock","11":"taxable","12":"shipping-taxable","13":"purchasable","14":"product-type-simple"},"_links":{"self":[{"href":"https:\/\/dinhosreef.com\/en\/wp-json\/wp\/v2\/product\/1410789115","targetHints":{"allow":["GET"]}}],"collection":[{"href":"https:\/\/dinhosreef.com\/en\/wp-json\/wp\/v2\/product"}],"about":[{"href":"https:\/\/dinhosreef.com\/en\/wp-json\/wp\/v2\/types\/product"}],"replies":[{"embeddable":true,"href":"https:\/\/dinhosreef.com\/en\/wp-json\/wp\/v2\/comments?post=1410789115"}],"wp:featuredmedia":[{"embeddable":true,"href":"https:\/\/dinhosreef.com\/en\/wp-json\/wp\/v2\/media\/1410789114"}],"wp:attachment":[{"href":"https:\/\/dinhosreef.com\/en\/wp-json\/wp\/v2\/media?parent=1410789115"}],"wp:term":[{"taxonomy":"product_brand","embeddable":true,"href":"https:\/\/dinhosreef.com\/en\/wp-json\/wp\/v2\/product_brand?post=1410789115"},{"taxonomy":"product_cat","embeddable":true,"href":"https:\/\/dinhosreef.com\/en\/wp-json\/wp\/v2\/product_cat?post=1410789115"},{"taxonomy":"product_tag","embeddable":true,"href":"https:\/\/dinhosreef.com\/en\/wp-json\/wp\/v2\/product_tag?post=1410789115"}],"curies":[{"name":"wp","href":"https:\/\/api.w.org\/{rel}","templated":true}]}}