{"id":1410789117,"date":"2026-02-22T14:20:01","date_gmt":"2026-02-22T17:20:01","guid":{"rendered":"https:\/\/dinhosreef.com\/produto\/racao-umida-nd-pumpkin-cordeiro-para-gatos-adultos-70g\/"},"modified":"2026-03-26T08:23:09","modified_gmt":"2026-03-26T11:23:09","slug":"racao-umida-nd-pumpkin-cordeiro-para-gatos-adultos-70g","status":"publish","type":"product","link":"https:\/\/dinhosreef.com\/en\/product\/racao-umida-nd-pumpkin-cordeiro-para-gatos-adultos-70g\/","title":{"rendered":"RA\u00c7\u00c3O \u00daMIDA ND PUMPKIN CORDEIRO PARA GATOS ADULTOS 70G"},"content":{"rendered":"<h2 class=\"section-title\">Descri\u00e7\u00e3o<\/h2>\n<div class=\"spec-content\">\n<ul>\n<li>Indicada para gatos;<br \/>&#8211; Alimento \u00famido completo;<br \/>&#8211; Balanceada para gatos adultos;<br \/>&#8211; Cont\u00e9m ingredientes naturais;<br \/>&#8211; Sem conservantes artificiais;<br \/>&#8211; Dispon\u00edvel em embalagem de 70 g.<\/li>\n<\/ul>\n<p><strong><span class=\"spec-key\">Composi\u00e7\u00e3o<\/span><\/strong><\/p>\n<p><span class=\"spec-value\">Carne de cordeiro (m\u00edn. 55%), arenque, ovo, ab\u00f3bora (m\u00edn. 5%), batata doce, \u00f3leo de peixe, mirtilo (blueberry) (m\u00edn. 2%), aditivo prebi\u00f3tico (FOS), cloreto de colina, carbonato de c\u00e1lcio, cloreto de pot\u00e1ssio, vitaminas (A, D3, E), quelato zinco-metionina hidroxi analoga, quelato mangan\u00eas-metionina hidroxi analoga, ferro aminoacido quelato, quelato cobre-metionina hidroxi analoga, DL-metionina, taurina, L-Carnitina.<\/span><\/p>\n<\/p><\/div>","protected":false},"excerpt":{"rendered":"<p>Descri\u00e7\u00e3o Indicada para gatos;&#8211; Alimento \u00famido completo;&#8211; Balanceada para gatos adultos;&#8211; Cont\u00e9m ingredientes naturais;&#8211; Sem conservantes artificiais;&#8211; Dispon\u00edvel em embalagem de 70 g. Composi\u00e7\u00e3o Carne de cordeiro (m\u00edn. 55%), arenque, ovo, ab\u00f3bora (m\u00edn. 5%), batata doce, \u00f3leo de peixe, mirtilo (blueberry) (m\u00edn. 2%), aditivo prebi\u00f3tico (FOS), cloreto de colina, carbonato de c\u00e1lcio, cloreto de pot\u00e1ssio, [&hellip;]<\/p>\n","protected":false},"featured_media":1410789116,"comment_status":"open","ping_status":"closed","template":"","meta":{"googlesitekit_rrm_CAow0N7NCw:productID":"","content-type":"","pmpro_default_level":"","_themeisle_gutenberg_block_has_review":false},"product_brand":[392],"product_cat":[256],"product_tag":[],"class_list":{"0":"post-1410789117","1":"product","2":"type-product","3":"status-publish","4":"has-post-thumbnail","6":"product_brand-farmina","7":"product_cat-racoes","8":"pmpro-has-access","10":"first","11":"outofstock","12":"taxable","13":"shipping-taxable","14":"purchasable","15":"product-type-simple"},"_links":{"self":[{"href":"https:\/\/dinhosreef.com\/en\/wp-json\/wp\/v2\/product\/1410789117","targetHints":{"allow":["GET"]}}],"collection":[{"href":"https:\/\/dinhosreef.com\/en\/wp-json\/wp\/v2\/product"}],"about":[{"href":"https:\/\/dinhosreef.com\/en\/wp-json\/wp\/v2\/types\/product"}],"replies":[{"embeddable":true,"href":"https:\/\/dinhosreef.com\/en\/wp-json\/wp\/v2\/comments?post=1410789117"}],"wp:featuredmedia":[{"embeddable":true,"href":"https:\/\/dinhosreef.com\/en\/wp-json\/wp\/v2\/media\/1410789116"}],"wp:attachment":[{"href":"https:\/\/dinhosreef.com\/en\/wp-json\/wp\/v2\/media?parent=1410789117"}],"wp:term":[{"taxonomy":"product_brand","embeddable":true,"href":"https:\/\/dinhosreef.com\/en\/wp-json\/wp\/v2\/product_brand?post=1410789117"},{"taxonomy":"product_cat","embeddable":true,"href":"https:\/\/dinhosreef.com\/en\/wp-json\/wp\/v2\/product_cat?post=1410789117"},{"taxonomy":"product_tag","embeddable":true,"href":"https:\/\/dinhosreef.com\/en\/wp-json\/wp\/v2\/product_tag?post=1410789117"}],"curies":[{"name":"wp","href":"https:\/\/api.w.org\/{rel}","templated":true}]}}