{"id":1410789119,"date":"2026-02-22T14:20:05","date_gmt":"2026-02-22T17:20:05","guid":{"rendered":"https:\/\/dinhosreef.com\/produto\/racao-umida-nd-pumpkin-para-gatos-adultos-frango-70g\/"},"modified":"2026-02-22T14:27:50","modified_gmt":"2026-02-22T17:27:50","slug":"racao-umida-nd-pumpkin-para-gatos-adultos-frango-70g","status":"publish","type":"product","link":"https:\/\/dinhosreef.com\/en\/product\/racao-umida-nd-pumpkin-para-gatos-adultos-frango-70g\/","title":{"rendered":"RA\u00c7\u00c3O \u00daMIDA ND PUMPKIN PARA GATOS ADULTOS FRANGO 70G"},"content":{"rendered":"<h2>Ra\u00e7\u00e3o \u00damida N&amp;D Pumpkin Gatos Adultos Frango, Ab\u00f3bora e Rom\u00e3<\/h2>\n<p>A\u00a0<strong>Ra\u00e7\u00e3o \u00damida N&amp;D Pumpkin Gatos Adultos Frango, Ab\u00f3bora e Rom\u00e3<\/strong>\u00a0\u00e9 uma op\u00e7\u00e3o especialmente formulada para gatos adultos, uma\u00a0<strong>Ra\u00e7\u00e3o \u00damida<\/strong>\u00a0que valoriza uma alimenta\u00e7\u00e3o balanceada e saborosa. Este alimento completo \u00e9 preparado com ingredientes naturais de alta qualidade, sem a presen\u00e7a de conservantes artificiais.<\/p>\n<p>A\u00a0<strong>Ra\u00e7\u00e3o \u00damida N&amp;D para Gatos<\/strong> cont\u00e9m uma combina\u00e7\u00e3o \u00fanica de frango, ab\u00f3bora e rom\u00e3, ingredientes escolhidos criteriosamente para oferecer n\u00e3o apenas um sabor irresist\u00edvel, mas tamb\u00e9m benef\u00edcios para a sa\u00fade digestiva e nutricional do seu gato. A ab\u00f3bora presente na f\u00f3rmula auxilia na digest\u00e3o e contribui para a manuten\u00e7\u00e3o do peso corporal adequado.<\/p>","protected":false},"excerpt":{"rendered":"<p>Ra\u00e7\u00e3o \u00damida N&amp;D Pumpkin Gatos Adultos Frango, Ab\u00f3bora e Rom\u00e3 A\u00a0Ra\u00e7\u00e3o \u00damida N&amp;D Pumpkin Gatos Adultos Frango, Ab\u00f3bora e Rom\u00e3\u00a0\u00e9 uma op\u00e7\u00e3o especialmente formulada para gatos adultos, uma\u00a0Ra\u00e7\u00e3o \u00damida\u00a0que valoriza uma alimenta\u00e7\u00e3o balanceada e saborosa. Este alimento completo \u00e9 preparado com ingredientes naturais de alta qualidade, sem a presen\u00e7a de conservantes artificiais. A\u00a0Ra\u00e7\u00e3o \u00damida N&amp;D [&hellip;]<\/p>\n","protected":false},"featured_media":1410789118,"comment_status":"open","ping_status":"closed","template":"","meta":{"googlesitekit_rrm_CAow0N7NCw:productID":"","content-type":"","pmpro_default_level":"","_themeisle_gutenberg_block_has_review":false},"product_brand":[392],"product_cat":[256],"product_tag":[],"class_list":{"0":"post-1410789119","1":"product","2":"type-product","3":"status-publish","4":"has-post-thumbnail","6":"product_brand-farmina","7":"product_cat-racoes","8":"pmpro-has-access","10":"first","11":"outofstock","12":"taxable","13":"shipping-taxable","14":"purchasable","15":"product-type-simple"},"_links":{"self":[{"href":"https:\/\/dinhosreef.com\/en\/wp-json\/wp\/v2\/product\/1410789119","targetHints":{"allow":["GET"]}}],"collection":[{"href":"https:\/\/dinhosreef.com\/en\/wp-json\/wp\/v2\/product"}],"about":[{"href":"https:\/\/dinhosreef.com\/en\/wp-json\/wp\/v2\/types\/product"}],"replies":[{"embeddable":true,"href":"https:\/\/dinhosreef.com\/en\/wp-json\/wp\/v2\/comments?post=1410789119"}],"wp:featuredmedia":[{"embeddable":true,"href":"https:\/\/dinhosreef.com\/en\/wp-json\/wp\/v2\/media\/1410789118"}],"wp:attachment":[{"href":"https:\/\/dinhosreef.com\/en\/wp-json\/wp\/v2\/media?parent=1410789119"}],"wp:term":[{"taxonomy":"product_brand","embeddable":true,"href":"https:\/\/dinhosreef.com\/en\/wp-json\/wp\/v2\/product_brand?post=1410789119"},{"taxonomy":"product_cat","embeddable":true,"href":"https:\/\/dinhosreef.com\/en\/wp-json\/wp\/v2\/product_cat?post=1410789119"},{"taxonomy":"product_tag","embeddable":true,"href":"https:\/\/dinhosreef.com\/en\/wp-json\/wp\/v2\/product_tag?post=1410789119"}],"curies":[{"name":"wp","href":"https:\/\/api.w.org\/{rel}","templated":true}]}}