{"id":1410789121,"date":"2026-02-22T14:20:10","date_gmt":"2026-02-22T17:20:10","guid":{"rendered":"https:\/\/dinhosreef.com\/produto\/racao-nd-ocean-atum-e-camarao-para-gatos-adultos-70g\/"},"modified":"2026-03-23T09:06:16","modified_gmt":"2026-03-23T12:06:16","slug":"racao-nd-ocean-atum-e-camarao-para-gatos-adultos-70g","status":"publish","type":"product","link":"https:\/\/dinhosreef.com\/en\/product\/racao-nd-ocean-atum-e-camarao-para-gatos-adultos-70g\/","title":{"rendered":"RA\u00c7\u00c3O ND OCEAN ATUM E CAMAR\u00c3O PARA GATOS ADULTOS 70G"},"content":{"rendered":"<h2>Ra\u00e7\u00e3o \u00damida N&amp;D Ocean Gatos Adultos Atum e Camar\u00e3o<\/h2>\n<p>A\u00a0<strong>Ra\u00e7\u00e3o \u00damida N&amp;D Ocean Gatos Adultos Atum e Camar\u00e3o<\/strong>\u00a0\u00e9 uma op\u00e7\u00e3o de alimento completo e equilibrado, especialmente desenvolvido para gatos adultos. Com uma combina\u00e7\u00e3o irresist\u00edvel de atum e camar\u00e3o, essa ra\u00e7\u00e3o \u00famida cativa o paladar exigente dos felinos, proporcionando uma experi\u00eancia gastron\u00f4mica \u00fanica.<\/p>\n<p>Elaborada com ingredientes naturais e livre de conservantes artificiais, essa\u00a0<strong>Ra\u00e7\u00e3o \u00damida<\/strong> n\u00e3o apenas agrada ao paladar do seu gato, mas tamb\u00e9m oferece benef\u00edcios nutricionais essenciais. O atum e o camar\u00e3o presentes na composi\u00e7\u00e3o s\u00e3o fontes de prote\u00ednas de alta qualidade, contribuindo para a sa\u00fade e vitalidade do seu felino.<\/p>\n<h3>Ingredientes<\/h3>\n<p>Atum (m\u00edn. 30%), carne de bacalhau, arenque, batata doce, camar\u00e3o integral (m\u00edn. 5%), \u00f3leo de peixe, aditivo prebi\u00f3tico (FOS), cloreto de colina, carbonato de c\u00e1lcio, cloreto de pot\u00e1ssio, vitaminas (A, D3, E), quelato zinco-metionina hidroxi analoga, quelato mangan\u00eas-metionina hidroxi analoga, ferro aminoacido quelato, quelato cobre-metionina hidroxi analoga, DL-metionina, taurina, L-Carnitina.<\/p>","protected":false},"excerpt":{"rendered":"<p>Ra\u00e7\u00e3o \u00damida N&amp;D Ocean Gatos Adultos Atum e Camar\u00e3o A\u00a0Ra\u00e7\u00e3o \u00damida N&amp;D Ocean Gatos Adultos Atum e Camar\u00e3o\u00a0\u00e9 uma op\u00e7\u00e3o de alimento completo e equilibrado, especialmente desenvolvido para gatos adultos. Com uma combina\u00e7\u00e3o irresist\u00edvel de atum e camar\u00e3o, essa ra\u00e7\u00e3o \u00famida cativa o paladar exigente dos felinos, proporcionando uma experi\u00eancia gastron\u00f4mica \u00fanica. Elaborada com ingredientes [&hellip;]<\/p>\n","protected":false},"featured_media":1410789120,"comment_status":"open","ping_status":"closed","template":"","meta":{"googlesitekit_rrm_CAow0N7NCw:productID":"","content-type":"","pmpro_default_level":"","_themeisle_gutenberg_block_has_review":false},"product_brand":[392],"product_cat":[256],"product_tag":[],"class_list":{"0":"post-1410789121","1":"product","2":"type-product","3":"status-publish","4":"has-post-thumbnail","6":"product_brand-farmina","7":"product_cat-racoes","8":"pmpro-has-access","10":"first","11":"outofstock","12":"taxable","13":"shipping-taxable","14":"purchasable","15":"product-type-simple"},"_links":{"self":[{"href":"https:\/\/dinhosreef.com\/en\/wp-json\/wp\/v2\/product\/1410789121","targetHints":{"allow":["GET"]}}],"collection":[{"href":"https:\/\/dinhosreef.com\/en\/wp-json\/wp\/v2\/product"}],"about":[{"href":"https:\/\/dinhosreef.com\/en\/wp-json\/wp\/v2\/types\/product"}],"replies":[{"embeddable":true,"href":"https:\/\/dinhosreef.com\/en\/wp-json\/wp\/v2\/comments?post=1410789121"}],"wp:featuredmedia":[{"embeddable":true,"href":"https:\/\/dinhosreef.com\/en\/wp-json\/wp\/v2\/media\/1410789120"}],"wp:attachment":[{"href":"https:\/\/dinhosreef.com\/en\/wp-json\/wp\/v2\/media?parent=1410789121"}],"wp:term":[{"taxonomy":"product_brand","embeddable":true,"href":"https:\/\/dinhosreef.com\/en\/wp-json\/wp\/v2\/product_brand?post=1410789121"},{"taxonomy":"product_cat","embeddable":true,"href":"https:\/\/dinhosreef.com\/en\/wp-json\/wp\/v2\/product_cat?post=1410789121"},{"taxonomy":"product_tag","embeddable":true,"href":"https:\/\/dinhosreef.com\/en\/wp-json\/wp\/v2\/product_tag?post=1410789121"}],"curies":[{"name":"wp","href":"https:\/\/api.w.org\/{rel}","templated":true}]}}