{"id":1410789123,"date":"2026-02-22T14:21:11","date_gmt":"2026-02-22T17:21:11","guid":{"rendered":"https:\/\/dinhosreef.com\/produto\/racao-umida-nd-prime-cordeiro-para-caes-adultos-140g\/"},"modified":"2026-04-22T11:40:49","modified_gmt":"2026-04-22T14:40:49","slug":"racao-umida-nd-prime-cordeiro-para-caes-adultos-140g","status":"publish","type":"product","link":"https:\/\/dinhosreef.com\/en\/product\/racao-umida-nd-prime-cordeiro-para-caes-adultos-140g\/","title":{"rendered":"RA\u00c7\u00c3O \u00daMIDA ND PRIME CORDEIRO PARA C\u00c3ES ADULTOS 140G"},"content":{"rendered":"<h2>Ra\u00e7\u00e3o \u00damida N&amp;D Prime C\u00e3es Cordeiro e Blueberry<\/h2>\n<p>A\u00a0<strong>Ra\u00e7\u00e3o \u00damida N&amp;D Prime C\u00e3es<\/strong>\u00a0\u00e9 um alimento completo e balanceado para c\u00e3es adultos com sensibilidade digestiva, garantindo a eles uma rotina balanceada e ativa.<\/p>\n<p>Produzida com antioxidantes naturais, extratos ricos em tocofer\u00f3is, vitaminas e minerais, carne fresca e sem a adi\u00e7\u00e3o de conservantes artificiais, a\u00a0<strong>Ra\u00e7\u00e3o \u00damida N&amp;D Prime<\/strong> fortalece a sa\u00fade f\u00edsica e mental do seu pet, garantindo todo o sabor e nutri\u00e7\u00e3o que ele precisa.<\/p>\n<h3>Ingredientes<\/h3>\n<p>Carne de ovino (cordeiro) (m\u00edn. 50%), carne de arenque, batata doce, ovo em p\u00f3, \u00f3leo de peixe, mirtilo (blueberry) (m\u00edn. 2%), aditivo prebi\u00f3tico (FOS), cloreto de colina, sulfato de condroitina, hidrocloreto de glicosamina, Vitaminas (A, D3, E), quelato zinco-metionina hidroxi analoga, quelato mangan\u00eas-metionina hidroxi analoga, ferro aminoacido quelato, quelato cobre-metionina hidroxi analoga, levedura enriquecida com sel\u00eanio, DL-metionina, taurina, L-Carnitina.<\/p>","protected":false},"excerpt":{"rendered":"<p>Ra\u00e7\u00e3o \u00damida N&amp;D Prime C\u00e3es Cordeiro e Blueberry A\u00a0Ra\u00e7\u00e3o \u00damida N&amp;D Prime C\u00e3es\u00a0\u00e9 um alimento completo e balanceado para c\u00e3es adultos com sensibilidade digestiva, garantindo a eles uma rotina balanceada e ativa. Produzida com antioxidantes naturais, extratos ricos em tocofer\u00f3is, vitaminas e minerais, carne fresca e sem a adi\u00e7\u00e3o de conservantes artificiais, a\u00a0Ra\u00e7\u00e3o \u00damida N&amp;D [&hellip;]<\/p>\n","protected":false},"featured_media":1410789122,"comment_status":"open","ping_status":"closed","template":"","meta":{"googlesitekit_rrm_CAow0N7NCw:productID":"","content-type":"","pmpro_default_level":"","_themeisle_gutenberg_block_has_review":false},"product_brand":[392],"product_cat":[259],"product_tag":[],"class_list":{"0":"post-1410789123","1":"product","2":"type-product","3":"status-publish","4":"has-post-thumbnail","6":"product_brand-farmina","7":"product_cat-racoes-alimento-petisco-e-suplemento-caes","8":"pmpro-has-access","10":"first","11":"outofstock","12":"taxable","13":"shipping-taxable","14":"purchasable","15":"product-type-simple"},"_links":{"self":[{"href":"https:\/\/dinhosreef.com\/en\/wp-json\/wp\/v2\/product\/1410789123","targetHints":{"allow":["GET"]}}],"collection":[{"href":"https:\/\/dinhosreef.com\/en\/wp-json\/wp\/v2\/product"}],"about":[{"href":"https:\/\/dinhosreef.com\/en\/wp-json\/wp\/v2\/types\/product"}],"replies":[{"embeddable":true,"href":"https:\/\/dinhosreef.com\/en\/wp-json\/wp\/v2\/comments?post=1410789123"}],"wp:featuredmedia":[{"embeddable":true,"href":"https:\/\/dinhosreef.com\/en\/wp-json\/wp\/v2\/media\/1410789122"}],"wp:attachment":[{"href":"https:\/\/dinhosreef.com\/en\/wp-json\/wp\/v2\/media?parent=1410789123"}],"wp:term":[{"taxonomy":"product_brand","embeddable":true,"href":"https:\/\/dinhosreef.com\/en\/wp-json\/wp\/v2\/product_brand?post=1410789123"},{"taxonomy":"product_cat","embeddable":true,"href":"https:\/\/dinhosreef.com\/en\/wp-json\/wp\/v2\/product_cat?post=1410789123"},{"taxonomy":"product_tag","embeddable":true,"href":"https:\/\/dinhosreef.com\/en\/wp-json\/wp\/v2\/product_tag?post=1410789123"}],"curies":[{"name":"wp","href":"https:\/\/api.w.org\/{rel}","templated":true}]}}