{"id":1410789125,"date":"2026-02-22T14:21:16","date_gmt":"2026-02-22T17:21:16","guid":{"rendered":"https:\/\/dinhosreef.com\/produto\/racao-nd-quinoa-gatos-adultos-weight-cordeiro-400g\/"},"modified":"2026-04-09T10:42:16","modified_gmt":"2026-04-09T13:42:16","slug":"racao-nd-quinoa-gatos-adultos-weight-cordeiro-400g","status":"publish","type":"product","link":"https:\/\/dinhosreef.com\/en\/product\/racao-nd-quinoa-gatos-adultos-weight-cordeiro-400g\/","title":{"rendered":"RA\u00c7\u00c3O ND QUINOA GATOS ADULTOS WEIGHT CORDEIRO 400G"},"content":{"rendered":"<p><strong><span class=\"titoletto\">Benef\u00edcios<\/span><\/strong><\/p>\n<p class=\"comp\">92% de Prote\u00edna de Fontes Animais: Com cerca de 92% das prote\u00ednas derivadas de fontes animais, a f\u00f3rmula apoia o desenvolvimento muscular e a vitalidade.<\/p>\n<p>100% Livre de Ingredientes Geneticamente Modificados: Garantia de uma nutri\u00e7\u00e3o natural e de alta qualidade<\/p>\n<p>Quinoa como Ingrediente Funcional: A quinoa \u00e9 um superalimento funcional, conhecida por suas propriedades antioxidantes e alto teor de fibras, ajudando a promover energia sustentada e um equil\u00edbrio nutricional completo.<\/p>\n<p>Sem corantes ou aromas artificiais: Conserva\u00e7\u00e3o com ingredientes naturais, mantendo a qualidade do produto.<\/p>\n<p class=\"comp\"><strong><span class=\"titoletto\">Composi\u00e7\u00e3o b\u00e1sica<\/span><\/strong><\/p>\n<p class=\"comp\">carne de cordeiro, farinha de carne e ossos de ovino (m\u00edn. 3%), farinha de v\u00edsceras de aves, ovo desidratado, quinoa (m\u00edn. 5%), amido de batata, amido de mandioca, \u00f3leo de frango, \u00f3leo de peixe, polpa de beterraba, semente de psyllium, levedura seca de cervejaria, erva-doce desidratada (m\u00edn. 0,15%), hortel\u00e3 desidratada (m\u00edn. 0,15%), extrato de ch\u00e1 verde, extrato de aloe vera, beta caroteno, aditivos prebi\u00f3ticos (FOS e MOS), DL-metionina, taurina, L-carnitina, sulfato de condroitina, sulfato de glicosamina, aditivos adsorventes (extrato de yucca e zeolita), hidrolisado de f\u00edgado de frango e su\u00edno, vitaminas (A, D3, E, B1, B2, B6, B12, C, biotina, niacina, \u00e1cido pantot\u00eanico, \u00e1cido f\u00f3lico, cloreto de colina), cloreto de pot\u00e1ssio, carbonato de c\u00e1lcio, fosfato bic\u00e1lcico, aditivo acidificante, ferro amino\u00e1cido quelato, cobre amino\u00e1cido quelato, zinco amino\u00e1cido quelato, mangan\u00eas amino\u00e1cido quelato, proteinato de sel\u00eanio, iodato de c\u00e1lcio, propionato de c\u00e1lcio, concentrado de tocofer\u00f3is.<br \/>Eventual substitutivo: prote\u00edna hidrolisada de peixe.<\/p>","protected":false},"excerpt":{"rendered":"<p>Benef\u00edcios 92% de Prote\u00edna de Fontes Animais: Com cerca de 92% das prote\u00ednas derivadas de fontes animais, a f\u00f3rmula apoia o desenvolvimento muscular e a vitalidade. 100% Livre de Ingredientes Geneticamente Modificados: Garantia de uma nutri\u00e7\u00e3o natural e de alta qualidade Quinoa como Ingrediente Funcional: A quinoa \u00e9 um superalimento funcional, conhecida por suas propriedades [&hellip;]<\/p>\n","protected":false},"featured_media":1410789124,"comment_status":"open","ping_status":"closed","template":"","meta":{"googlesitekit_rrm_CAow0N7NCw:productID":"","content-type":"","pmpro_default_level":"","_themeisle_gutenberg_block_has_review":false},"product_brand":[392],"product_cat":[256],"product_tag":[],"class_list":{"0":"post-1410789125","1":"product","2":"type-product","3":"status-publish","4":"has-post-thumbnail","6":"product_brand-farmina","7":"product_cat-racoes","8":"pmpro-has-access","10":"first","11":"outofstock","12":"taxable","13":"shipping-taxable","14":"purchasable","15":"product-type-simple"},"_links":{"self":[{"href":"https:\/\/dinhosreef.com\/en\/wp-json\/wp\/v2\/product\/1410789125","targetHints":{"allow":["GET"]}}],"collection":[{"href":"https:\/\/dinhosreef.com\/en\/wp-json\/wp\/v2\/product"}],"about":[{"href":"https:\/\/dinhosreef.com\/en\/wp-json\/wp\/v2\/types\/product"}],"replies":[{"embeddable":true,"href":"https:\/\/dinhosreef.com\/en\/wp-json\/wp\/v2\/comments?post=1410789125"}],"wp:featuredmedia":[{"embeddable":true,"href":"https:\/\/dinhosreef.com\/en\/wp-json\/wp\/v2\/media\/1410789124"}],"wp:attachment":[{"href":"https:\/\/dinhosreef.com\/en\/wp-json\/wp\/v2\/media?parent=1410789125"}],"wp:term":[{"taxonomy":"product_brand","embeddable":true,"href":"https:\/\/dinhosreef.com\/en\/wp-json\/wp\/v2\/product_brand?post=1410789125"},{"taxonomy":"product_cat","embeddable":true,"href":"https:\/\/dinhosreef.com\/en\/wp-json\/wp\/v2\/product_cat?post=1410789125"},{"taxonomy":"product_tag","embeddable":true,"href":"https:\/\/dinhosreef.com\/en\/wp-json\/wp\/v2\/product_tag?post=1410789125"}],"curies":[{"name":"wp","href":"https:\/\/api.w.org\/{rel}","templated":true}]}}