{"id":1410789129,"date":"2026-02-22T14:21:24","date_gmt":"2026-02-22T17:21:24","guid":{"rendered":"https:\/\/dinhosreef.com\/produto\/racao-umida-vet-life-struvite-para-gatos-85g\/"},"modified":"2026-04-13T09:54:44","modified_gmt":"2026-04-13T12:54:44","slug":"racao-umida-vet-life-struvite-para-gatos-85g","status":"publish","type":"product","link":"https:\/\/dinhosreef.com\/en\/product\/racao-umida-vet-life-struvite-para-gatos-85g\/","title":{"rendered":"RA\u00c7\u00c3O \u00daMIDA VET LIFE STRUVITE PARA GATOS 85G"},"content":{"rendered":"<h2>Ra\u00e7\u00e3o \u00damida Para Gato C\u00e1lculos Urin\u00e1rios Vet Life<\/h2>\n<p>A\u00a0<strong>Ra\u00e7\u00e3o \u00damida Para Gato C\u00e1lculos Urin\u00e1rios Vet Life<\/strong>\u00a0\u00e9 um alimento coadjuvante para gatos adultos com dist\u00farbios urin\u00e1rios provocados pela forma\u00e7\u00e3o de c\u00e1lculos \u00e0 base de estruvita. Sendo indicada para gatos com tend\u00eancia a forma\u00e7\u00e3o de c\u00e1lculo de estruvita e cont\u00e9m antioxidantes naturais.<\/p>\n<p>Al\u00e9m disso, o\u00a0<strong>Sach\u00ea Vet Life Struvite<\/strong>\u00a0ajuda no controle do pH urin\u00e1rio atrav\u00e9s da inclus\u00e3o de \u00f4mega 3 e 6 e possui n\u00edveis reduzidos de c\u00e1lcio, f\u00f3sforo e magn\u00e9sio. Formulada sem ingredientes transg\u00eanicos e sem conservantes e aromatizantes artificiais, a linha \u00e9 totalmente natural e indicada para gatos adultos e s\u00eanior de todas as ra\u00e7as.<\/p>\n<h3>Restri\u00e7\u00f5es e outras recomenda\u00e7\u00f5es<\/h3>\n<p>A\u00a0<strong>Ra\u00e7\u00e3o Vet Life Natural Diet Cat Struvite<\/strong> \u00e9 contraindicado para filhotes, gatas em gesta\u00e7\u00e3o ou lacta\u00e7\u00e3o e gatos com acidose metab\u00f3lica.<\/p>","protected":false},"excerpt":{"rendered":"<p>Ra\u00e7\u00e3o \u00damida Para Gato C\u00e1lculos Urin\u00e1rios Vet Life A\u00a0Ra\u00e7\u00e3o \u00damida Para Gato C\u00e1lculos Urin\u00e1rios Vet Life\u00a0\u00e9 um alimento coadjuvante para gatos adultos com dist\u00farbios urin\u00e1rios provocados pela forma\u00e7\u00e3o de c\u00e1lculos \u00e0 base de estruvita. Sendo indicada para gatos com tend\u00eancia a forma\u00e7\u00e3o de c\u00e1lculo de estruvita e cont\u00e9m antioxidantes naturais. Al\u00e9m disso, o\u00a0Sach\u00ea Vet Life [&hellip;]<\/p>\n","protected":false},"featured_media":1410789128,"comment_status":"open","ping_status":"closed","template":"","meta":{"googlesitekit_rrm_CAow0N7NCw:productID":"","content-type":"","pmpro_default_level":"","_themeisle_gutenberg_block_has_review":false},"product_brand":[392],"product_cat":[256],"product_tag":[],"class_list":{"0":"post-1410789129","1":"product","2":"type-product","3":"status-publish","4":"has-post-thumbnail","6":"product_brand-farmina","7":"product_cat-racoes","8":"pmpro-has-access","10":"first","11":"instock","12":"taxable","13":"shipping-taxable","14":"purchasable","15":"product-type-simple"},"_links":{"self":[{"href":"https:\/\/dinhosreef.com\/en\/wp-json\/wp\/v2\/product\/1410789129","targetHints":{"allow":["GET"]}}],"collection":[{"href":"https:\/\/dinhosreef.com\/en\/wp-json\/wp\/v2\/product"}],"about":[{"href":"https:\/\/dinhosreef.com\/en\/wp-json\/wp\/v2\/types\/product"}],"replies":[{"embeddable":true,"href":"https:\/\/dinhosreef.com\/en\/wp-json\/wp\/v2\/comments?post=1410789129"}],"wp:featuredmedia":[{"embeddable":true,"href":"https:\/\/dinhosreef.com\/en\/wp-json\/wp\/v2\/media\/1410789128"}],"wp:attachment":[{"href":"https:\/\/dinhosreef.com\/en\/wp-json\/wp\/v2\/media?parent=1410789129"}],"wp:term":[{"taxonomy":"product_brand","embeddable":true,"href":"https:\/\/dinhosreef.com\/en\/wp-json\/wp\/v2\/product_brand?post=1410789129"},{"taxonomy":"product_cat","embeddable":true,"href":"https:\/\/dinhosreef.com\/en\/wp-json\/wp\/v2\/product_cat?post=1410789129"},{"taxonomy":"product_tag","embeddable":true,"href":"https:\/\/dinhosreef.com\/en\/wp-json\/wp\/v2\/product_tag?post=1410789129"}],"curies":[{"name":"wp","href":"https:\/\/api.w.org\/{rel}","templated":true}]}}