{"id":1410789131,"date":"2026-02-22T14:21:28","date_gmt":"2026-02-22T17:21:28","guid":{"rendered":"https:\/\/dinhosreef.com\/produto\/racao-umida-vet-life-caes-ad-struvite-calculos-urinario-300g\/"},"modified":"2026-04-23T22:01:34","modified_gmt":"2026-04-24T01:01:34","slug":"racao-umida-vet-life-caes-ad-struvite-calculos-urinario-300g","status":"publish","type":"product","link":"https:\/\/dinhosreef.com\/en\/product\/racao-umida-vet-life-caes-ad-struvite-calculos-urinario-300g\/","title":{"rendered":"RA\u00c7\u00c3O \u00daMIDA VET LIFE C\u00c3ES AD STRUVITE C\u00c1LCULOS URIN\u00c1RIO 300G"},"content":{"rendered":"<p><strong>Ra\u00e7\u00e3o \u00damida Vet Life C\u00e3es C\u00e1lculos Urin\u00e1rios<\/strong><\/p>\n<p>A\u00a0<strong>Ra\u00e7\u00e3o \u00damida Vet Life C\u00e3es C\u00e1lculos Urin\u00e1rios<\/strong>\u00a0\u00e9 um alimento coadjuvante \u00famido, desenvolvida para ajudar no tratamento de c\u00e3es com problemas urin\u00e1rios, como a forma\u00e7\u00e3o de c\u00e1lculos \u00e0 base de estruvita.<\/p>\n<p>Fonte de prote\u00ednas de alta qualidade e ingredientes selecionados, o\u00a0<strong>Sach\u00ea Vet Life Struvite<\/strong> conta na sua f\u00f3rmula com \u00f4mega 3 e zinco, importantes para diversos cuidados. Al\u00e9m disso ajuda na alimenta\u00e7\u00e3o e tratamento de c\u00e3es com algum n\u00edvel de intoler\u00e2ncia alimentar garantindo que o cachorro tenha todas as vitaminas necess\u00e1rias para um bom desenvolvimento.<\/p>\n<p>Na DINHOS REEF voc\u00ea encontra a maior variedade de alimentos para seu pet como a\u00a0<strong>Ra\u00e7\u00e3o \u00damida Vet Life C\u00e3es C\u00e1lculos Urin\u00e1rios com pre\u00e7o<\/strong> especial. Compre pelo site, app ou em uma de nossas lojas.<\/p>","protected":false},"excerpt":{"rendered":"<p>Ra\u00e7\u00e3o \u00damida Vet Life C\u00e3es C\u00e1lculos Urin\u00e1rios A\u00a0Ra\u00e7\u00e3o \u00damida Vet Life C\u00e3es C\u00e1lculos Urin\u00e1rios\u00a0\u00e9 um alimento coadjuvante \u00famido, desenvolvida para ajudar no tratamento de c\u00e3es com problemas urin\u00e1rios, como a forma\u00e7\u00e3o de c\u00e1lculos \u00e0 base de estruvita. Fonte de prote\u00ednas de alta qualidade e ingredientes selecionados, o\u00a0Sach\u00ea Vet Life Struvite conta na sua f\u00f3rmula com [&hellip;]<\/p>\n","protected":false},"featured_media":1410789130,"comment_status":"open","ping_status":"closed","template":"","meta":{"googlesitekit_rrm_CAow0N7NCw:productID":"","content-type":"","pmpro_default_level":"","_themeisle_gutenberg_block_has_review":false},"product_brand":[392],"product_cat":[259],"product_tag":[],"class_list":{"0":"post-1410789131","1":"product","2":"type-product","3":"status-publish","4":"has-post-thumbnail","6":"product_brand-farmina","7":"product_cat-racoes-alimento-petisco-e-suplemento-caes","8":"pmpro-has-access","10":"first","11":"instock","12":"taxable","13":"shipping-taxable","14":"purchasable","15":"product-type-simple"},"_links":{"self":[{"href":"https:\/\/dinhosreef.com\/en\/wp-json\/wp\/v2\/product\/1410789131","targetHints":{"allow":["GET"]}}],"collection":[{"href":"https:\/\/dinhosreef.com\/en\/wp-json\/wp\/v2\/product"}],"about":[{"href":"https:\/\/dinhosreef.com\/en\/wp-json\/wp\/v2\/types\/product"}],"replies":[{"embeddable":true,"href":"https:\/\/dinhosreef.com\/en\/wp-json\/wp\/v2\/comments?post=1410789131"}],"wp:featuredmedia":[{"embeddable":true,"href":"https:\/\/dinhosreef.com\/en\/wp-json\/wp\/v2\/media\/1410789130"}],"wp:attachment":[{"href":"https:\/\/dinhosreef.com\/en\/wp-json\/wp\/v2\/media?parent=1410789131"}],"wp:term":[{"taxonomy":"product_brand","embeddable":true,"href":"https:\/\/dinhosreef.com\/en\/wp-json\/wp\/v2\/product_brand?post=1410789131"},{"taxonomy":"product_cat","embeddable":true,"href":"https:\/\/dinhosreef.com\/en\/wp-json\/wp\/v2\/product_cat?post=1410789131"},{"taxonomy":"product_tag","embeddable":true,"href":"https:\/\/dinhosreef.com\/en\/wp-json\/wp\/v2\/product_tag?post=1410789131"}],"curies":[{"name":"wp","href":"https:\/\/api.w.org\/{rel}","templated":true}]}}