{"id":1410789133,"date":"2026-02-22T14:21:32","date_gmt":"2026-02-22T17:21:32","guid":{"rendered":"https:\/\/dinhosreef.com\/produto\/racao-umida-nd-ocean-atum-sardinha-e-camarao-p-gatos-ad-70g\/"},"modified":"2026-03-24T09:43:39","modified_gmt":"2026-03-24T12:43:39","slug":"racao-umida-nd-ocean-atum-sardinha-e-camarao-p-gatos-ad-70g","status":"publish","type":"product","link":"https:\/\/dinhosreef.com\/en\/product\/racao-umida-nd-ocean-atum-sardinha-e-camarao-p-gatos-ad-70g\/","title":{"rendered":"RA\u00c7\u00c3O \u00daMIDA ND OCEAN ATUM SARDINHA E CAMAR\u00c3O P\/ GATOS AD 70G"},"content":{"rendered":"<div class=\"intro\">\n<p>Alimento \u00famido completo e balanceado para gatos adultos.<\/p>\n<p><strong><span class=\"titoletto\">Benef\u00edcios<\/span><\/strong><\/p>\n<p class=\"comp\">Processamento M\u00ednimo: Cozido a vapor com processamento m\u00ednimo para preservar as propriedades naturais, como sabor, aroma e textura\u200b.<\/p>\n<p>100% Livre de Ingredientes Geneticamente Modificados: Garantia de uma nutri\u00e7\u00e3o natural e de alta qualidade<\/p>\n<p>Prote\u00ednas Marinhas de Alta Qualidade: Feita com peixes de alt\u00edssima qualidade, como bacalhau e camar\u00e3o, ricos em \u00f4mega-3, para promover uma pele saud\u00e1vel e uma pelagem brilhante.<\/p>\n<p>Sem corantes ou aromas artificiais: Conserva\u00e7\u00e3o com ingredientes naturais, mantendo a qualidade do produto.<\/p>\n<div id=\"content-top\" class=\"sk-eshop-prodotto nv-eshop\">\n<div class=\"container\">\n<div class=\"content-box\">\n<div class=\"box\">\n<div class=\"column\">\n<div class=\"composizione\">\n<p class=\"comp\">Suporte Personalizado: Acesse um plano nutricional gratuito e obtenha suporte direto com a Consultoria Nutricional Online Farmina ou pelo aplicativo Farmina Genius, garantindo um acompanhamento adequado para as necessidades do seu pet com 100% de Garantia de Satisfa\u00e7\u00e3o.<\/p>\n<\/p><\/div>\n<\/p><\/div>\n<\/p><\/div>\n<\/p><\/div>\n<\/p><\/div>\n<\/p><\/div>\n<div id=\"content-middle\">\n<div class=\"container\">\n<div class=\"box-middle\">\u00a0<\/div>\n<\/p><\/div>\n<\/p><\/div>\n<\/p><\/div>","protected":false},"excerpt":{"rendered":"<p>Alimento \u00famido completo e balanceado para gatos adultos. Benef\u00edcios Processamento M\u00ednimo: Cozido a vapor com processamento m\u00ednimo para preservar as propriedades naturais, como sabor, aroma e textura\u200b. 100% Livre de Ingredientes Geneticamente Modificados: Garantia de uma nutri\u00e7\u00e3o natural e de alta qualidade Prote\u00ednas Marinhas de Alta Qualidade: Feita com peixes de alt\u00edssima qualidade, como bacalhau [&hellip;]<\/p>\n","protected":false},"featured_media":1410789132,"comment_status":"open","ping_status":"closed","template":"","meta":{"googlesitekit_rrm_CAow0N7NCw:productID":"","content-type":"","pmpro_default_level":"","_themeisle_gutenberg_block_has_review":false},"product_brand":[392],"product_cat":[256],"product_tag":[],"class_list":{"0":"post-1410789133","1":"product","2":"type-product","3":"status-publish","4":"has-post-thumbnail","6":"product_brand-farmina","7":"product_cat-racoes","8":"pmpro-has-access","10":"first","11":"outofstock","12":"taxable","13":"shipping-taxable","14":"purchasable","15":"product-type-simple"},"_links":{"self":[{"href":"https:\/\/dinhosreef.com\/en\/wp-json\/wp\/v2\/product\/1410789133","targetHints":{"allow":["GET"]}}],"collection":[{"href":"https:\/\/dinhosreef.com\/en\/wp-json\/wp\/v2\/product"}],"about":[{"href":"https:\/\/dinhosreef.com\/en\/wp-json\/wp\/v2\/types\/product"}],"replies":[{"embeddable":true,"href":"https:\/\/dinhosreef.com\/en\/wp-json\/wp\/v2\/comments?post=1410789133"}],"wp:featuredmedia":[{"embeddable":true,"href":"https:\/\/dinhosreef.com\/en\/wp-json\/wp\/v2\/media\/1410789132"}],"wp:attachment":[{"href":"https:\/\/dinhosreef.com\/en\/wp-json\/wp\/v2\/media?parent=1410789133"}],"wp:term":[{"taxonomy":"product_brand","embeddable":true,"href":"https:\/\/dinhosreef.com\/en\/wp-json\/wp\/v2\/product_brand?post=1410789133"},{"taxonomy":"product_cat","embeddable":true,"href":"https:\/\/dinhosreef.com\/en\/wp-json\/wp\/v2\/product_cat?post=1410789133"},{"taxonomy":"product_tag","embeddable":true,"href":"https:\/\/dinhosreef.com\/en\/wp-json\/wp\/v2\/product_tag?post=1410789133"}],"curies":[{"name":"wp","href":"https:\/\/api.w.org\/{rel}","templated":true}]}}