{"id":1410789135,"date":"2026-02-22T14:21:36","date_gmt":"2026-02-22T17:21:36","guid":{"rendered":"https:\/\/dinhosreef.com\/produto\/racao-umida-nd-pumpkin-frango-para-caes-adultos-140g\/"},"modified":"2026-02-22T14:27:01","modified_gmt":"2026-02-22T17:27:01","slug":"racao-umida-nd-pumpkin-frango-para-caes-adultos-140g","status":"publish","type":"product","link":"https:\/\/dinhosreef.com\/en\/product\/racao-umida-nd-pumpkin-frango-para-caes-adultos-140g\/","title":{"rendered":"RA\u00c7\u00c3O \u00daMIDA ND PUMPKIN FRANGO PARA C\u00c3ES ADULTOS 140G"},"content":{"rendered":"<p><strong><span class=\"titoletto\">Benef\u00edcios<\/span><\/strong><\/p>\n<p class=\"comp\">Processamento M\u00ednimo: Cozido a vapor com processamento m\u00ednimo para preservar as propriedades naturais, como sabor, aroma e textura\u200b.<\/p>\n<p>100% Livre de Ingredientes Geneticamente Modificados: Garantia de uma nutri\u00e7\u00e3o natural e de alta qualidade<\/p>\n<p>Prote\u00ednas de Alta Qualidade com Ab\u00f3bora: Feita com prote\u00ednas de excelente qualidade, como cordeiro e frango, combinadas com ab\u00f3bora, que \u00e9 rica em fibras, promovendo a digest\u00e3o saud\u00e1vel\u200b.<\/p>\n<p>Sem corantes ou aromas artificiais: Conserva\u00e7\u00e3o com ingredientes naturais, mantendo a qualidade do produto.<\/p>\n<p>Suporte Personalizado: Acesse um plano nutricional gratuito e obtenha suporte direto com a Consultoria Nutricional Online Farmina ou pelo aplicativo Farmina Genius, garantindo um acompanhamento adequado para as necessidades do seu pet com 100% de Garantia de Satisfa\u00e7\u00e3o.<\/p>","protected":false},"excerpt":{"rendered":"<p>Benef\u00edcios Processamento M\u00ednimo: Cozido a vapor com processamento m\u00ednimo para preservar as propriedades naturais, como sabor, aroma e textura\u200b. 100% Livre de Ingredientes Geneticamente Modificados: Garantia de uma nutri\u00e7\u00e3o natural e de alta qualidade Prote\u00ednas de Alta Qualidade com Ab\u00f3bora: Feita com prote\u00ednas de excelente qualidade, como cordeiro e frango, combinadas com ab\u00f3bora, que \u00e9 [&hellip;]<\/p>\n","protected":false},"featured_media":1410789134,"comment_status":"open","ping_status":"closed","template":"","meta":{"googlesitekit_rrm_CAow0N7NCw:productID":"","content-type":"","pmpro_default_level":"","_themeisle_gutenberg_block_has_review":false},"product_brand":[392],"product_cat":[259],"product_tag":[],"class_list":{"0":"post-1410789135","1":"product","2":"type-product","3":"status-publish","4":"has-post-thumbnail","6":"product_brand-farmina","7":"product_cat-racoes-alimento-petisco-e-suplemento-caes","8":"pmpro-has-access","10":"first","11":"outofstock","12":"taxable","13":"shipping-taxable","14":"purchasable","15":"product-type-simple"},"_links":{"self":[{"href":"https:\/\/dinhosreef.com\/en\/wp-json\/wp\/v2\/product\/1410789135","targetHints":{"allow":["GET"]}}],"collection":[{"href":"https:\/\/dinhosreef.com\/en\/wp-json\/wp\/v2\/product"}],"about":[{"href":"https:\/\/dinhosreef.com\/en\/wp-json\/wp\/v2\/types\/product"}],"replies":[{"embeddable":true,"href":"https:\/\/dinhosreef.com\/en\/wp-json\/wp\/v2\/comments?post=1410789135"}],"wp:featuredmedia":[{"embeddable":true,"href":"https:\/\/dinhosreef.com\/en\/wp-json\/wp\/v2\/media\/1410789134"}],"wp:attachment":[{"href":"https:\/\/dinhosreef.com\/en\/wp-json\/wp\/v2\/media?parent=1410789135"}],"wp:term":[{"taxonomy":"product_brand","embeddable":true,"href":"https:\/\/dinhosreef.com\/en\/wp-json\/wp\/v2\/product_brand?post=1410789135"},{"taxonomy":"product_cat","embeddable":true,"href":"https:\/\/dinhosreef.com\/en\/wp-json\/wp\/v2\/product_cat?post=1410789135"},{"taxonomy":"product_tag","embeddable":true,"href":"https:\/\/dinhosreef.com\/en\/wp-json\/wp\/v2\/product_tag?post=1410789135"}],"curies":[{"name":"wp","href":"https:\/\/api.w.org\/{rel}","templated":true}]}}