{"id":1410789137,"date":"2026-02-22T14:21:40","date_gmt":"2026-02-22T17:21:40","guid":{"rendered":"https:\/\/dinhosreef.com\/produto\/racao-umida-nd-prime-javali-para-caes-adultos-140g\/"},"modified":"2026-02-22T14:26:55","modified_gmt":"2026-02-22T17:26:55","slug":"racao-umida-nd-prime-javali-para-caes-adultos-140g","status":"publish","type":"product","link":"https:\/\/dinhosreef.com\/en\/product\/racao-umida-nd-prime-javali-para-caes-adultos-140g\/","title":{"rendered":"RA\u00c7\u00c3O \u00daMIDA ND PRIME JAVALI PARA C\u00c3ES ADULTOS 140G"},"content":{"rendered":"<h2>Ra\u00e7\u00e3o \u00damida N&amp;D Prime C\u00e3es Javali e Ma\u00e7\u00e3<\/h2>\n<p><strong>Ra\u00e7\u00e3o \u00damida N&amp;D Prime C\u00e3es<\/strong>\u00a0\u00e9 um alimento completo e balanceado ideal para c\u00e3es com sensibilidade digestiva. Fabricada com ingredientes frescos, possui mais sabor e vitaminas, sem adi\u00e7\u00e3o de conservantes.<\/p>\n<p>A\u00a0<strong>Ra\u00e7\u00e3o N&amp;D Prime<\/strong> possui baixo \u00edndice glic\u00eamico por ser feita sem cereais, liberando gradativamente a energia que os c\u00e3es precisam ao longo do dia.<\/p>\n<h3>Ingredientes<\/h3>\n<p>Carne de javali (m\u00edn. 45%), carne de arenque, batata doce, ovo em p\u00f3, \u00f3leo de peixe, ma\u00e7\u00e3 (m\u00edn. 2%), aditivo prebi\u00f3tico (FOS), cloreto de colina, sulfato de condroitina, hidrocloreto de glicosamina, Vitaminas (A, D3, E), quelato zinco-metionina hidroxi analoga, quelato mangan\u00eas-metionina hidroxi analoga, ferro aminoacido quelato, quelato cobre-metionina hidroxi analoga, levedura enriquecida com sel\u00eanio, DL-metionina, taurina, L-Carnitina.<\/p>","protected":false},"excerpt":{"rendered":"<p>Ra\u00e7\u00e3o \u00damida N&amp;D Prime C\u00e3es Javali e Ma\u00e7\u00e3 Ra\u00e7\u00e3o \u00damida N&amp;D Prime C\u00e3es\u00a0\u00e9 um alimento completo e balanceado ideal para c\u00e3es com sensibilidade digestiva. Fabricada com ingredientes frescos, possui mais sabor e vitaminas, sem adi\u00e7\u00e3o de conservantes. A\u00a0Ra\u00e7\u00e3o N&amp;D Prime possui baixo \u00edndice glic\u00eamico por ser feita sem cereais, liberando gradativamente a energia que os [&hellip;]<\/p>\n","protected":false},"featured_media":1410789136,"comment_status":"open","ping_status":"closed","template":"","meta":{"googlesitekit_rrm_CAow0N7NCw:productID":"","content-type":"","pmpro_default_level":"","_themeisle_gutenberg_block_has_review":false},"product_brand":[392],"product_cat":[259],"product_tag":[],"class_list":{"0":"post-1410789137","1":"product","2":"type-product","3":"status-publish","4":"has-post-thumbnail","6":"product_brand-farmina","7":"product_cat-racoes-alimento-petisco-e-suplemento-caes","8":"pmpro-has-access","10":"first","11":"instock","12":"taxable","13":"shipping-taxable","14":"purchasable","15":"product-type-simple"},"_links":{"self":[{"href":"https:\/\/dinhosreef.com\/en\/wp-json\/wp\/v2\/product\/1410789137","targetHints":{"allow":["GET"]}}],"collection":[{"href":"https:\/\/dinhosreef.com\/en\/wp-json\/wp\/v2\/product"}],"about":[{"href":"https:\/\/dinhosreef.com\/en\/wp-json\/wp\/v2\/types\/product"}],"replies":[{"embeddable":true,"href":"https:\/\/dinhosreef.com\/en\/wp-json\/wp\/v2\/comments?post=1410789137"}],"wp:featuredmedia":[{"embeddable":true,"href":"https:\/\/dinhosreef.com\/en\/wp-json\/wp\/v2\/media\/1410789136"}],"wp:attachment":[{"href":"https:\/\/dinhosreef.com\/en\/wp-json\/wp\/v2\/media?parent=1410789137"}],"wp:term":[{"taxonomy":"product_brand","embeddable":true,"href":"https:\/\/dinhosreef.com\/en\/wp-json\/wp\/v2\/product_brand?post=1410789137"},{"taxonomy":"product_cat","embeddable":true,"href":"https:\/\/dinhosreef.com\/en\/wp-json\/wp\/v2\/product_cat?post=1410789137"},{"taxonomy":"product_tag","embeddable":true,"href":"https:\/\/dinhosreef.com\/en\/wp-json\/wp\/v2\/product_tag?post=1410789137"}],"curies":[{"name":"wp","href":"https:\/\/api.w.org\/{rel}","templated":true}]}}