{"id":1410789141,"date":"2026-02-22T14:21:48","date_gmt":"2026-02-22T17:21:48","guid":{"rendered":"https:\/\/dinhosreef.com\/produto\/racao-nd-ancestral-frango-para-gatos-adultos-400g\/"},"modified":"2026-03-25T11:49:57","modified_gmt":"2026-03-25T14:49:57","slug":"racao-nd-ancestral-frango-para-gatos-adultos-400g","status":"publish","type":"product","link":"https:\/\/dinhosreef.com\/en\/product\/racao-nd-ancestral-frango-para-gatos-adultos-400g\/","title":{"rendered":"RA\u00c7\u00c3O ND ANCESTRAL FRANGO PARA GATOS ADULTOS 400G"},"content":{"rendered":"<h2>Ra\u00e7\u00e3o N&amp;D Ancestral Grain Gatos Adultos Frango e Rom\u00e3<\/h2>\n<p>Feita com ingredientes selecionados, a\u00a0<strong>Ra\u00e7\u00e3o N&amp;D Ancestral Grain Gatos Adultos Frango e Rom\u00e3<\/strong>\u00a0\u00e9 o alimento ideal para gatos adultos. Livre de conservantes artificiais e transg\u00eanicos, ela entrega ao felino uma alimenta\u00e7\u00e3o com alt\u00edssimo valor biol\u00f3gico.<\/p>\n<p>A\u00a0<strong>Ra\u00e7\u00e3o N&amp;D Ancestral Grain Gatos Adultos<\/strong> possui glicosamina e condroitina, o que fortalece os ossos e articula\u00e7\u00f5es aumentando sua longevidade. Tamb\u00e9m \u00e9 rica em prote\u00ednas, gr\u00e3os e fibras, preservando a massa magra do gato, o que lhe deixa mais fortalecido e resistente, al\u00e9m de reduzir o odor das fezes do animal.<\/p>\n<h3>Composi\u00e7\u00e3o B\u00e1sica<\/h3>\n<p>Carne de frango (mecanicamente separada), farinha de v\u00edsceras de aves (m\u00edn. 10%), ovo em p\u00f3, farinha de peixe, farinha de torresmo, gr\u00e3os de sorgo, aveia (m\u00edn. 0,5%), cevada em gr\u00e3os (m\u00edn. 0,5%), \u00f3leo de frango, \u00f3leo de peixe, polpa de beterraba, casca de ervilha, alfafa desidratada, lignocelulose, semente de psyllium, levedura seca de cervejaria, cenoura desidratada, espinafre desidratado, laranja desidratada, ma\u00e7\u00e3 desidratada, extrato de mirtilo (blueberry), extrato de rom\u00e3 (m\u00edn. 0,08%), extrato de ch\u00e1 verde, extrato de aloe vera, c\u00farcuma em p\u00f3, beta caroteno, aditivos prebi\u00f3ticos (FOS e MOS), DL-metionina, taurina, L-carnitina, sulfato de condroitina, sulfato de glicosamina, aditivos adsorventes (extrato de yucca e zeolita), hidrolisado de f\u00edgado de aves e su\u00ednos, vitaminas (retinol (A), colecalciferol (D3), acetato de DL-alfa-tocoferol (E), tiamina (B1), riboflavina (B2), cloridrato de piridoxina (B6), cianocobalamina (B12), \u00e1cido asc\u00f3rbico monofosfato (C), biotina, niacina, \u00e1cido pantot\u00eanico, \u00e1cido f\u00f3lico, cloreto de colina), fosfato bic\u00e1lcico, \u00e1cido fosf\u00f3rico, carbonato de c\u00e1lcio, cloreto de pot\u00e1ssio, ferro amino\u00e1cido quelato, cobre amino\u00e1cido quelato, zinco amino\u00e1cido quelato, mangan\u00eas amino\u00e1cido quelato, proteinato de sel\u00eanio, iodato de c\u00e1lcio, propionato de c\u00e1lcio, concentrado de tocofer\u00f3is.<\/p>","protected":false},"excerpt":{"rendered":"<p>Ra\u00e7\u00e3o N&amp;D Ancestral Grain Gatos Adultos Frango e Rom\u00e3 Feita com ingredientes selecionados, a\u00a0Ra\u00e7\u00e3o N&amp;D Ancestral Grain Gatos Adultos Frango e Rom\u00e3\u00a0\u00e9 o alimento ideal para gatos adultos. Livre de conservantes artificiais e transg\u00eanicos, ela entrega ao felino uma alimenta\u00e7\u00e3o com alt\u00edssimo valor biol\u00f3gico. A\u00a0Ra\u00e7\u00e3o N&amp;D Ancestral Grain Gatos Adultos possui glicosamina e condroitina, o [&hellip;]<\/p>\n","protected":false},"featured_media":1410789140,"comment_status":"open","ping_status":"closed","template":"","meta":{"googlesitekit_rrm_CAow0N7NCw:productID":"","content-type":"","pmpro_default_level":"","_themeisle_gutenberg_block_has_review":false},"product_brand":[392],"product_cat":[256],"product_tag":[],"class_list":{"0":"post-1410789141","1":"product","2":"type-product","3":"status-publish","4":"has-post-thumbnail","6":"product_brand-farmina","7":"product_cat-racoes","8":"pmpro-has-access","10":"first","11":"outofstock","12":"taxable","13":"shipping-taxable","14":"purchasable","15":"product-type-simple"},"_links":{"self":[{"href":"https:\/\/dinhosreef.com\/en\/wp-json\/wp\/v2\/product\/1410789141","targetHints":{"allow":["GET"]}}],"collection":[{"href":"https:\/\/dinhosreef.com\/en\/wp-json\/wp\/v2\/product"}],"about":[{"href":"https:\/\/dinhosreef.com\/en\/wp-json\/wp\/v2\/types\/product"}],"replies":[{"embeddable":true,"href":"https:\/\/dinhosreef.com\/en\/wp-json\/wp\/v2\/comments?post=1410789141"}],"wp:featuredmedia":[{"embeddable":true,"href":"https:\/\/dinhosreef.com\/en\/wp-json\/wp\/v2\/media\/1410789140"}],"wp:attachment":[{"href":"https:\/\/dinhosreef.com\/en\/wp-json\/wp\/v2\/media?parent=1410789141"}],"wp:term":[{"taxonomy":"product_brand","embeddable":true,"href":"https:\/\/dinhosreef.com\/en\/wp-json\/wp\/v2\/product_brand?post=1410789141"},{"taxonomy":"product_cat","embeddable":true,"href":"https:\/\/dinhosreef.com\/en\/wp-json\/wp\/v2\/product_cat?post=1410789141"},{"taxonomy":"product_tag","embeddable":true,"href":"https:\/\/dinhosreef.com\/en\/wp-json\/wp\/v2\/product_tag?post=1410789141"}],"curies":[{"name":"wp","href":"https:\/\/api.w.org\/{rel}","templated":true}]}}