{"id":1410789153,"date":"2026-02-22T14:22:12","date_gmt":"2026-02-22T17:22:12","guid":{"rendered":"https:\/\/dinhosreef.com\/produto\/racao-nd-quinoa-caes-adultos-skin-pato-800g\/"},"modified":"2026-02-22T14:26:06","modified_gmt":"2026-02-22T17:26:06","slug":"racao-nd-quinoa-caes-adultos-skin-pato-800g","status":"publish","type":"product","link":"https:\/\/dinhosreef.com\/en\/product\/racao-nd-quinoa-caes-adultos-skin-pato-800g\/","title":{"rendered":"RA\u00c7\u00c3O ND QUINOA C\u00c3ES ADULTOS SKIN PATO 800G"},"content":{"rendered":"<h2>Ra\u00e7\u00e3o N&amp;D Quinoa C\u00e3es Adultos Skin &amp; Coat Pato<\/h2>\n<p>A\u00a0<strong>Ra\u00e7\u00e3o N&amp;D Quinoa C\u00e3es Adultos Skin &amp; Coat Pato<\/strong>\u00a0\u00e9 uma ra\u00e7\u00e3o completa e balanceada feita especialmente para animais com necessidades nutricionais espec\u00edficas, ideal para c\u00e3es adultos com pele sens\u00edvel. Feita pela Farmina,\u00a0<strong>N&amp;D Quinoa<\/strong>\u00a0\u00e9 uma linha de alimentos funcionais para auxiliar no bem-estar dos pets.<\/p>\n<p>Feita sem cereais, n\u00e3o cont\u00e9m transg\u00eanicos, sem corantes ou conservantes artificiais, a\u00a0<strong>Ra\u00e7\u00e3o N&amp;D Quinoa Skin e Coat Pato<\/strong>\u00a0cont\u00e9m quinoa em sua composi\u00e7\u00e3o, com propriedades nutricionais que favorecem a digest\u00e3o, a absor\u00e7\u00e3o de nutrientes e a sa\u00fade intestinal.<\/p>\n<p>Com ingredientes de alta qualidade, possui pato, quinoa, coco e c\u00farcuma, tamb\u00e9m \u00e9 rica em \u00f4mega-3 que tem efeito anti-inflamat\u00f3rio, al\u00e9m de vitaminas essenciais para cuidar da sa\u00fade do seu c\u00e3o.<\/p>\n<h3>Tamanho do gr\u00e3o<\/h3>\n<p>Di\u00e2metro 15-17mm x Espessura 8-10mm<\/p>\n<h3>Ingredientes<\/h3>\n<p>Carne de pato (mecanicamente separada), farinha de v\u00edsceras de aves (pato e frango) (m\u00edn. 10%), gr\u00e3o de quinoa (m\u00edn. 5%), amido de batata, amido de mandioca, \u00f3leo de frango, \u00f3leo de peixe, semente de psyllium, semente de linha\u00e7a, levedura seca de cervejaria, coco desidratado (m\u00edn. 0,15%), c\u00farcuma em p\u00f3 (m\u00edn. 0,15%), extrato de ch\u00e1 verde, extrato de aloe vera, beta caroteno, aditivos prebi\u00f3ticos (FOS e MOS), DL-metionina, taurina, L-carnitina, sulfato de condroitina, sulfato de glicosamina, aditivo adsorvente (zeolita), hidrolisado de f\u00edgado de aves e su\u00ednos, vitaminas (retinol (A), colecalciferol (D3), acetato de DL-alfa-tocoferol (E), tiamina (B1), riboflavina (B2), cloridrato de piridoxina (B6), cianocobalamina (B12), \u00e1cido asc\u00f3rbico monofosfato (C), biotina, niacina, \u00e1cido pantot\u00eanico, \u00e1cido f\u00f3lico, cloreto de colina), cloreto de pot\u00e1ssio, carbonato de c\u00e1lcio, fosfato bic\u00e1lcico, sulfato de c\u00e1lcio dihidratado, ferro amino\u00e1cido quelato, cobre amino\u00e1cido quelato, zinco amino\u00e1cido quelato, mangan\u00eas amino\u00e1cido quelato, proteinato de sel\u00eanio, iodato de c\u00e1lcio, propionato de c\u00e1lcio, mono e diglicer\u00eddeos de \u00e1cidos graxos, concentrado de tocofer\u00f3is. Eventual substitutivo: prote\u00edna hidrolisada de frango.<\/p>","protected":false},"excerpt":{"rendered":"<p>Ra\u00e7\u00e3o N&amp;D Quinoa C\u00e3es Adultos Skin &amp; Coat Pato A\u00a0Ra\u00e7\u00e3o N&amp;D Quinoa C\u00e3es Adultos Skin &amp; Coat Pato\u00a0\u00e9 uma ra\u00e7\u00e3o completa e balanceada feita especialmente para animais com necessidades nutricionais espec\u00edficas, ideal para c\u00e3es adultos com pele sens\u00edvel. Feita pela Farmina,\u00a0N&amp;D Quinoa\u00a0\u00e9 uma linha de alimentos funcionais para auxiliar no bem-estar dos pets. Feita sem [&hellip;]<\/p>\n","protected":false},"featured_media":1410789152,"comment_status":"open","ping_status":"closed","template":"","meta":{"googlesitekit_rrm_CAow0N7NCw:productID":"","content-type":"","pmpro_default_level":"","_themeisle_gutenberg_block_has_review":false},"product_brand":[392],"product_cat":[259],"product_tag":[],"class_list":{"0":"post-1410789153","1":"product","2":"type-product","3":"status-publish","4":"has-post-thumbnail","6":"product_brand-farmina","7":"product_cat-racoes-alimento-petisco-e-suplemento-caes","8":"pmpro-has-access","10":"first","11":"instock","12":"taxable","13":"shipping-taxable","14":"purchasable","15":"product-type-simple"},"_links":{"self":[{"href":"https:\/\/dinhosreef.com\/en\/wp-json\/wp\/v2\/product\/1410789153","targetHints":{"allow":["GET"]}}],"collection":[{"href":"https:\/\/dinhosreef.com\/en\/wp-json\/wp\/v2\/product"}],"about":[{"href":"https:\/\/dinhosreef.com\/en\/wp-json\/wp\/v2\/types\/product"}],"replies":[{"embeddable":true,"href":"https:\/\/dinhosreef.com\/en\/wp-json\/wp\/v2\/comments?post=1410789153"}],"wp:featuredmedia":[{"embeddable":true,"href":"https:\/\/dinhosreef.com\/en\/wp-json\/wp\/v2\/media\/1410789152"}],"wp:attachment":[{"href":"https:\/\/dinhosreef.com\/en\/wp-json\/wp\/v2\/media?parent=1410789153"}],"wp:term":[{"taxonomy":"product_brand","embeddable":true,"href":"https:\/\/dinhosreef.com\/en\/wp-json\/wp\/v2\/product_brand?post=1410789153"},{"taxonomy":"product_cat","embeddable":true,"href":"https:\/\/dinhosreef.com\/en\/wp-json\/wp\/v2\/product_cat?post=1410789153"},{"taxonomy":"product_tag","embeddable":true,"href":"https:\/\/dinhosreef.com\/en\/wp-json\/wp\/v2\/product_tag?post=1410789153"}],"curies":[{"name":"wp","href":"https:\/\/api.w.org\/{rel}","templated":true}]}}