{"id":1410789155,"date":"2026-02-22T14:22:16","date_gmt":"2026-02-22T17:22:16","guid":{"rendered":"https:\/\/dinhosreef.com\/produto\/racao-nd-pumpkin-tilapia-para-gatos-adultos-400g\/"},"modified":"2026-02-22T14:25:59","modified_gmt":"2026-02-22T17:25:59","slug":"racao-nd-pumpkin-tilapia-para-gatos-adultos-400g","status":"publish","type":"product","link":"https:\/\/dinhosreef.com\/en\/product\/racao-nd-pumpkin-tilapia-para-gatos-adultos-400g\/","title":{"rendered":"RA\u00c7\u00c3O ND PUMPKIN TIL\u00c1PIA PARA GATOS ADULTOS 400G"},"content":{"rendered":"<h2>Ra\u00e7\u00e3o N&amp;D Pumpkin Gatos Adultos Til\u00e1pia, Ab\u00f3bora e Laranja<\/h2>\n<p>Alimenta\u00e7\u00e3o completa e balanceada, a\u00a0<strong>Ra\u00e7\u00e3o N&amp;D Pumpkin Gatos Adultos Til\u00e1pia e Laranja<\/strong>\u00a0\u00e9 livre de cereais, sem transg\u00eanicos e apenas conservado naturalmente, n\u00e3o tem corantes ou conservantes artificiais, e possui baixa quantidade de carboidratos.<\/p>\n<p>A\u00a0<strong>Ra\u00e7\u00e3o N&amp;D Pumpkin Gatos Adultos<\/strong>\u00a0\u00e9 feita com ab\u00f3bora, legume com caracter\u00edsticas nutricionais excepcionais, rica em fibras sol\u00faveis, que promovem a regularidade intestinal, auxilia no combate aos radicais livres e tamb\u00e9m ajuda no suporte ao sistema cardiovascular, mantendo seu felino sempre saud\u00e1vel.<\/p>\n<p>Como gatos comem quase exclusivamente carne e n\u00e3o precisam de muitos carboidratos, a linha\u00a0<strong>N&amp;D Pumpkin<\/strong> foi desenvolvida sem cereais, com 96% das prote\u00ednas de origem animal e ab\u00f3bora, que \u00e9 rica em betacaroteno e antioxidantes naturais que contribuem para manter o sistema imunol\u00f3gico forte.<\/p>\n<h3>Tamanho do gr\u00e3o<\/h3>\n<p>Di\u00e2metro 8-10mm x Espessura 3-5mm<\/p>\n<h3>Ingredientes<\/h3>\n<p>Carne de til\u00e1pia (mecanicamente separada) (m\u00edn. 15%), farinha de peixe, ab\u00f3bora desidratada (m\u00edn. 2,5%), ovo desidratado, farinha de torresmo, farinha de v\u00edsceras de aves, amido de batata, amido de mandioca, \u00f3leo de peixe, \u00f3leo de frango, polpa de beterraba, casca de ervilha, alfafa desidratada, lignocelulose, semente de psyllium, levedura seca de cervejaria, cenoura desidratada, espinafre desidratado, laranja desidratada (m\u00edn. 0,075%), ma\u00e7\u00e3 desidratada, extrato de mirtilo (blueberry), extrato de rom\u00e3, extrato de ch\u00e1 verde, extrato de aloe vera, c\u00farcuma em p\u00f3, betacaroteno, aditivo prebi\u00f3ticos (FOS e MOS), DL-metionina, taurina, sulfato de condroitina, sulfato de glicosamina, aditivo adsorvente (extrato de yucca y zeolita), hidrolisado de f\u00edgado de aves e su\u00edno, vitaminas (A, D3, E, B1, B2, B6, B12, C, biotina, niacina, \u00e1cido pantot\u00eanico, \u00e1cido f\u00f3lico, cloreto de colina), cloreto de pot\u00e1ssio, \u00e1cido fosf\u00f3rico, ferro amino\u00e1cido quelato, cobre amino\u00e1cido quelato, zinco amino\u00e1cido quelato, mangan\u00eas amino\u00e1cido quelato, proteinato de sel\u00eanio, iodato de c\u00e1lcio, propionato de c\u00e1lcio, concentrado de tocofer\u00f3is.<br \/>Eventual substitutivo: prote\u00edna hidrolisada de peixe, prote\u00edna hidrolisada de frango.<\/p>","protected":false},"excerpt":{"rendered":"<p>Ra\u00e7\u00e3o N&amp;D Pumpkin Gatos Adultos Til\u00e1pia, Ab\u00f3bora e Laranja Alimenta\u00e7\u00e3o completa e balanceada, a\u00a0Ra\u00e7\u00e3o N&amp;D Pumpkin Gatos Adultos Til\u00e1pia e Laranja\u00a0\u00e9 livre de cereais, sem transg\u00eanicos e apenas conservado naturalmente, n\u00e3o tem corantes ou conservantes artificiais, e possui baixa quantidade de carboidratos. A\u00a0Ra\u00e7\u00e3o N&amp;D Pumpkin Gatos Adultos\u00a0\u00e9 feita com ab\u00f3bora, legume com caracter\u00edsticas nutricionais excepcionais, [&hellip;]<\/p>\n","protected":false},"featured_media":1410789154,"comment_status":"open","ping_status":"closed","template":"","meta":{"googlesitekit_rrm_CAow0N7NCw:productID":"","content-type":"","pmpro_default_level":"","_themeisle_gutenberg_block_has_review":false},"product_brand":[392],"product_cat":[256],"product_tag":[],"class_list":{"0":"post-1410789155","1":"product","2":"type-product","3":"status-publish","4":"has-post-thumbnail","6":"product_brand-farmina","7":"product_cat-racoes","8":"pmpro-has-access","10":"first","11":"instock","12":"taxable","13":"shipping-taxable","14":"purchasable","15":"product-type-simple"},"_links":{"self":[{"href":"https:\/\/dinhosreef.com\/en\/wp-json\/wp\/v2\/product\/1410789155","targetHints":{"allow":["GET"]}}],"collection":[{"href":"https:\/\/dinhosreef.com\/en\/wp-json\/wp\/v2\/product"}],"about":[{"href":"https:\/\/dinhosreef.com\/en\/wp-json\/wp\/v2\/types\/product"}],"replies":[{"embeddable":true,"href":"https:\/\/dinhosreef.com\/en\/wp-json\/wp\/v2\/comments?post=1410789155"}],"wp:featuredmedia":[{"embeddable":true,"href":"https:\/\/dinhosreef.com\/en\/wp-json\/wp\/v2\/media\/1410789154"}],"wp:attachment":[{"href":"https:\/\/dinhosreef.com\/en\/wp-json\/wp\/v2\/media?parent=1410789155"}],"wp:term":[{"taxonomy":"product_brand","embeddable":true,"href":"https:\/\/dinhosreef.com\/en\/wp-json\/wp\/v2\/product_brand?post=1410789155"},{"taxonomy":"product_cat","embeddable":true,"href":"https:\/\/dinhosreef.com\/en\/wp-json\/wp\/v2\/product_cat?post=1410789155"},{"taxonomy":"product_tag","embeddable":true,"href":"https:\/\/dinhosreef.com\/en\/wp-json\/wp\/v2\/product_tag?post=1410789155"}],"curies":[{"name":"wp","href":"https:\/\/api.w.org\/{rel}","templated":true}]}}