{"id":1410789256,"date":"2026-02-23T12:38:00","date_gmt":"2026-02-23T15:38:00","guid":{"rendered":"https:\/\/dinhosreef.com\/produto\/caixa-transporte-panther-n3-gold-porta-vermelha\/"},"modified":"2026-02-23T12:38:00","modified_gmt":"2026-02-23T15:38:00","slug":"caixa-transporte-panther-n3-gold-porta-vermelha","status":"publish","type":"product","link":"https:\/\/dinhosreef.com\/en\/product\/caixa-transporte-panther-n3-gold-porta-vermelha\/","title":{"rendered":"CAIXA TRANSPORTE PANTHER N3 (GOLD) PORTA VERMELHA"},"content":{"rendered":"<p>Caixa De Transporte Pet Panther gold n 3 VERMELHO\u00a0 S\/pote Refer\u00eancia nacional e internacional em qualidade, a Caixa de Transporte Panther \u00e9 a melhor op\u00e7\u00e3o para passeios e viagens. O material super-resistente aliado a tecnologia proporcionam maior seguran\u00e7a para os pets.<br \/>Possui sistema de travas duplas, passagem para cinto de seguran\u00e7a, aberturas para ventila\u00e7\u00e3o, parte inferior fechada para evitar vazamentos e espa\u00e7o para bebedouro interno. Bebedouro vendido separadamente.<br \/>\u2013 Passagem para cinto de seguran\u00e7a<br \/>\u2013 Sistema de travas duplas<br \/>\u2013 Bebedouro fixado na porta<br \/>\u2013 Aberturas superiores para ventila\u00e7\u00e3o<br \/>\u2013 Parte inferior fechada para evitar vazamentos<br \/>\u2013 F\u00e1cil montagem<br \/>Prezamos para que tenha uma excelente experi\u00eancia de compra. Por isso tenha certeza de que \u00e9 o produto que voc\u00ea precisa, evite devolu\u00e7\u00f5es e custos desnecess\u00e1rios.<\/p>","protected":false},"excerpt":{"rendered":"<p>Caixa De Transporte Pet Panther gold n 3 VERMELHO\u00a0 S\/pote Refer\u00eancia nacional e internacional em qualidade, a Caixa de Transporte Panther \u00e9 a melhor op\u00e7\u00e3o para passeios e viagens. O material super-resistente aliado a tecnologia proporcionam maior seguran\u00e7a para os pets.Possui sistema de travas duplas, passagem para cinto de seguran\u00e7a, aberturas para ventila\u00e7\u00e3o, parte inferior [&hellip;]<\/p>\n","protected":false},"featured_media":1410789255,"comment_status":"open","ping_status":"closed","template":"","meta":{"googlesitekit_rrm_CAow0N7NCw:productID":"","content-type":"","pmpro_default_level":"","_themeisle_gutenberg_block_has_review":false},"product_brand":[],"product_cat":[428],"product_tag":[],"class_list":{"0":"post-1410789256","1":"product","2":"type-product","3":"status-publish","4":"has-post-thumbnail","6":"product_cat-bolsas-e-transportadoras","7":"pmpro-has-access","9":"first","10":"instock","11":"taxable","12":"shipping-taxable","13":"purchasable","14":"product-type-simple"},"_links":{"self":[{"href":"https:\/\/dinhosreef.com\/en\/wp-json\/wp\/v2\/product\/1410789256","targetHints":{"allow":["GET"]}}],"collection":[{"href":"https:\/\/dinhosreef.com\/en\/wp-json\/wp\/v2\/product"}],"about":[{"href":"https:\/\/dinhosreef.com\/en\/wp-json\/wp\/v2\/types\/product"}],"replies":[{"embeddable":true,"href":"https:\/\/dinhosreef.com\/en\/wp-json\/wp\/v2\/comments?post=1410789256"}],"wp:featuredmedia":[{"embeddable":true,"href":"https:\/\/dinhosreef.com\/en\/wp-json\/wp\/v2\/media\/1410789255"}],"wp:attachment":[{"href":"https:\/\/dinhosreef.com\/en\/wp-json\/wp\/v2\/media?parent=1410789256"}],"wp:term":[{"taxonomy":"product_brand","embeddable":true,"href":"https:\/\/dinhosreef.com\/en\/wp-json\/wp\/v2\/product_brand?post=1410789256"},{"taxonomy":"product_cat","embeddable":true,"href":"https:\/\/dinhosreef.com\/en\/wp-json\/wp\/v2\/product_cat?post=1410789256"},{"taxonomy":"product_tag","embeddable":true,"href":"https:\/\/dinhosreef.com\/en\/wp-json\/wp\/v2\/product_tag?post=1410789256"}],"curies":[{"name":"wp","href":"https:\/\/api.w.org\/{rel}","templated":true}]}}